{"id":1002,"date":"2025-09-05T19:59:25","date_gmt":"2025-09-05T19:59:25","guid":{"rendered":"https:\/\/dashboard.dcelectronicapty.com\/?post_type=product&#038;p=1002"},"modified":"2025-09-05T20:08:18","modified_gmt":"2025-09-05T20:08:18","slug":"camara-bullet-ip-4mp-lente-2-8mm-tioc","status":"publish","type":"product","link":"https:\/\/dashboard.dcelectronicapty.com\/index.php\/producto\/camara-bullet-ip-4mp-lente-2-8mm-tioc\/","title":{"rendered":"CAMARA BULLET IP 4MP LENTE 2.8MM TiOC"},"content":{"rendered":"<p>IPC-HFW3449T1-AS-PV<br \/>\nC\u00e1mara de red WizSense con lente fija y doble luz inteligente de disuasi\u00f3n activa de 4 MP<\/p>\n<p>Los par\u00e1metros y hojas de datos que se indican a continuaci\u00f3n solo se pueden aplicar a la serie 3449-PV-S5<\/p>\n<p>&gt; Sensor de imagen CMOS de 4 MP y 1\/2,7&#8243;, baja luminancia e imagen de alta definici\u00f3n.<br \/>\n&gt; Salida m\u00e1xima de 4 MP (2688 \u00d7 1520) a 25\/30 fps.<br \/>\n&gt; C\u00f3dec H.265, alta tasa de compresi\u00f3n, velocidad de bits ultrabaja.<br \/>\n&gt; Luz c\u00e1lida y LED IR integrados; la distancia m\u00e1xima de iluminaci\u00f3n IR es de 30 m y la distancia de luz c\u00e1lida es de 30 m.<br \/>\n&gt; ROI, SMART H.264+\/H.265+, AI H.264\/H.265, codificaci\u00f3n flexible, aplicable a diversos entornos de ancho de banda y almacenamiento.<br \/>\n&gt; Modo de rotaci\u00f3n, WDR, 3D NR, HLC, BLC, marca de agua digital, aplicable a diversas escenas de vigilancia.<br \/>\n&gt; Vigilancia inteligente: intrusi\u00f3n, cable trampa (las dos funciones admiten la clasificaci\u00f3n y la detecci\u00f3n precisa de veh\u00edculos y personas), detecci\u00f3n de permanencia, detecci\u00f3n de merodeo; detecci\u00f3n de rostros (imagen completa).<br \/>\n&gt; Detecci\u00f3n de anomal\u00edas: detecci\u00f3n de movimiento, enmascaramiento de privacidad, cambio de escena, detecci\u00f3n de audio, sin tarjeta SD, tarjeta SD llena, error de tarjeta SD, desconexi\u00f3n de red, conflicto de IP, acceso ilegal y detecci\u00f3n de voltaje.<br \/>\n&gt; Alarma: 1 entrada, 1 salida; audio: 1 entrada, 1 salida; admite tarjetas Micro SD de hasta 512 G; micr\u00f3fono dual integrado; altavoz de 1 canal; admite comunicaci\u00f3n bidireccional.<br \/>\n&gt; Fuente de alimentaci\u00f3n de 12 VCC\/PoE.<br \/>\n&gt; Protecci\u00f3n IP67.<br \/>\n&gt; Alarma sonora y luminosa (luces rojas y azules).<br \/>\n&gt; SMD 4.0.<br \/>\n&gt; Admite AI SSA y activaci\u00f3n y desactivaci\u00f3n con un solo toque.<br \/>\n&gt; El \u00e1rea SMD se puede configurar en \u00e1reas de luz c\u00e1lida que admiten la activaci\u00f3n de alarmas.<\/p>\n<p>ESPECIFICACIONES<\/p>\n<p>https:\/\/materialfile.dahuasecurity.com\/uploads\/cpq\/prm-os-srv-res\/smart\/datasheetzipfiles\/IPC-HFW3449T1-AS-PV_S5_datasheet_20250709.pdf<\/p>\n","protected":false},"excerpt":{"rendered":"<p>IPC-HFW3449T1-AS-PV C\u00e1mara de red WizSense con lente fija y doble luz inteligente de disuasi\u00f3n activa de 4 MP Los par\u00e1metros y hojas de datos que se indican a continuaci\u00f3n solo se pueden aplicar a la serie 3449-PV-S5 &gt; Sensor de imagen CMOS de 4 MP y 1\/2,7&#8243;, baja luminancia e imagen de alta definici\u00f3n. &gt; &hellip;<\/p>\n<p class=\"read-more\"> <a class=\"\" href=\"https:\/\/dashboard.dcelectronicapty.com\/index.php\/producto\/camara-bullet-ip-4mp-lente-2-8mm-tioc\/\"> <span class=\"screen-reader-text\">CAMARA BULLET IP 4MP LENTE 2.8MM TiOC<\/span> Read More &raquo;<\/a><\/p>\n","protected":false},"featured_media":1003,"comment_status":"open","ping_status":"closed","template":"","meta":{"site-sidebar-layout":"default","site-content-layout":"default","ast-global-header-display":"","ast-main-header-display":"","ast-hfb-above-header-display":"","ast-hfb-below-header-display":"","ast-hfb-mobile-header-display":"","site-post-title":"","ast-breadcrumbs-content":"","ast-featured-img":"","footer-sml-layout":"","theme-transparent-header-meta":"default","adv-header-id-meta":"","stick-header-meta":"","header-above-stick-meta":"","header-main-stick-meta":"","header-below-stick-meta":"","_joinchat":[]},"product_cat":[74,75,76,81],"product_tag":[],"class_list":["post-1002","product","type-product","status-publish","has-post-thumbnail","hentry","product_cat-seguridad-electronica","product_cat-cctv","product_cat-ip","product_cat-bullet-ip"],"yoast_head":"<!-- This site is optimized with the Yoast SEO plugin v27.1.1 - https:\/\/yoast.com\/product\/yoast-seo-wordpress\/ -->\n<title>CAMARA BULLET IP 4MP LENTE 2.8MM TiOC - DC Electronica<\/title>\n<meta name=\"robots\" content=\"index, follow, max-snippet:-1, max-image-preview:large, max-video-preview:-1\" \/>\n<link rel=\"canonical\" href=\"https:\/\/dashboard.dcelectronicapty.com\/index.php\/producto\/camara-bullet-ip-4mp-lente-2-8mm-tioc\/\" \/>\n<meta property=\"og:locale\" content=\"en_US\" \/>\n<meta property=\"og:type\" content=\"article\" \/>\n<meta property=\"og:title\" content=\"CAMARA BULLET IP 4MP LENTE 2.8MM TiOC - DC Electronica\" \/>\n<meta property=\"og:description\" content=\"IPC-HFW3449T1-AS-PV C\u00e1mara de red WizSense con lente fija y doble luz inteligente de disuasi\u00f3n activa de 4 MP Los par\u00e1metros y hojas de datos que se indican a continuaci\u00f3n solo se pueden aplicar a la serie 3449-PV-S5 &gt; Sensor de imagen CMOS de 4 MP y 1\/2,7&#8243;, baja luminancia e imagen de alta definici\u00f3n. &gt; &hellip; CAMARA BULLET IP 4MP LENTE 2.8MM TiOC Read More &raquo;\" \/>\n<meta property=\"og:url\" content=\"https:\/\/dashboard.dcelectronicapty.com\/index.php\/producto\/camara-bullet-ip-4mp-lente-2-8mm-tioc\/\" \/>\n<meta property=\"og:site_name\" content=\"DC Electronica\" \/>\n<meta property=\"article:publisher\" content=\"https:\/\/www.facebook.com\/dcelectronicapty\" \/>\n<meta property=\"article:modified_time\" content=\"2025-09-05T20:08:18+00:00\" \/>\n<meta property=\"og:image\" content=\"https:\/\/i0.wp.com\/dashboard.dcelectronicapty.com\/wp-content\/uploads\/2025\/09\/1_0_01_04_42419_330686236_crop-scaled.png?fit=2560%2C2560&ssl=1\" \/>\n\t<meta property=\"og:image:width\" content=\"2560\" \/>\n\t<meta property=\"og:image:height\" content=\"2560\" \/>\n\t<meta property=\"og:image:type\" content=\"image\/png\" \/>\n<meta name=\"twitter:card\" content=\"summary_large_image\" \/>\n<meta name=\"twitter:label1\" content=\"Est. reading time\" \/>\n\t<meta name=\"twitter:data1\" content=\"2 minutes\" \/>\n<script type=\"application\/ld+json\" class=\"yoast-schema-graph\">{\"@context\":\"https:\/\/schema.org\",\"@graph\":[{\"@type\":\"WebPage\",\"@id\":\"https:\/\/dashboard.dcelectronicapty.com\/index.php\/producto\/camara-bullet-ip-4mp-lente-2-8mm-tioc\/\",\"url\":\"https:\/\/dashboard.dcelectronicapty.com\/index.php\/producto\/camara-bullet-ip-4mp-lente-2-8mm-tioc\/\",\"name\":\"CAMARA BULLET IP 4MP LENTE 2.8MM TiOC - DC Electronica\",\"isPartOf\":{\"@id\":\"https:\/\/dashboard.dcelectronicapty.com\/#website\"},\"primaryImageOfPage\":{\"@id\":\"https:\/\/dashboard.dcelectronicapty.com\/index.php\/producto\/camara-bullet-ip-4mp-lente-2-8mm-tioc\/#primaryimage\"},\"image\":{\"@id\":\"https:\/\/dashboard.dcelectronicapty.com\/index.php\/producto\/camara-bullet-ip-4mp-lente-2-8mm-tioc\/#primaryimage\"},\"thumbnailUrl\":\"https:\/\/i0.wp.com\/dashboard.dcelectronicapty.com\/wp-content\/uploads\/2025\/09\/1_0_01_04_42419_330686236_crop-scaled.png?fit=2560%2C2560&ssl=1\",\"datePublished\":\"2025-09-05T19:59:25+00:00\",\"dateModified\":\"2025-09-05T20:08:18+00:00\",\"breadcrumb\":{\"@id\":\"https:\/\/dashboard.dcelectronicapty.com\/index.php\/producto\/camara-bullet-ip-4mp-lente-2-8mm-tioc\/#breadcrumb\"},\"inLanguage\":\"en-US\",\"potentialAction\":[{\"@type\":\"ReadAction\",\"target\":[\"https:\/\/dashboard.dcelectronicapty.com\/index.php\/producto\/camara-bullet-ip-4mp-lente-2-8mm-tioc\/\"]}]},{\"@type\":\"ImageObject\",\"inLanguage\":\"en-US\",\"@id\":\"https:\/\/dashboard.dcelectronicapty.com\/index.php\/producto\/camara-bullet-ip-4mp-lente-2-8mm-tioc\/#primaryimage\",\"url\":\"https:\/\/i0.wp.com\/dashboard.dcelectronicapty.com\/wp-content\/uploads\/2025\/09\/1_0_01_04_42419_330686236_crop-scaled.png?fit=2560%2C2560&ssl=1\",\"contentUrl\":\"https:\/\/i0.wp.com\/dashboard.dcelectronicapty.com\/wp-content\/uploads\/2025\/09\/1_0_01_04_42419_330686236_crop-scaled.png?fit=2560%2C2560&ssl=1\",\"width\":2560,\"height\":2560},{\"@type\":\"BreadcrumbList\",\"@id\":\"https:\/\/dashboard.dcelectronicapty.com\/index.php\/producto\/camara-bullet-ip-4mp-lente-2-8mm-tioc\/#breadcrumb\",\"itemListElement\":[{\"@type\":\"ListItem\",\"position\":1,\"name\":\"Home\",\"item\":\"https:\/\/dashboard.dcelectronicapty.com\/\"},{\"@type\":\"ListItem\",\"position\":2,\"name\":\"Tienda\",\"item\":\"https:\/\/dashboard.dcelectronicapty.com\/index.php\/tienda\/\"},{\"@type\":\"ListItem\",\"position\":3,\"name\":\"CAMARA BULLET IP 4MP LENTE 2.8MM TiOC\"}]},{\"@type\":\"WebSite\",\"@id\":\"https:\/\/dashboard.dcelectronicapty.com\/#website\",\"url\":\"https:\/\/dashboard.dcelectronicapty.com\/\",\"name\":\"DC Electronica\",\"description\":\"\",\"publisher\":{\"@id\":\"https:\/\/dashboard.dcelectronicapty.com\/#organization\"},\"potentialAction\":[{\"@type\":\"SearchAction\",\"target\":{\"@type\":\"EntryPoint\",\"urlTemplate\":\"https:\/\/dashboard.dcelectronicapty.com\/?s={search_term_string}\"},\"query-input\":{\"@type\":\"PropertyValueSpecification\",\"valueRequired\":true,\"valueName\":\"search_term_string\"}}],\"inLanguage\":\"en-US\"},{\"@type\":\"Organization\",\"@id\":\"https:\/\/dashboard.dcelectronicapty.com\/#organization\",\"name\":\"DC Electronica\",\"url\":\"https:\/\/dashboard.dcelectronicapty.com\/\",\"logo\":{\"@type\":\"ImageObject\",\"inLanguage\":\"en-US\",\"@id\":\"https:\/\/dashboard.dcelectronicapty.com\/#\/schema\/logo\/image\/\",\"url\":\"https:\/\/i0.wp.com\/dashboard.dcelectronicapty.com\/wp-content\/uploads\/2023\/02\/cropped-cropped-Logo.png?fit=241%2C195&ssl=1\",\"contentUrl\":\"https:\/\/i0.wp.com\/dashboard.dcelectronicapty.com\/wp-content\/uploads\/2023\/02\/cropped-cropped-Logo.png?fit=241%2C195&ssl=1\",\"width\":241,\"height\":195,\"caption\":\"DC Electronica\"},\"image\":{\"@id\":\"https:\/\/dashboard.dcelectronicapty.com\/#\/schema\/logo\/image\/\"},\"sameAs\":[\"https:\/\/www.facebook.com\/dcelectronicapty\",\"https:\/\/www.instagram.com\/dcelectronicapty\/\"]}]}<\/script>\n<!-- \/ Yoast SEO plugin. -->","yoast_head_json":{"title":"CAMARA BULLET IP 4MP LENTE 2.8MM TiOC - DC Electronica","robots":{"index":"index","follow":"follow","max-snippet":"max-snippet:-1","max-image-preview":"max-image-preview:large","max-video-preview":"max-video-preview:-1"},"canonical":"https:\/\/dashboard.dcelectronicapty.com\/index.php\/producto\/camara-bullet-ip-4mp-lente-2-8mm-tioc\/","og_locale":"en_US","og_type":"article","og_title":"CAMARA BULLET IP 4MP LENTE 2.8MM TiOC - DC Electronica","og_description":"IPC-HFW3449T1-AS-PV C\u00e1mara de red WizSense con lente fija y doble luz inteligente de disuasi\u00f3n activa de 4 MP Los par\u00e1metros y hojas de datos que se indican a continuaci\u00f3n solo se pueden aplicar a la serie 3449-PV-S5 &gt; Sensor de imagen CMOS de 4 MP y 1\/2,7&#8243;, baja luminancia e imagen de alta definici\u00f3n. &gt; &hellip; CAMARA BULLET IP 4MP LENTE 2.8MM TiOC Read More &raquo;","og_url":"https:\/\/dashboard.dcelectronicapty.com\/index.php\/producto\/camara-bullet-ip-4mp-lente-2-8mm-tioc\/","og_site_name":"DC Electronica","article_publisher":"https:\/\/www.facebook.com\/dcelectronicapty","article_modified_time":"2025-09-05T20:08:18+00:00","og_image":[{"width":2560,"height":2560,"url":"https:\/\/i0.wp.com\/dashboard.dcelectronicapty.com\/wp-content\/uploads\/2025\/09\/1_0_01_04_42419_330686236_crop-scaled.png?fit=2560%2C2560&ssl=1","type":"image\/png"}],"twitter_card":"summary_large_image","twitter_misc":{"Est. reading time":"2 minutes"},"schema":{"@context":"https:\/\/schema.org","@graph":[{"@type":"WebPage","@id":"https:\/\/dashboard.dcelectronicapty.com\/index.php\/producto\/camara-bullet-ip-4mp-lente-2-8mm-tioc\/","url":"https:\/\/dashboard.dcelectronicapty.com\/index.php\/producto\/camara-bullet-ip-4mp-lente-2-8mm-tioc\/","name":"CAMARA BULLET IP 4MP LENTE 2.8MM TiOC - DC Electronica","isPartOf":{"@id":"https:\/\/dashboard.dcelectronicapty.com\/#website"},"primaryImageOfPage":{"@id":"https:\/\/dashboard.dcelectronicapty.com\/index.php\/producto\/camara-bullet-ip-4mp-lente-2-8mm-tioc\/#primaryimage"},"image":{"@id":"https:\/\/dashboard.dcelectronicapty.com\/index.php\/producto\/camara-bullet-ip-4mp-lente-2-8mm-tioc\/#primaryimage"},"thumbnailUrl":"https:\/\/i0.wp.com\/dashboard.dcelectronicapty.com\/wp-content\/uploads\/2025\/09\/1_0_01_04_42419_330686236_crop-scaled.png?fit=2560%2C2560&ssl=1","datePublished":"2025-09-05T19:59:25+00:00","dateModified":"2025-09-05T20:08:18+00:00","breadcrumb":{"@id":"https:\/\/dashboard.dcelectronicapty.com\/index.php\/producto\/camara-bullet-ip-4mp-lente-2-8mm-tioc\/#breadcrumb"},"inLanguage":"en-US","potentialAction":[{"@type":"ReadAction","target":["https:\/\/dashboard.dcelectronicapty.com\/index.php\/producto\/camara-bullet-ip-4mp-lente-2-8mm-tioc\/"]}]},{"@type":"ImageObject","inLanguage":"en-US","@id":"https:\/\/dashboard.dcelectronicapty.com\/index.php\/producto\/camara-bullet-ip-4mp-lente-2-8mm-tioc\/#primaryimage","url":"https:\/\/i0.wp.com\/dashboard.dcelectronicapty.com\/wp-content\/uploads\/2025\/09\/1_0_01_04_42419_330686236_crop-scaled.png?fit=2560%2C2560&ssl=1","contentUrl":"https:\/\/i0.wp.com\/dashboard.dcelectronicapty.com\/wp-content\/uploads\/2025\/09\/1_0_01_04_42419_330686236_crop-scaled.png?fit=2560%2C2560&ssl=1","width":2560,"height":2560},{"@type":"BreadcrumbList","@id":"https:\/\/dashboard.dcelectronicapty.com\/index.php\/producto\/camara-bullet-ip-4mp-lente-2-8mm-tioc\/#breadcrumb","itemListElement":[{"@type":"ListItem","position":1,"name":"Home","item":"https:\/\/dashboard.dcelectronicapty.com\/"},{"@type":"ListItem","position":2,"name":"Tienda","item":"https:\/\/dashboard.dcelectronicapty.com\/index.php\/tienda\/"},{"@type":"ListItem","position":3,"name":"CAMARA BULLET IP 4MP LENTE 2.8MM TiOC"}]},{"@type":"WebSite","@id":"https:\/\/dashboard.dcelectronicapty.com\/#website","url":"https:\/\/dashboard.dcelectronicapty.com\/","name":"DC Electronica","description":"","publisher":{"@id":"https:\/\/dashboard.dcelectronicapty.com\/#organization"},"potentialAction":[{"@type":"SearchAction","target":{"@type":"EntryPoint","urlTemplate":"https:\/\/dashboard.dcelectronicapty.com\/?s={search_term_string}"},"query-input":{"@type":"PropertyValueSpecification","valueRequired":true,"valueName":"search_term_string"}}],"inLanguage":"en-US"},{"@type":"Organization","@id":"https:\/\/dashboard.dcelectronicapty.com\/#organization","name":"DC Electronica","url":"https:\/\/dashboard.dcelectronicapty.com\/","logo":{"@type":"ImageObject","inLanguage":"en-US","@id":"https:\/\/dashboard.dcelectronicapty.com\/#\/schema\/logo\/image\/","url":"https:\/\/i0.wp.com\/dashboard.dcelectronicapty.com\/wp-content\/uploads\/2023\/02\/cropped-cropped-Logo.png?fit=241%2C195&ssl=1","contentUrl":"https:\/\/i0.wp.com\/dashboard.dcelectronicapty.com\/wp-content\/uploads\/2023\/02\/cropped-cropped-Logo.png?fit=241%2C195&ssl=1","width":241,"height":195,"caption":"DC Electronica"},"image":{"@id":"https:\/\/dashboard.dcelectronicapty.com\/#\/schema\/logo\/image\/"},"sameAs":["https:\/\/www.facebook.com\/dcelectronicapty","https:\/\/www.instagram.com\/dcelectronicapty\/"]}]}},"_links":{"self":[{"href":"https:\/\/dashboard.dcelectronicapty.com\/index.php\/wp-json\/wp\/v2\/product\/1002","targetHints":{"allow":["GET"]}}],"collection":[{"href":"https:\/\/dashboard.dcelectronicapty.com\/index.php\/wp-json\/wp\/v2\/product"}],"about":[{"href":"https:\/\/dashboard.dcelectronicapty.com\/index.php\/wp-json\/wp\/v2\/types\/product"}],"replies":[{"embeddable":true,"href":"https:\/\/dashboard.dcelectronicapty.com\/index.php\/wp-json\/wp\/v2\/comments?post=1002"}],"wp:featuredmedia":[{"embeddable":true,"href":"https:\/\/dashboard.dcelectronicapty.com\/index.php\/wp-json\/wp\/v2\/media\/1003"}],"wp:attachment":[{"href":"https:\/\/dashboard.dcelectronicapty.com\/index.php\/wp-json\/wp\/v2\/media?parent=1002"}],"wp:term":[{"taxonomy":"product_cat","embeddable":true,"href":"https:\/\/dashboard.dcelectronicapty.com\/index.php\/wp-json\/wp\/v2\/product_cat?post=1002"},{"taxonomy":"product_tag","embeddable":true,"href":"https:\/\/dashboard.dcelectronicapty.com\/index.php\/wp-json\/wp\/v2\/product_tag?post=1002"}],"curies":[{"name":"wp","href":"https:\/\/api.w.org\/{rel}","templated":true}]}}