{"id":1027,"date":"2025-09-06T00:32:02","date_gmt":"2025-09-06T00:32:02","guid":{"rendered":"https:\/\/dashboard.dcelectronicapty.com\/?post_type=product&#038;p=1027"},"modified":"2025-09-06T00:36:19","modified_gmt":"2025-09-06T00:36:19","slug":"motor-paso-a-paso-de-12-v-4-fases-y-5-cables","status":"publish","type":"product","link":"https:\/\/dashboard.dcelectronicapty.com\/index.php\/producto\/motor-paso-a-paso-de-12-v-4-fases-y-5-cables\/","title":{"rendered":"Motor paso a paso de 12 V, 4 fases y 5 cables"},"content":{"rendered":"<p>28BYJ-48-12V<br \/>\nCaracter\u00edsticas del producto<br \/>\nVoltaje: 12 V.<br \/>\nDi\u00e1metro: 27 mm.<br \/>\nRelaci\u00f3n de reducci\u00f3n: 1\/64.<br \/>\n\u00c1ngulo de paso: 5,625 x 1\/64.<br \/>\nTambi\u00e9n se puede conectar como bif\u00e1sico para su uso.<br \/>\nDescripci\u00f3n del producto<br \/>\nVoltaje: 12 V.<br \/>\nDi\u00e1metro: 27 mm.<br \/>\nRelaci\u00f3n de reducci\u00f3n: 1\/64.<br \/>\n\u00c1ngulo de paso: 5,625 x 1\/64.<br \/>\nTambi\u00e9n se puede conectar en 2 fases para su uso.<br \/>\nEl motor paso a paso de 4 fases con cable de 5 l\u00edneas se puede accionar mediante el chip ULN2003.<br \/>\nPeso neto: 35 g.<br \/>\nTama\u00f1o del art\u00edculo: 31 x 27 x 19 mm.<\/p>\n","protected":false},"excerpt":{"rendered":"<p>28BYJ-48-12V Caracter\u00edsticas del producto Voltaje: 12 V. Di\u00e1metro: 27 mm. Relaci\u00f3n de reducci\u00f3n: 1\/64. \u00c1ngulo de paso: 5,625 x 1\/64. Tambi\u00e9n se puede conectar como bif\u00e1sico para su uso. Descripci\u00f3n del producto Voltaje: 12 V. Di\u00e1metro: 27 mm. Relaci\u00f3n de reducci\u00f3n: 1\/64. \u00c1ngulo de paso: 5,625 x 1\/64. Tambi\u00e9n se puede conectar en 2 fases &hellip;<\/p>\n<p class=\"read-more\"> <a class=\"\" href=\"https:\/\/dashboard.dcelectronicapty.com\/index.php\/producto\/motor-paso-a-paso-de-12-v-4-fases-y-5-cables\/\"> <span class=\"screen-reader-text\">Motor paso a paso de 12 V, 4 fases y 5 cables<\/span> Read More &raquo;<\/a><\/p>\n","protected":false},"featured_media":1028,"comment_status":"open","ping_status":"closed","template":"","meta":{"site-sidebar-layout":"default","site-content-layout":"default","ast-global-header-display":"","ast-main-header-display":"","ast-hfb-above-header-display":"","ast-hfb-below-header-display":"","ast-hfb-mobile-header-display":"","site-post-title":"","ast-breadcrumbs-content":"","ast-featured-img":"","footer-sml-layout":"","theme-transparent-header-meta":"default","adv-header-id-meta":"","stick-header-meta":"","header-above-stick-meta":"","header-main-stick-meta":"","header-below-stick-meta":"","_joinchat":[]},"product_cat":[85,56],"product_tag":[],"class_list":["post-1027","product","type-product","status-publish","has-post-thumbnail","hentry","product_cat-motores-y-servos","product_cat-electronica"],"yoast_head":"<!-- This site is optimized with the Yoast SEO plugin v27.1.1 - https:\/\/yoast.com\/product\/yoast-seo-wordpress\/ -->\n<title>Motor paso a paso de 12 V, 4 fases y 5 cables - DC Electronica<\/title>\n<meta name=\"robots\" content=\"index, follow, max-snippet:-1, max-image-preview:large, max-video-preview:-1\" \/>\n<link rel=\"canonical\" href=\"https:\/\/dashboard.dcelectronicapty.com\/index.php\/producto\/motor-paso-a-paso-de-12-v-4-fases-y-5-cables\/\" \/>\n<meta property=\"og:locale\" content=\"en_US\" \/>\n<meta property=\"og:type\" content=\"article\" \/>\n<meta property=\"og:title\" content=\"Motor paso a paso de 12 V, 4 fases y 5 cables - DC Electronica\" \/>\n<meta property=\"og:description\" content=\"28BYJ-48-12V Caracter\u00edsticas del producto Voltaje: 12 V. Di\u00e1metro: 27 mm. Relaci\u00f3n de reducci\u00f3n: 1\/64. \u00c1ngulo de paso: 5,625 x 1\/64. Tambi\u00e9n se puede conectar como bif\u00e1sico para su uso. Descripci\u00f3n del producto Voltaje: 12 V. Di\u00e1metro: 27 mm. Relaci\u00f3n de reducci\u00f3n: 1\/64. \u00c1ngulo de paso: 5,625 x 1\/64. Tambi\u00e9n se puede conectar en 2 fases &hellip; Motor paso a paso de 12 V, 4 fases y 5 cables Read More &raquo;\" \/>\n<meta property=\"og:url\" content=\"https:\/\/dashboard.dcelectronicapty.com\/index.php\/producto\/motor-paso-a-paso-de-12-v-4-fases-y-5-cables\/\" \/>\n<meta property=\"og:site_name\" content=\"DC Electronica\" \/>\n<meta property=\"article:publisher\" content=\"https:\/\/www.facebook.com\/dcelectronicapty\" \/>\n<meta property=\"article:modified_time\" content=\"2025-09-06T00:36:19+00:00\" \/>\n<meta property=\"og:image\" content=\"https:\/\/i0.wp.com\/dashboard.dcelectronicapty.com\/wp-content\/uploads\/2025\/09\/15f081_03.jpg?fit=500%2C499&ssl=1\" \/>\n\t<meta property=\"og:image:width\" content=\"500\" \/>\n\t<meta property=\"og:image:height\" content=\"499\" \/>\n\t<meta property=\"og:image:type\" content=\"image\/jpeg\" \/>\n<meta name=\"twitter:card\" content=\"summary_large_image\" \/>\n<script type=\"application\/ld+json\" class=\"yoast-schema-graph\">{\"@context\":\"https:\/\/schema.org\",\"@graph\":[{\"@type\":\"WebPage\",\"@id\":\"https:\/\/dashboard.dcelectronicapty.com\/index.php\/producto\/motor-paso-a-paso-de-12-v-4-fases-y-5-cables\/\",\"url\":\"https:\/\/dashboard.dcelectronicapty.com\/index.php\/producto\/motor-paso-a-paso-de-12-v-4-fases-y-5-cables\/\",\"name\":\"Motor paso a paso de 12 V, 4 fases y 5 cables - DC Electronica\",\"isPartOf\":{\"@id\":\"https:\/\/dashboard.dcelectronicapty.com\/#website\"},\"primaryImageOfPage\":{\"@id\":\"https:\/\/dashboard.dcelectronicapty.com\/index.php\/producto\/motor-paso-a-paso-de-12-v-4-fases-y-5-cables\/#primaryimage\"},\"image\":{\"@id\":\"https:\/\/dashboard.dcelectronicapty.com\/index.php\/producto\/motor-paso-a-paso-de-12-v-4-fases-y-5-cables\/#primaryimage\"},\"thumbnailUrl\":\"https:\/\/i0.wp.com\/dashboard.dcelectronicapty.com\/wp-content\/uploads\/2025\/09\/15f081_03.jpg?fit=500%2C499&ssl=1\",\"datePublished\":\"2025-09-06T00:32:02+00:00\",\"dateModified\":\"2025-09-06T00:36:19+00:00\",\"breadcrumb\":{\"@id\":\"https:\/\/dashboard.dcelectronicapty.com\/index.php\/producto\/motor-paso-a-paso-de-12-v-4-fases-y-5-cables\/#breadcrumb\"},\"inLanguage\":\"en-US\",\"potentialAction\":[{\"@type\":\"ReadAction\",\"target\":[\"https:\/\/dashboard.dcelectronicapty.com\/index.php\/producto\/motor-paso-a-paso-de-12-v-4-fases-y-5-cables\/\"]}]},{\"@type\":\"ImageObject\",\"inLanguage\":\"en-US\",\"@id\":\"https:\/\/dashboard.dcelectronicapty.com\/index.php\/producto\/motor-paso-a-paso-de-12-v-4-fases-y-5-cables\/#primaryimage\",\"url\":\"https:\/\/i0.wp.com\/dashboard.dcelectronicapty.com\/wp-content\/uploads\/2025\/09\/15f081_03.jpg?fit=500%2C499&ssl=1\",\"contentUrl\":\"https:\/\/i0.wp.com\/dashboard.dcelectronicapty.com\/wp-content\/uploads\/2025\/09\/15f081_03.jpg?fit=500%2C499&ssl=1\",\"width\":500,\"height\":499},{\"@type\":\"BreadcrumbList\",\"@id\":\"https:\/\/dashboard.dcelectronicapty.com\/index.php\/producto\/motor-paso-a-paso-de-12-v-4-fases-y-5-cables\/#breadcrumb\",\"itemListElement\":[{\"@type\":\"ListItem\",\"position\":1,\"name\":\"Home\",\"item\":\"https:\/\/dashboard.dcelectronicapty.com\/\"},{\"@type\":\"ListItem\",\"position\":2,\"name\":\"Tienda\",\"item\":\"https:\/\/dashboard.dcelectronicapty.com\/index.php\/tienda\/\"},{\"@type\":\"ListItem\",\"position\":3,\"name\":\"Motor paso a paso de 12 V, 4 fases y 5 cables\"}]},{\"@type\":\"WebSite\",\"@id\":\"https:\/\/dashboard.dcelectronicapty.com\/#website\",\"url\":\"https:\/\/dashboard.dcelectronicapty.com\/\",\"name\":\"DC Electronica\",\"description\":\"\",\"publisher\":{\"@id\":\"https:\/\/dashboard.dcelectronicapty.com\/#organization\"},\"potentialAction\":[{\"@type\":\"SearchAction\",\"target\":{\"@type\":\"EntryPoint\",\"urlTemplate\":\"https:\/\/dashboard.dcelectronicapty.com\/?s={search_term_string}\"},\"query-input\":{\"@type\":\"PropertyValueSpecification\",\"valueRequired\":true,\"valueName\":\"search_term_string\"}}],\"inLanguage\":\"en-US\"},{\"@type\":\"Organization\",\"@id\":\"https:\/\/dashboard.dcelectronicapty.com\/#organization\",\"name\":\"DC Electronica\",\"url\":\"https:\/\/dashboard.dcelectronicapty.com\/\",\"logo\":{\"@type\":\"ImageObject\",\"inLanguage\":\"en-US\",\"@id\":\"https:\/\/dashboard.dcelectronicapty.com\/#\/schema\/logo\/image\/\",\"url\":\"https:\/\/i0.wp.com\/dashboard.dcelectronicapty.com\/wp-content\/uploads\/2023\/02\/cropped-cropped-Logo.png?fit=241%2C195&ssl=1\",\"contentUrl\":\"https:\/\/i0.wp.com\/dashboard.dcelectronicapty.com\/wp-content\/uploads\/2023\/02\/cropped-cropped-Logo.png?fit=241%2C195&ssl=1\",\"width\":241,\"height\":195,\"caption\":\"DC Electronica\"},\"image\":{\"@id\":\"https:\/\/dashboard.dcelectronicapty.com\/#\/schema\/logo\/image\/\"},\"sameAs\":[\"https:\/\/www.facebook.com\/dcelectronicapty\",\"https:\/\/www.instagram.com\/dcelectronicapty\/\"]}]}<\/script>\n<!-- \/ Yoast SEO plugin. -->","yoast_head_json":{"title":"Motor paso a paso de 12 V, 4 fases y 5 cables - DC Electronica","robots":{"index":"index","follow":"follow","max-snippet":"max-snippet:-1","max-image-preview":"max-image-preview:large","max-video-preview":"max-video-preview:-1"},"canonical":"https:\/\/dashboard.dcelectronicapty.com\/index.php\/producto\/motor-paso-a-paso-de-12-v-4-fases-y-5-cables\/","og_locale":"en_US","og_type":"article","og_title":"Motor paso a paso de 12 V, 4 fases y 5 cables - DC Electronica","og_description":"28BYJ-48-12V Caracter\u00edsticas del producto Voltaje: 12 V. Di\u00e1metro: 27 mm. Relaci\u00f3n de reducci\u00f3n: 1\/64. \u00c1ngulo de paso: 5,625 x 1\/64. Tambi\u00e9n se puede conectar como bif\u00e1sico para su uso. Descripci\u00f3n del producto Voltaje: 12 V. Di\u00e1metro: 27 mm. Relaci\u00f3n de reducci\u00f3n: 1\/64. \u00c1ngulo de paso: 5,625 x 1\/64. Tambi\u00e9n se puede conectar en 2 fases &hellip; Motor paso a paso de 12 V, 4 fases y 5 cables Read More &raquo;","og_url":"https:\/\/dashboard.dcelectronicapty.com\/index.php\/producto\/motor-paso-a-paso-de-12-v-4-fases-y-5-cables\/","og_site_name":"DC Electronica","article_publisher":"https:\/\/www.facebook.com\/dcelectronicapty","article_modified_time":"2025-09-06T00:36:19+00:00","og_image":[{"width":500,"height":499,"url":"https:\/\/i0.wp.com\/dashboard.dcelectronicapty.com\/wp-content\/uploads\/2025\/09\/15f081_03.jpg?fit=500%2C499&ssl=1","type":"image\/jpeg"}],"twitter_card":"summary_large_image","schema":{"@context":"https:\/\/schema.org","@graph":[{"@type":"WebPage","@id":"https:\/\/dashboard.dcelectronicapty.com\/index.php\/producto\/motor-paso-a-paso-de-12-v-4-fases-y-5-cables\/","url":"https:\/\/dashboard.dcelectronicapty.com\/index.php\/producto\/motor-paso-a-paso-de-12-v-4-fases-y-5-cables\/","name":"Motor paso a paso de 12 V, 4 fases y 5 cables - DC Electronica","isPartOf":{"@id":"https:\/\/dashboard.dcelectronicapty.com\/#website"},"primaryImageOfPage":{"@id":"https:\/\/dashboard.dcelectronicapty.com\/index.php\/producto\/motor-paso-a-paso-de-12-v-4-fases-y-5-cables\/#primaryimage"},"image":{"@id":"https:\/\/dashboard.dcelectronicapty.com\/index.php\/producto\/motor-paso-a-paso-de-12-v-4-fases-y-5-cables\/#primaryimage"},"thumbnailUrl":"https:\/\/i0.wp.com\/dashboard.dcelectronicapty.com\/wp-content\/uploads\/2025\/09\/15f081_03.jpg?fit=500%2C499&ssl=1","datePublished":"2025-09-06T00:32:02+00:00","dateModified":"2025-09-06T00:36:19+00:00","breadcrumb":{"@id":"https:\/\/dashboard.dcelectronicapty.com\/index.php\/producto\/motor-paso-a-paso-de-12-v-4-fases-y-5-cables\/#breadcrumb"},"inLanguage":"en-US","potentialAction":[{"@type":"ReadAction","target":["https:\/\/dashboard.dcelectronicapty.com\/index.php\/producto\/motor-paso-a-paso-de-12-v-4-fases-y-5-cables\/"]}]},{"@type":"ImageObject","inLanguage":"en-US","@id":"https:\/\/dashboard.dcelectronicapty.com\/index.php\/producto\/motor-paso-a-paso-de-12-v-4-fases-y-5-cables\/#primaryimage","url":"https:\/\/i0.wp.com\/dashboard.dcelectronicapty.com\/wp-content\/uploads\/2025\/09\/15f081_03.jpg?fit=500%2C499&ssl=1","contentUrl":"https:\/\/i0.wp.com\/dashboard.dcelectronicapty.com\/wp-content\/uploads\/2025\/09\/15f081_03.jpg?fit=500%2C499&ssl=1","width":500,"height":499},{"@type":"BreadcrumbList","@id":"https:\/\/dashboard.dcelectronicapty.com\/index.php\/producto\/motor-paso-a-paso-de-12-v-4-fases-y-5-cables\/#breadcrumb","itemListElement":[{"@type":"ListItem","position":1,"name":"Home","item":"https:\/\/dashboard.dcelectronicapty.com\/"},{"@type":"ListItem","position":2,"name":"Tienda","item":"https:\/\/dashboard.dcelectronicapty.com\/index.php\/tienda\/"},{"@type":"ListItem","position":3,"name":"Motor paso a paso de 12 V, 4 fases y 5 cables"}]},{"@type":"WebSite","@id":"https:\/\/dashboard.dcelectronicapty.com\/#website","url":"https:\/\/dashboard.dcelectronicapty.com\/","name":"DC Electronica","description":"","publisher":{"@id":"https:\/\/dashboard.dcelectronicapty.com\/#organization"},"potentialAction":[{"@type":"SearchAction","target":{"@type":"EntryPoint","urlTemplate":"https:\/\/dashboard.dcelectronicapty.com\/?s={search_term_string}"},"query-input":{"@type":"PropertyValueSpecification","valueRequired":true,"valueName":"search_term_string"}}],"inLanguage":"en-US"},{"@type":"Organization","@id":"https:\/\/dashboard.dcelectronicapty.com\/#organization","name":"DC Electronica","url":"https:\/\/dashboard.dcelectronicapty.com\/","logo":{"@type":"ImageObject","inLanguage":"en-US","@id":"https:\/\/dashboard.dcelectronicapty.com\/#\/schema\/logo\/image\/","url":"https:\/\/i0.wp.com\/dashboard.dcelectronicapty.com\/wp-content\/uploads\/2023\/02\/cropped-cropped-Logo.png?fit=241%2C195&ssl=1","contentUrl":"https:\/\/i0.wp.com\/dashboard.dcelectronicapty.com\/wp-content\/uploads\/2023\/02\/cropped-cropped-Logo.png?fit=241%2C195&ssl=1","width":241,"height":195,"caption":"DC Electronica"},"image":{"@id":"https:\/\/dashboard.dcelectronicapty.com\/#\/schema\/logo\/image\/"},"sameAs":["https:\/\/www.facebook.com\/dcelectronicapty","https:\/\/www.instagram.com\/dcelectronicapty\/"]}]}},"_links":{"self":[{"href":"https:\/\/dashboard.dcelectronicapty.com\/index.php\/wp-json\/wp\/v2\/product\/1027","targetHints":{"allow":["GET"]}}],"collection":[{"href":"https:\/\/dashboard.dcelectronicapty.com\/index.php\/wp-json\/wp\/v2\/product"}],"about":[{"href":"https:\/\/dashboard.dcelectronicapty.com\/index.php\/wp-json\/wp\/v2\/types\/product"}],"replies":[{"embeddable":true,"href":"https:\/\/dashboard.dcelectronicapty.com\/index.php\/wp-json\/wp\/v2\/comments?post=1027"}],"wp:featuredmedia":[{"embeddable":true,"href":"https:\/\/dashboard.dcelectronicapty.com\/index.php\/wp-json\/wp\/v2\/media\/1028"}],"wp:attachment":[{"href":"https:\/\/dashboard.dcelectronicapty.com\/index.php\/wp-json\/wp\/v2\/media?parent=1027"}],"wp:term":[{"taxonomy":"product_cat","embeddable":true,"href":"https:\/\/dashboard.dcelectronicapty.com\/index.php\/wp-json\/wp\/v2\/product_cat?post=1027"},{"taxonomy":"product_tag","embeddable":true,"href":"https:\/\/dashboard.dcelectronicapty.com\/index.php\/wp-json\/wp\/v2\/product_tag?post=1027"}],"curies":[{"name":"wp","href":"https:\/\/api.w.org\/{rel}","templated":true}]}}