{"id":1033,"date":"2025-09-06T02:14:59","date_gmt":"2025-09-06T02:14:59","guid":{"rendered":"https:\/\/dashboard.dcelectronicapty.com\/?post_type=product&#038;p=1033"},"modified":"2025-09-06T02:17:03","modified_gmt":"2025-09-06T02:17:03","slug":"mg90s-micro-servo-con-engranajes-de-metal-y-plastico","status":"publish","type":"product","link":"https:\/\/dashboard.dcelectronicapty.com\/index.php\/producto\/mg90s-micro-servo-con-engranajes-de-metal-y-plastico\/","title":{"rendered":"MG90S Micro servo con engranajes de metal y pl\u00e1stico"},"content":{"rendered":"<p>MG90S Micro servo con engranajes de metal y pl\u00e1stico para coches, barcos, aviones y helic\u00f3pteros RC<\/p>\n<p>Longitud del cable: 24 cm. Par de bloqueo: 2 kg\/cm (4,8 V). Velocidad de funcionamiento: 0,11 s\/60 grados (4,8 V). Voltaje de funcionamiento: 4,8 V. Rango de temperatura: 0 \u00b0C, 55 \u00b0C.<\/p>\n","protected":false},"excerpt":{"rendered":"<p>MG90S Micro servo con engranajes de metal y pl\u00e1stico para coches, barcos, aviones y helic\u00f3pteros RC Longitud del cable: 24 cm. Par de bloqueo: 2 kg\/cm (4,8 V). Velocidad de funcionamiento: 0,11 s\/60 grados (4,8 V). Voltaje de funcionamiento: 4,8 V. Rango de temperatura: 0 \u00b0C, 55 \u00b0C.<\/p>\n","protected":false},"featured_media":1034,"comment_status":"open","ping_status":"closed","template":"","meta":{"site-sidebar-layout":"default","site-content-layout":"default","ast-global-header-display":"","ast-main-header-display":"","ast-hfb-above-header-display":"","ast-hfb-below-header-display":"","ast-hfb-mobile-header-display":"","site-post-title":"","ast-breadcrumbs-content":"","ast-featured-img":"","footer-sml-layout":"","theme-transparent-header-meta":"default","adv-header-id-meta":"","stick-header-meta":"","header-above-stick-meta":"","header-main-stick-meta":"","header-below-stick-meta":"","_joinchat":[]},"product_cat":[85,56],"product_tag":[],"class_list":["post-1033","product","type-product","status-publish","has-post-thumbnail","hentry","product_cat-motores-y-servos","product_cat-electronica"],"yoast_head":"<!-- This site is optimized with the Yoast SEO plugin v27.1.1 - https:\/\/yoast.com\/product\/yoast-seo-wordpress\/ -->\n<title>MG90S Micro servo con engranajes de metal y pl\u00e1stico - DC Electronica<\/title>\n<meta name=\"robots\" content=\"index, follow, max-snippet:-1, max-image-preview:large, max-video-preview:-1\" \/>\n<link rel=\"canonical\" href=\"https:\/\/dashboard.dcelectronicapty.com\/index.php\/producto\/mg90s-micro-servo-con-engranajes-de-metal-y-plastico\/\" \/>\n<meta property=\"og:locale\" content=\"en_US\" \/>\n<meta property=\"og:type\" content=\"article\" \/>\n<meta property=\"og:title\" content=\"MG90S Micro servo con engranajes de metal y pl\u00e1stico - DC Electronica\" \/>\n<meta property=\"og:description\" content=\"MG90S Micro servo con engranajes de metal y pl\u00e1stico para coches, barcos, aviones y helic\u00f3pteros RC Longitud del cable: 24 cm. Par de bloqueo: 2 kg\/cm (4,8 V). Velocidad de funcionamiento: 0,11 s\/60 grados (4,8 V). Voltaje de funcionamiento: 4,8 V. Rango de temperatura: 0 \u00b0C, 55 \u00b0C.\" \/>\n<meta property=\"og:url\" content=\"https:\/\/dashboard.dcelectronicapty.com\/index.php\/producto\/mg90s-micro-servo-con-engranajes-de-metal-y-plastico\/\" \/>\n<meta property=\"og:site_name\" content=\"DC Electronica\" \/>\n<meta property=\"article:publisher\" content=\"https:\/\/www.facebook.com\/dcelectronicapty\" \/>\n<meta property=\"article:modified_time\" content=\"2025-09-06T02:17:03+00:00\" \/>\n<meta property=\"og:image\" content=\"https:\/\/i0.wp.com\/dashboard.dcelectronicapty.com\/wp-content\/uploads\/2025\/09\/micro-servo-mg90s-engranajes-plasticos-180.jpg?fit=455%2C455&ssl=1\" \/>\n\t<meta property=\"og:image:width\" content=\"455\" \/>\n\t<meta property=\"og:image:height\" content=\"455\" \/>\n\t<meta property=\"og:image:type\" content=\"image\/jpeg\" \/>\n<meta name=\"twitter:card\" content=\"summary_large_image\" \/>\n<script type=\"application\/ld+json\" class=\"yoast-schema-graph\">{\"@context\":\"https:\/\/schema.org\",\"@graph\":[{\"@type\":\"WebPage\",\"@id\":\"https:\/\/dashboard.dcelectronicapty.com\/index.php\/producto\/mg90s-micro-servo-con-engranajes-de-metal-y-plastico\/\",\"url\":\"https:\/\/dashboard.dcelectronicapty.com\/index.php\/producto\/mg90s-micro-servo-con-engranajes-de-metal-y-plastico\/\",\"name\":\"MG90S Micro servo con engranajes de metal y pl\u00e1stico - DC Electronica\",\"isPartOf\":{\"@id\":\"https:\/\/dashboard.dcelectronicapty.com\/#website\"},\"primaryImageOfPage\":{\"@id\":\"https:\/\/dashboard.dcelectronicapty.com\/index.php\/producto\/mg90s-micro-servo-con-engranajes-de-metal-y-plastico\/#primaryimage\"},\"image\":{\"@id\":\"https:\/\/dashboard.dcelectronicapty.com\/index.php\/producto\/mg90s-micro-servo-con-engranajes-de-metal-y-plastico\/#primaryimage\"},\"thumbnailUrl\":\"https:\/\/i0.wp.com\/dashboard.dcelectronicapty.com\/wp-content\/uploads\/2025\/09\/micro-servo-mg90s-engranajes-plasticos-180.jpg?fit=455%2C455&ssl=1\",\"datePublished\":\"2025-09-06T02:14:59+00:00\",\"dateModified\":\"2025-09-06T02:17:03+00:00\",\"breadcrumb\":{\"@id\":\"https:\/\/dashboard.dcelectronicapty.com\/index.php\/producto\/mg90s-micro-servo-con-engranajes-de-metal-y-plastico\/#breadcrumb\"},\"inLanguage\":\"en-US\",\"potentialAction\":[{\"@type\":\"ReadAction\",\"target\":[\"https:\/\/dashboard.dcelectronicapty.com\/index.php\/producto\/mg90s-micro-servo-con-engranajes-de-metal-y-plastico\/\"]}]},{\"@type\":\"ImageObject\",\"inLanguage\":\"en-US\",\"@id\":\"https:\/\/dashboard.dcelectronicapty.com\/index.php\/producto\/mg90s-micro-servo-con-engranajes-de-metal-y-plastico\/#primaryimage\",\"url\":\"https:\/\/i0.wp.com\/dashboard.dcelectronicapty.com\/wp-content\/uploads\/2025\/09\/micro-servo-mg90s-engranajes-plasticos-180.jpg?fit=455%2C455&ssl=1\",\"contentUrl\":\"https:\/\/i0.wp.com\/dashboard.dcelectronicapty.com\/wp-content\/uploads\/2025\/09\/micro-servo-mg90s-engranajes-plasticos-180.jpg?fit=455%2C455&ssl=1\",\"width\":455,\"height\":455},{\"@type\":\"BreadcrumbList\",\"@id\":\"https:\/\/dashboard.dcelectronicapty.com\/index.php\/producto\/mg90s-micro-servo-con-engranajes-de-metal-y-plastico\/#breadcrumb\",\"itemListElement\":[{\"@type\":\"ListItem\",\"position\":1,\"name\":\"Home\",\"item\":\"https:\/\/dashboard.dcelectronicapty.com\/\"},{\"@type\":\"ListItem\",\"position\":2,\"name\":\"Tienda\",\"item\":\"https:\/\/dashboard.dcelectronicapty.com\/index.php\/tienda\/\"},{\"@type\":\"ListItem\",\"position\":3,\"name\":\"MG90S Micro servo con engranajes de metal y pl\u00e1stico\"}]},{\"@type\":\"WebSite\",\"@id\":\"https:\/\/dashboard.dcelectronicapty.com\/#website\",\"url\":\"https:\/\/dashboard.dcelectronicapty.com\/\",\"name\":\"DC Electronica\",\"description\":\"\",\"publisher\":{\"@id\":\"https:\/\/dashboard.dcelectronicapty.com\/#organization\"},\"potentialAction\":[{\"@type\":\"SearchAction\",\"target\":{\"@type\":\"EntryPoint\",\"urlTemplate\":\"https:\/\/dashboard.dcelectronicapty.com\/?s={search_term_string}\"},\"query-input\":{\"@type\":\"PropertyValueSpecification\",\"valueRequired\":true,\"valueName\":\"search_term_string\"}}],\"inLanguage\":\"en-US\"},{\"@type\":\"Organization\",\"@id\":\"https:\/\/dashboard.dcelectronicapty.com\/#organization\",\"name\":\"DC Electronica\",\"url\":\"https:\/\/dashboard.dcelectronicapty.com\/\",\"logo\":{\"@type\":\"ImageObject\",\"inLanguage\":\"en-US\",\"@id\":\"https:\/\/dashboard.dcelectronicapty.com\/#\/schema\/logo\/image\/\",\"url\":\"https:\/\/i0.wp.com\/dashboard.dcelectronicapty.com\/wp-content\/uploads\/2023\/02\/cropped-cropped-Logo.png?fit=241%2C195&ssl=1\",\"contentUrl\":\"https:\/\/i0.wp.com\/dashboard.dcelectronicapty.com\/wp-content\/uploads\/2023\/02\/cropped-cropped-Logo.png?fit=241%2C195&ssl=1\",\"width\":241,\"height\":195,\"caption\":\"DC Electronica\"},\"image\":{\"@id\":\"https:\/\/dashboard.dcelectronicapty.com\/#\/schema\/logo\/image\/\"},\"sameAs\":[\"https:\/\/www.facebook.com\/dcelectronicapty\",\"https:\/\/www.instagram.com\/dcelectronicapty\/\"]}]}<\/script>\n<!-- \/ Yoast SEO plugin. -->","yoast_head_json":{"title":"MG90S Micro servo con engranajes de metal y pl\u00e1stico - DC Electronica","robots":{"index":"index","follow":"follow","max-snippet":"max-snippet:-1","max-image-preview":"max-image-preview:large","max-video-preview":"max-video-preview:-1"},"canonical":"https:\/\/dashboard.dcelectronicapty.com\/index.php\/producto\/mg90s-micro-servo-con-engranajes-de-metal-y-plastico\/","og_locale":"en_US","og_type":"article","og_title":"MG90S Micro servo con engranajes de metal y pl\u00e1stico - DC Electronica","og_description":"MG90S Micro servo con engranajes de metal y pl\u00e1stico para coches, barcos, aviones y helic\u00f3pteros RC Longitud del cable: 24 cm. Par de bloqueo: 2 kg\/cm (4,8 V). Velocidad de funcionamiento: 0,11 s\/60 grados (4,8 V). Voltaje de funcionamiento: 4,8 V. Rango de temperatura: 0 \u00b0C, 55 \u00b0C.","og_url":"https:\/\/dashboard.dcelectronicapty.com\/index.php\/producto\/mg90s-micro-servo-con-engranajes-de-metal-y-plastico\/","og_site_name":"DC Electronica","article_publisher":"https:\/\/www.facebook.com\/dcelectronicapty","article_modified_time":"2025-09-06T02:17:03+00:00","og_image":[{"width":455,"height":455,"url":"https:\/\/i0.wp.com\/dashboard.dcelectronicapty.com\/wp-content\/uploads\/2025\/09\/micro-servo-mg90s-engranajes-plasticos-180.jpg?fit=455%2C455&ssl=1","type":"image\/jpeg"}],"twitter_card":"summary_large_image","schema":{"@context":"https:\/\/schema.org","@graph":[{"@type":"WebPage","@id":"https:\/\/dashboard.dcelectronicapty.com\/index.php\/producto\/mg90s-micro-servo-con-engranajes-de-metal-y-plastico\/","url":"https:\/\/dashboard.dcelectronicapty.com\/index.php\/producto\/mg90s-micro-servo-con-engranajes-de-metal-y-plastico\/","name":"MG90S Micro servo con engranajes de metal y pl\u00e1stico - DC Electronica","isPartOf":{"@id":"https:\/\/dashboard.dcelectronicapty.com\/#website"},"primaryImageOfPage":{"@id":"https:\/\/dashboard.dcelectronicapty.com\/index.php\/producto\/mg90s-micro-servo-con-engranajes-de-metal-y-plastico\/#primaryimage"},"image":{"@id":"https:\/\/dashboard.dcelectronicapty.com\/index.php\/producto\/mg90s-micro-servo-con-engranajes-de-metal-y-plastico\/#primaryimage"},"thumbnailUrl":"https:\/\/i0.wp.com\/dashboard.dcelectronicapty.com\/wp-content\/uploads\/2025\/09\/micro-servo-mg90s-engranajes-plasticos-180.jpg?fit=455%2C455&ssl=1","datePublished":"2025-09-06T02:14:59+00:00","dateModified":"2025-09-06T02:17:03+00:00","breadcrumb":{"@id":"https:\/\/dashboard.dcelectronicapty.com\/index.php\/producto\/mg90s-micro-servo-con-engranajes-de-metal-y-plastico\/#breadcrumb"},"inLanguage":"en-US","potentialAction":[{"@type":"ReadAction","target":["https:\/\/dashboard.dcelectronicapty.com\/index.php\/producto\/mg90s-micro-servo-con-engranajes-de-metal-y-plastico\/"]}]},{"@type":"ImageObject","inLanguage":"en-US","@id":"https:\/\/dashboard.dcelectronicapty.com\/index.php\/producto\/mg90s-micro-servo-con-engranajes-de-metal-y-plastico\/#primaryimage","url":"https:\/\/i0.wp.com\/dashboard.dcelectronicapty.com\/wp-content\/uploads\/2025\/09\/micro-servo-mg90s-engranajes-plasticos-180.jpg?fit=455%2C455&ssl=1","contentUrl":"https:\/\/i0.wp.com\/dashboard.dcelectronicapty.com\/wp-content\/uploads\/2025\/09\/micro-servo-mg90s-engranajes-plasticos-180.jpg?fit=455%2C455&ssl=1","width":455,"height":455},{"@type":"BreadcrumbList","@id":"https:\/\/dashboard.dcelectronicapty.com\/index.php\/producto\/mg90s-micro-servo-con-engranajes-de-metal-y-plastico\/#breadcrumb","itemListElement":[{"@type":"ListItem","position":1,"name":"Home","item":"https:\/\/dashboard.dcelectronicapty.com\/"},{"@type":"ListItem","position":2,"name":"Tienda","item":"https:\/\/dashboard.dcelectronicapty.com\/index.php\/tienda\/"},{"@type":"ListItem","position":3,"name":"MG90S Micro servo con engranajes de metal y pl\u00e1stico"}]},{"@type":"WebSite","@id":"https:\/\/dashboard.dcelectronicapty.com\/#website","url":"https:\/\/dashboard.dcelectronicapty.com\/","name":"DC Electronica","description":"","publisher":{"@id":"https:\/\/dashboard.dcelectronicapty.com\/#organization"},"potentialAction":[{"@type":"SearchAction","target":{"@type":"EntryPoint","urlTemplate":"https:\/\/dashboard.dcelectronicapty.com\/?s={search_term_string}"},"query-input":{"@type":"PropertyValueSpecification","valueRequired":true,"valueName":"search_term_string"}}],"inLanguage":"en-US"},{"@type":"Organization","@id":"https:\/\/dashboard.dcelectronicapty.com\/#organization","name":"DC Electronica","url":"https:\/\/dashboard.dcelectronicapty.com\/","logo":{"@type":"ImageObject","inLanguage":"en-US","@id":"https:\/\/dashboard.dcelectronicapty.com\/#\/schema\/logo\/image\/","url":"https:\/\/i0.wp.com\/dashboard.dcelectronicapty.com\/wp-content\/uploads\/2023\/02\/cropped-cropped-Logo.png?fit=241%2C195&ssl=1","contentUrl":"https:\/\/i0.wp.com\/dashboard.dcelectronicapty.com\/wp-content\/uploads\/2023\/02\/cropped-cropped-Logo.png?fit=241%2C195&ssl=1","width":241,"height":195,"caption":"DC Electronica"},"image":{"@id":"https:\/\/dashboard.dcelectronicapty.com\/#\/schema\/logo\/image\/"},"sameAs":["https:\/\/www.facebook.com\/dcelectronicapty","https:\/\/www.instagram.com\/dcelectronicapty\/"]}]}},"_links":{"self":[{"href":"https:\/\/dashboard.dcelectronicapty.com\/index.php\/wp-json\/wp\/v2\/product\/1033","targetHints":{"allow":["GET"]}}],"collection":[{"href":"https:\/\/dashboard.dcelectronicapty.com\/index.php\/wp-json\/wp\/v2\/product"}],"about":[{"href":"https:\/\/dashboard.dcelectronicapty.com\/index.php\/wp-json\/wp\/v2\/types\/product"}],"replies":[{"embeddable":true,"href":"https:\/\/dashboard.dcelectronicapty.com\/index.php\/wp-json\/wp\/v2\/comments?post=1033"}],"wp:featuredmedia":[{"embeddable":true,"href":"https:\/\/dashboard.dcelectronicapty.com\/index.php\/wp-json\/wp\/v2\/media\/1034"}],"wp:attachment":[{"href":"https:\/\/dashboard.dcelectronicapty.com\/index.php\/wp-json\/wp\/v2\/media?parent=1033"}],"wp:term":[{"taxonomy":"product_cat","embeddable":true,"href":"https:\/\/dashboard.dcelectronicapty.com\/index.php\/wp-json\/wp\/v2\/product_cat?post=1033"},{"taxonomy":"product_tag","embeddable":true,"href":"https:\/\/dashboard.dcelectronicapty.com\/index.php\/wp-json\/wp\/v2\/product_tag?post=1033"}],"curies":[{"name":"wp","href":"https:\/\/api.w.org\/{rel}","templated":true}]}}