{"id":1035,"date":"2025-09-06T02:22:27","date_gmt":"2025-09-06T02:22:27","guid":{"rendered":"https:\/\/dashboard.dcelectronicapty.com\/?post_type=product&#038;p=1035"},"modified":"2026-03-14T22:25:00","modified_gmt":"2026-03-14T22:25:00","slug":"fuente-de-poder-camaras-electronica-panama","status":"publish","type":"product","link":"https:\/\/dashboard.dcelectronicapty.com\/index.php\/producto\/fuente-de-poder-camaras-electronica-panama\/","title":{"rendered":"Fuente de Poder 12V 10A para C\u00e1maras de Seguridad, LED y Electr\u00f3nica"},"content":{"rendered":"<p>La <strong data-start=\"146\" data-end=\"173\">fuente de poder 12V 16A<\/strong> es ideal para alimentar <strong data-start=\"198\" data-end=\"270\">c\u00e1maras de seguridad, tiras LED, routers y dispositivos electr\u00f3nicos<\/strong> que requieren un suministro estable de <strong data-start=\"310\" data-end=\"320\">12V DC<\/strong>. Su capacidad de <strong data-start=\"338\" data-end=\"353\">16 amperios<\/strong> permite alimentar m\u00faltiples equipos al mismo tiempo de forma segura y eficiente.<\/p>\n<p data-start=\"793\" data-end=\"813\"><strong data-start=\"793\" data-end=\"813\">Especificaciones<\/strong><\/p>\n<ul>\n<li data-start=\"817\" data-end=\"848\">Voltaje de salida: <strong data-start=\"836\" data-end=\"846\">12V DC<\/strong><\/li>\n<li data-start=\"851\" data-end=\"878\">Corriente m\u00e1xima: <strong data-start=\"869\" data-end=\"876\">10A<\/strong><\/li>\n<li data-start=\"881\" data-end=\"901\">Potencia: <strong data-start=\"891\" data-end=\"899\">120W<\/strong><\/li>\n<li data-start=\"904\" data-end=\"933\">Entrada: <strong data-start=\"913\" data-end=\"931\">110V \u2013 220V AC<\/strong><\/li>\n<\/ul>\n<p data-start=\"1209\" data-end=\"1230\"><strong data-start=\"1209\" data-end=\"1230\">Usos recomendados<\/strong><\/p>\n<ul>\n<li data-start=\"1234\" data-end=\"1265\"><strong data-start=\"1234\" data-end=\"1263\">C\u00e1maras de seguridad CCTV<\/strong><\/li>\n<li data-start=\"1268\" data-end=\"1301\"><strong data-start=\"1268\" data-end=\"1299\">Sistemas de videovigilancia<\/strong><\/li>\n<li data-start=\"1304\" data-end=\"1345\"><strong data-start=\"1304\" data-end=\"1343\">Tiras LED y sistemas de iluminaci\u00f3n<\/strong><\/li>\n<li data-start=\"1348\" data-end=\"1371\"><strong data-start=\"1348\" data-end=\"1369\">Control de acceso<\/strong><\/li>\n<li data-start=\"1374\" data-end=\"1410\"><strong data-start=\"1374\" data-end=\"1408\">Routers y equipos electr\u00f3nicos<\/strong><\/li>\n<li data-start=\"1413\" data-end=\"1455\"><strong data-start=\"1413\" data-end=\"1455\">Proyectos de dom\u00f3tica y automatizaci\u00f3n<\/strong><\/li>\n<\/ul>\n<p>&nbsp;<\/p>\n","protected":false},"excerpt":{"rendered":"<p>La fuente de poder 12V 16A es ideal para alimentar c\u00e1maras de seguridad, tiras LED, routers y dispositivos electr\u00f3nicos que requieren un suministro estable de 12V DC. Su capacidad de 16 amperios permite alimentar m\u00faltiples equipos al mismo tiempo de forma segura y eficiente. Especificaciones Voltaje de salida: 12V DC Corriente m\u00e1xima: 10A Potencia: 120W &hellip;<\/p>\n<p class=\"read-more\"> <a class=\"\" href=\"https:\/\/dashboard.dcelectronicapty.com\/index.php\/producto\/fuente-de-poder-camaras-electronica-panama\/\"> <span class=\"screen-reader-text\">Fuente de Poder 12V 10A para C\u00e1maras de Seguridad, LED y Electr\u00f3nica<\/span> Read More &raquo;<\/a><\/p>\n","protected":false},"featured_media":1036,"comment_status":"open","ping_status":"closed","template":"","meta":{"site-sidebar-layout":"default","site-content-layout":"default","ast-global-header-display":"","ast-main-header-display":"","ast-hfb-above-header-display":"","ast-hfb-below-header-display":"","ast-hfb-mobile-header-display":"","site-post-title":"","ast-breadcrumbs-content":"","ast-featured-img":"","footer-sml-layout":"","theme-transparent-header-meta":"default","adv-header-id-meta":"","stick-header-meta":"","header-above-stick-meta":"","header-main-stick-meta":"","header-below-stick-meta":"","_joinchat":[]},"product_cat":[86,56],"product_tag":[],"class_list":["post-1035","product","type-product","status-publish","has-post-thumbnail","hentry","product_cat-fuentes-de-poder","product_cat-electronica"],"yoast_head":"<!-- This site is optimized with the Yoast SEO plugin v27.1.1 - https:\/\/yoast.com\/product\/yoast-seo-wordpress\/ -->\n<title>Fuente de Poder 12V 10A para C\u00e1maras de Seguridad, LED y Electr\u00f3nica - DC Electronica<\/title>\n<meta name=\"description\" content=\"Fuente de poder 12V 10A ideal para c\u00e1maras de seguridad CCTV, tiras LED y equipos electr\u00f3nicos. Energ\u00eda estable y segura.\" \/>\n<meta name=\"robots\" content=\"index, follow, max-snippet:-1, max-image-preview:large, max-video-preview:-1\" \/>\n<link rel=\"canonical\" href=\"https:\/\/dashboard.dcelectronicapty.com\/index.php\/producto\/fuente-de-poder-camaras-electronica-panama\/\" \/>\n<meta property=\"og:locale\" content=\"en_US\" \/>\n<meta property=\"og:type\" content=\"article\" \/>\n<meta property=\"og:title\" content=\"Fuente de Poder 12V 10A para C\u00e1maras de Seguridad, LED y Electr\u00f3nica - DC Electronica\" \/>\n<meta property=\"og:description\" content=\"Fuente de poder 12V 10A ideal para c\u00e1maras de seguridad CCTV, tiras LED y equipos electr\u00f3nicos. Energ\u00eda estable y segura.\" \/>\n<meta property=\"og:url\" content=\"https:\/\/dashboard.dcelectronicapty.com\/index.php\/producto\/fuente-de-poder-camaras-electronica-panama\/\" \/>\n<meta property=\"og:site_name\" content=\"DC Electronica\" \/>\n<meta property=\"article:publisher\" content=\"https:\/\/www.facebook.com\/dcelectronicapty\" \/>\n<meta property=\"article:modified_time\" content=\"2026-03-14T22:25:00+00:00\" \/>\n<meta property=\"og:image\" content=\"http:\/\/dashboard.dcelectronicapty.com\/wp-content\/uploads\/2025\/09\/12v10A.webp\" \/>\n\t<meta property=\"og:image:width\" content=\"1000\" \/>\n\t<meta property=\"og:image:height\" content=\"1000\" \/>\n\t<meta property=\"og:image:type\" content=\"image\/webp\" \/>\n<meta name=\"twitter:card\" content=\"summary_large_image\" \/>\n<meta name=\"twitter:label1\" content=\"Est. reading time\" \/>\n\t<meta name=\"twitter:data1\" content=\"1 minute\" \/>\n<script type=\"application\/ld+json\" class=\"yoast-schema-graph\">{\"@context\":\"https:\/\/schema.org\",\"@graph\":[{\"@type\":\"WebPage\",\"@id\":\"https:\/\/dashboard.dcelectronicapty.com\/index.php\/producto\/fuente-de-poder-camaras-electronica-panama\/\",\"url\":\"https:\/\/dashboard.dcelectronicapty.com\/index.php\/producto\/fuente-de-poder-camaras-electronica-panama\/\",\"name\":\"Fuente de Poder 12V 10A para C\u00e1maras de Seguridad, LED y Electr\u00f3nica - DC Electronica\",\"isPartOf\":{\"@id\":\"https:\/\/dashboard.dcelectronicapty.com\/#website\"},\"primaryImageOfPage\":{\"@id\":\"https:\/\/dashboard.dcelectronicapty.com\/index.php\/producto\/fuente-de-poder-camaras-electronica-panama\/#primaryimage\"},\"image\":{\"@id\":\"https:\/\/dashboard.dcelectronicapty.com\/index.php\/producto\/fuente-de-poder-camaras-electronica-panama\/#primaryimage\"},\"thumbnailUrl\":\"https:\/\/i0.wp.com\/dashboard.dcelectronicapty.com\/wp-content\/uploads\/2025\/09\/12v10A.webp?fit=1000%2C1000&ssl=1\",\"datePublished\":\"2025-09-06T02:22:27+00:00\",\"dateModified\":\"2026-03-14T22:25:00+00:00\",\"description\":\"Fuente de poder 12V 10A ideal para c\u00e1maras de seguridad CCTV, tiras LED y equipos electr\u00f3nicos. Energ\u00eda estable y segura.\",\"breadcrumb\":{\"@id\":\"https:\/\/dashboard.dcelectronicapty.com\/index.php\/producto\/fuente-de-poder-camaras-electronica-panama\/#breadcrumb\"},\"inLanguage\":\"en-US\",\"potentialAction\":[{\"@type\":\"ReadAction\",\"target\":[\"https:\/\/dashboard.dcelectronicapty.com\/index.php\/producto\/fuente-de-poder-camaras-electronica-panama\/\"]}]},{\"@type\":\"ImageObject\",\"inLanguage\":\"en-US\",\"@id\":\"https:\/\/dashboard.dcelectronicapty.com\/index.php\/producto\/fuente-de-poder-camaras-electronica-panama\/#primaryimage\",\"url\":\"https:\/\/i0.wp.com\/dashboard.dcelectronicapty.com\/wp-content\/uploads\/2025\/09\/12v10A.webp?fit=1000%2C1000&ssl=1\",\"contentUrl\":\"https:\/\/i0.wp.com\/dashboard.dcelectronicapty.com\/wp-content\/uploads\/2025\/09\/12v10A.webp?fit=1000%2C1000&ssl=1\",\"width\":1000,\"height\":1000},{\"@type\":\"BreadcrumbList\",\"@id\":\"https:\/\/dashboard.dcelectronicapty.com\/index.php\/producto\/fuente-de-poder-camaras-electronica-panama\/#breadcrumb\",\"itemListElement\":[{\"@type\":\"ListItem\",\"position\":1,\"name\":\"Home\",\"item\":\"https:\/\/dashboard.dcelectronicapty.com\/\"},{\"@type\":\"ListItem\",\"position\":2,\"name\":\"Tienda\",\"item\":\"https:\/\/dashboard.dcelectronicapty.com\/index.php\/tienda\/\"},{\"@type\":\"ListItem\",\"position\":3,\"name\":\"Fuente de Poder 12V 10A para C\u00e1maras de Seguridad, LED y Electr\u00f3nica\"}]},{\"@type\":\"WebSite\",\"@id\":\"https:\/\/dashboard.dcelectronicapty.com\/#website\",\"url\":\"https:\/\/dashboard.dcelectronicapty.com\/\",\"name\":\"DC Electronica\",\"description\":\"\",\"publisher\":{\"@id\":\"https:\/\/dashboard.dcelectronicapty.com\/#organization\"},\"potentialAction\":[{\"@type\":\"SearchAction\",\"target\":{\"@type\":\"EntryPoint\",\"urlTemplate\":\"https:\/\/dashboard.dcelectronicapty.com\/?s={search_term_string}\"},\"query-input\":{\"@type\":\"PropertyValueSpecification\",\"valueRequired\":true,\"valueName\":\"search_term_string\"}}],\"inLanguage\":\"en-US\"},{\"@type\":\"Organization\",\"@id\":\"https:\/\/dashboard.dcelectronicapty.com\/#organization\",\"name\":\"DC Electronica\",\"url\":\"https:\/\/dashboard.dcelectronicapty.com\/\",\"logo\":{\"@type\":\"ImageObject\",\"inLanguage\":\"en-US\",\"@id\":\"https:\/\/dashboard.dcelectronicapty.com\/#\/schema\/logo\/image\/\",\"url\":\"https:\/\/i0.wp.com\/dashboard.dcelectronicapty.com\/wp-content\/uploads\/2023\/02\/cropped-cropped-Logo.png?fit=241%2C195&ssl=1\",\"contentUrl\":\"https:\/\/i0.wp.com\/dashboard.dcelectronicapty.com\/wp-content\/uploads\/2023\/02\/cropped-cropped-Logo.png?fit=241%2C195&ssl=1\",\"width\":241,\"height\":195,\"caption\":\"DC Electronica\"},\"image\":{\"@id\":\"https:\/\/dashboard.dcelectronicapty.com\/#\/schema\/logo\/image\/\"},\"sameAs\":[\"https:\/\/www.facebook.com\/dcelectronicapty\",\"https:\/\/www.instagram.com\/dcelectronicapty\/\"]}]}<\/script>\n<!-- \/ Yoast SEO plugin. -->","yoast_head_json":{"title":"Fuente de Poder 12V 10A para C\u00e1maras de Seguridad, LED y Electr\u00f3nica - DC Electronica","description":"Fuente de poder 12V 10A ideal para c\u00e1maras de seguridad CCTV, tiras LED y equipos electr\u00f3nicos. Energ\u00eda estable y segura.","robots":{"index":"index","follow":"follow","max-snippet":"max-snippet:-1","max-image-preview":"max-image-preview:large","max-video-preview":"max-video-preview:-1"},"canonical":"https:\/\/dashboard.dcelectronicapty.com\/index.php\/producto\/fuente-de-poder-camaras-electronica-panama\/","og_locale":"en_US","og_type":"article","og_title":"Fuente de Poder 12V 10A para C\u00e1maras de Seguridad, LED y Electr\u00f3nica - DC Electronica","og_description":"Fuente de poder 12V 10A ideal para c\u00e1maras de seguridad CCTV, tiras LED y equipos electr\u00f3nicos. Energ\u00eda estable y segura.","og_url":"https:\/\/dashboard.dcelectronicapty.com\/index.php\/producto\/fuente-de-poder-camaras-electronica-panama\/","og_site_name":"DC Electronica","article_publisher":"https:\/\/www.facebook.com\/dcelectronicapty","article_modified_time":"2026-03-14T22:25:00+00:00","og_image":[{"width":1000,"height":1000,"url":"http:\/\/dashboard.dcelectronicapty.com\/wp-content\/uploads\/2025\/09\/12v10A.webp","type":"image\/webp"}],"twitter_card":"summary_large_image","twitter_misc":{"Est. reading time":"1 minute"},"schema":{"@context":"https:\/\/schema.org","@graph":[{"@type":"WebPage","@id":"https:\/\/dashboard.dcelectronicapty.com\/index.php\/producto\/fuente-de-poder-camaras-electronica-panama\/","url":"https:\/\/dashboard.dcelectronicapty.com\/index.php\/producto\/fuente-de-poder-camaras-electronica-panama\/","name":"Fuente de Poder 12V 10A para C\u00e1maras de Seguridad, LED y Electr\u00f3nica - DC Electronica","isPartOf":{"@id":"https:\/\/dashboard.dcelectronicapty.com\/#website"},"primaryImageOfPage":{"@id":"https:\/\/dashboard.dcelectronicapty.com\/index.php\/producto\/fuente-de-poder-camaras-electronica-panama\/#primaryimage"},"image":{"@id":"https:\/\/dashboard.dcelectronicapty.com\/index.php\/producto\/fuente-de-poder-camaras-electronica-panama\/#primaryimage"},"thumbnailUrl":"https:\/\/i0.wp.com\/dashboard.dcelectronicapty.com\/wp-content\/uploads\/2025\/09\/12v10A.webp?fit=1000%2C1000&ssl=1","datePublished":"2025-09-06T02:22:27+00:00","dateModified":"2026-03-14T22:25:00+00:00","description":"Fuente de poder 12V 10A ideal para c\u00e1maras de seguridad CCTV, tiras LED y equipos electr\u00f3nicos. Energ\u00eda estable y segura.","breadcrumb":{"@id":"https:\/\/dashboard.dcelectronicapty.com\/index.php\/producto\/fuente-de-poder-camaras-electronica-panama\/#breadcrumb"},"inLanguage":"en-US","potentialAction":[{"@type":"ReadAction","target":["https:\/\/dashboard.dcelectronicapty.com\/index.php\/producto\/fuente-de-poder-camaras-electronica-panama\/"]}]},{"@type":"ImageObject","inLanguage":"en-US","@id":"https:\/\/dashboard.dcelectronicapty.com\/index.php\/producto\/fuente-de-poder-camaras-electronica-panama\/#primaryimage","url":"https:\/\/i0.wp.com\/dashboard.dcelectronicapty.com\/wp-content\/uploads\/2025\/09\/12v10A.webp?fit=1000%2C1000&ssl=1","contentUrl":"https:\/\/i0.wp.com\/dashboard.dcelectronicapty.com\/wp-content\/uploads\/2025\/09\/12v10A.webp?fit=1000%2C1000&ssl=1","width":1000,"height":1000},{"@type":"BreadcrumbList","@id":"https:\/\/dashboard.dcelectronicapty.com\/index.php\/producto\/fuente-de-poder-camaras-electronica-panama\/#breadcrumb","itemListElement":[{"@type":"ListItem","position":1,"name":"Home","item":"https:\/\/dashboard.dcelectronicapty.com\/"},{"@type":"ListItem","position":2,"name":"Tienda","item":"https:\/\/dashboard.dcelectronicapty.com\/index.php\/tienda\/"},{"@type":"ListItem","position":3,"name":"Fuente de Poder 12V 10A para C\u00e1maras de Seguridad, LED y Electr\u00f3nica"}]},{"@type":"WebSite","@id":"https:\/\/dashboard.dcelectronicapty.com\/#website","url":"https:\/\/dashboard.dcelectronicapty.com\/","name":"DC Electronica","description":"","publisher":{"@id":"https:\/\/dashboard.dcelectronicapty.com\/#organization"},"potentialAction":[{"@type":"SearchAction","target":{"@type":"EntryPoint","urlTemplate":"https:\/\/dashboard.dcelectronicapty.com\/?s={search_term_string}"},"query-input":{"@type":"PropertyValueSpecification","valueRequired":true,"valueName":"search_term_string"}}],"inLanguage":"en-US"},{"@type":"Organization","@id":"https:\/\/dashboard.dcelectronicapty.com\/#organization","name":"DC Electronica","url":"https:\/\/dashboard.dcelectronicapty.com\/","logo":{"@type":"ImageObject","inLanguage":"en-US","@id":"https:\/\/dashboard.dcelectronicapty.com\/#\/schema\/logo\/image\/","url":"https:\/\/i0.wp.com\/dashboard.dcelectronicapty.com\/wp-content\/uploads\/2023\/02\/cropped-cropped-Logo.png?fit=241%2C195&ssl=1","contentUrl":"https:\/\/i0.wp.com\/dashboard.dcelectronicapty.com\/wp-content\/uploads\/2023\/02\/cropped-cropped-Logo.png?fit=241%2C195&ssl=1","width":241,"height":195,"caption":"DC Electronica"},"image":{"@id":"https:\/\/dashboard.dcelectronicapty.com\/#\/schema\/logo\/image\/"},"sameAs":["https:\/\/www.facebook.com\/dcelectronicapty","https:\/\/www.instagram.com\/dcelectronicapty\/"]}]}},"_links":{"self":[{"href":"https:\/\/dashboard.dcelectronicapty.com\/index.php\/wp-json\/wp\/v2\/product\/1035","targetHints":{"allow":["GET"]}}],"collection":[{"href":"https:\/\/dashboard.dcelectronicapty.com\/index.php\/wp-json\/wp\/v2\/product"}],"about":[{"href":"https:\/\/dashboard.dcelectronicapty.com\/index.php\/wp-json\/wp\/v2\/types\/product"}],"replies":[{"embeddable":true,"href":"https:\/\/dashboard.dcelectronicapty.com\/index.php\/wp-json\/wp\/v2\/comments?post=1035"}],"wp:featuredmedia":[{"embeddable":true,"href":"https:\/\/dashboard.dcelectronicapty.com\/index.php\/wp-json\/wp\/v2\/media\/1036"}],"wp:attachment":[{"href":"https:\/\/dashboard.dcelectronicapty.com\/index.php\/wp-json\/wp\/v2\/media?parent=1035"}],"wp:term":[{"taxonomy":"product_cat","embeddable":true,"href":"https:\/\/dashboard.dcelectronicapty.com\/index.php\/wp-json\/wp\/v2\/product_cat?post=1035"},{"taxonomy":"product_tag","embeddable":true,"href":"https:\/\/dashboard.dcelectronicapty.com\/index.php\/wp-json\/wp\/v2\/product_tag?post=1035"}],"curies":[{"name":"wp","href":"https:\/\/api.w.org\/{rel}","templated":true}]}}