{"id":1049,"date":"2025-09-06T03:03:25","date_gmt":"2025-09-06T03:03:25","guid":{"rendered":"https:\/\/dashboard.dcelectronicapty.com\/?post_type=product&#038;p=1049"},"modified":"2025-09-06T03:04:51","modified_gmt":"2025-09-06T03:04:51","slug":"modulo-de-pantalla-oled-de-049-pulgadas-64x32","status":"publish","type":"product","link":"https:\/\/dashboard.dcelectronicapty.com\/index.php\/producto\/modulo-de-pantalla-oled-de-049-pulgadas-64x32\/","title":{"rendered":"M\u00f3dulo de pantalla OLED de 0,49 pulgadas 64&#215;32"},"content":{"rendered":"<p>M\u00f3dulo de pantalla OLED de 0,49 pulgadas 64&#215;32 SSD1306 Pantalla blanca de 0,49 pulgadas I2C IIC superbrillante para Arduino AVR STM32 3,0-5,5 V<\/p>\n","protected":false},"excerpt":{"rendered":"<p>La pantalla LCD 1602 es un m\u00f3dulo de visualizaci\u00f3n alfanum\u00e9rica de 16&#215;2 caracteres, que utiliza tecnolog\u00eda de cristal l\u00edquido (LCD) y es ampliamente utilizado en proyectos de electr\u00f3nica y rob\u00f3tica. Cuenta con retroiluminaci\u00f3n y se controla mediante pines de entrada\/salida conectados a una placa Arduino u otro microcontrolador.<\/p>\n","protected":false},"featured_media":1050,"comment_status":"open","ping_status":"closed","template":"","meta":{"site-sidebar-layout":"default","site-content-layout":"default","ast-global-header-display":"","ast-main-header-display":"","ast-hfb-above-header-display":"","ast-hfb-below-header-display":"","ast-hfb-mobile-header-display":"","site-post-title":"","ast-breadcrumbs-content":"","ast-featured-img":"","footer-sml-layout":"","theme-transparent-header-meta":"default","adv-header-id-meta":"","stick-header-meta":"","header-above-stick-meta":"","header-main-stick-meta":"","header-below-stick-meta":"","_joinchat":[]},"product_cat":[56,61],"product_tag":[],"class_list":["post-1049","product","type-product","status-publish","has-post-thumbnail","hentry","product_cat-electronica","product_cat-displays"],"yoast_head":"<!-- This site is optimized with the Yoast SEO plugin v27.1.1 - https:\/\/yoast.com\/product\/yoast-seo-wordpress\/ -->\n<title>M\u00f3dulo de pantalla OLED de 0,49 pulgadas 64x32 - DC Electronica<\/title>\n<meta name=\"robots\" content=\"index, follow, max-snippet:-1, max-image-preview:large, max-video-preview:-1\" \/>\n<link rel=\"canonical\" href=\"https:\/\/dashboard.dcelectronicapty.com\/index.php\/producto\/modulo-de-pantalla-oled-de-049-pulgadas-64x32\/\" \/>\n<meta property=\"og:locale\" content=\"en_US\" \/>\n<meta property=\"og:type\" content=\"article\" \/>\n<meta property=\"og:title\" content=\"M\u00f3dulo de pantalla OLED de 0,49 pulgadas 64x32 - DC Electronica\" \/>\n<meta property=\"og:description\" content=\"La pantalla LCD 1602 es un m\u00f3dulo de visualizaci\u00f3n alfanum\u00e9rica de 16x2 caracteres, que utiliza tecnolog\u00eda de cristal l\u00edquido (LCD) y es ampliamente utilizado en proyectos de electr\u00f3nica y rob\u00f3tica. Cuenta con retroiluminaci\u00f3n y se controla mediante pines de entrada\/salida conectados a una placa Arduino u otro microcontrolador.\" \/>\n<meta property=\"og:url\" content=\"https:\/\/dashboard.dcelectronicapty.com\/index.php\/producto\/modulo-de-pantalla-oled-de-049-pulgadas-64x32\/\" \/>\n<meta property=\"og:site_name\" content=\"DC Electronica\" \/>\n<meta property=\"article:publisher\" content=\"https:\/\/www.facebook.com\/dcelectronicapty\" \/>\n<meta property=\"article:modified_time\" content=\"2025-09-06T03:04:51+00:00\" \/>\n<meta property=\"og:image\" content=\"https:\/\/i0.wp.com\/dashboard.dcelectronicapty.com\/wp-content\/uploads\/2025\/09\/a260659549552ea9e6190ab4b15b9ae7.image_.420x420.jpg?fit=420%2C420&ssl=1\" \/>\n\t<meta property=\"og:image:width\" content=\"420\" \/>\n\t<meta property=\"og:image:height\" content=\"420\" \/>\n\t<meta property=\"og:image:type\" content=\"image\/jpeg\" \/>\n<meta name=\"twitter:card\" content=\"summary_large_image\" \/>\n<script type=\"application\/ld+json\" class=\"yoast-schema-graph\">{\"@context\":\"https:\/\/schema.org\",\"@graph\":[{\"@type\":\"WebPage\",\"@id\":\"https:\/\/dashboard.dcelectronicapty.com\/index.php\/producto\/modulo-de-pantalla-oled-de-049-pulgadas-64x32\/\",\"url\":\"https:\/\/dashboard.dcelectronicapty.com\/index.php\/producto\/modulo-de-pantalla-oled-de-049-pulgadas-64x32\/\",\"name\":\"M\u00f3dulo de pantalla OLED de 0,49 pulgadas 64x32 - DC Electronica\",\"isPartOf\":{\"@id\":\"https:\/\/dashboard.dcelectronicapty.com\/#website\"},\"primaryImageOfPage\":{\"@id\":\"https:\/\/dashboard.dcelectronicapty.com\/index.php\/producto\/modulo-de-pantalla-oled-de-049-pulgadas-64x32\/#primaryimage\"},\"image\":{\"@id\":\"https:\/\/dashboard.dcelectronicapty.com\/index.php\/producto\/modulo-de-pantalla-oled-de-049-pulgadas-64x32\/#primaryimage\"},\"thumbnailUrl\":\"https:\/\/i0.wp.com\/dashboard.dcelectronicapty.com\/wp-content\/uploads\/2025\/09\/a260659549552ea9e6190ab4b15b9ae7.image_.420x420.jpg?fit=420%2C420&ssl=1\",\"datePublished\":\"2025-09-06T03:03:25+00:00\",\"dateModified\":\"2025-09-06T03:04:51+00:00\",\"breadcrumb\":{\"@id\":\"https:\/\/dashboard.dcelectronicapty.com\/index.php\/producto\/modulo-de-pantalla-oled-de-049-pulgadas-64x32\/#breadcrumb\"},\"inLanguage\":\"en-US\",\"potentialAction\":[{\"@type\":\"ReadAction\",\"target\":[\"https:\/\/dashboard.dcelectronicapty.com\/index.php\/producto\/modulo-de-pantalla-oled-de-049-pulgadas-64x32\/\"]}]},{\"@type\":\"ImageObject\",\"inLanguage\":\"en-US\",\"@id\":\"https:\/\/dashboard.dcelectronicapty.com\/index.php\/producto\/modulo-de-pantalla-oled-de-049-pulgadas-64x32\/#primaryimage\",\"url\":\"https:\/\/i0.wp.com\/dashboard.dcelectronicapty.com\/wp-content\/uploads\/2025\/09\/a260659549552ea9e6190ab4b15b9ae7.image_.420x420.jpg?fit=420%2C420&ssl=1\",\"contentUrl\":\"https:\/\/i0.wp.com\/dashboard.dcelectronicapty.com\/wp-content\/uploads\/2025\/09\/a260659549552ea9e6190ab4b15b9ae7.image_.420x420.jpg?fit=420%2C420&ssl=1\",\"width\":420,\"height\":420},{\"@type\":\"BreadcrumbList\",\"@id\":\"https:\/\/dashboard.dcelectronicapty.com\/index.php\/producto\/modulo-de-pantalla-oled-de-049-pulgadas-64x32\/#breadcrumb\",\"itemListElement\":[{\"@type\":\"ListItem\",\"position\":1,\"name\":\"Home\",\"item\":\"https:\/\/dashboard.dcelectronicapty.com\/\"},{\"@type\":\"ListItem\",\"position\":2,\"name\":\"Tienda\",\"item\":\"https:\/\/dashboard.dcelectronicapty.com\/index.php\/tienda\/\"},{\"@type\":\"ListItem\",\"position\":3,\"name\":\"M\u00f3dulo de pantalla OLED de 0,49 pulgadas 64&#215;32\"}]},{\"@type\":\"WebSite\",\"@id\":\"https:\/\/dashboard.dcelectronicapty.com\/#website\",\"url\":\"https:\/\/dashboard.dcelectronicapty.com\/\",\"name\":\"DC Electronica\",\"description\":\"\",\"publisher\":{\"@id\":\"https:\/\/dashboard.dcelectronicapty.com\/#organization\"},\"potentialAction\":[{\"@type\":\"SearchAction\",\"target\":{\"@type\":\"EntryPoint\",\"urlTemplate\":\"https:\/\/dashboard.dcelectronicapty.com\/?s={search_term_string}\"},\"query-input\":{\"@type\":\"PropertyValueSpecification\",\"valueRequired\":true,\"valueName\":\"search_term_string\"}}],\"inLanguage\":\"en-US\"},{\"@type\":\"Organization\",\"@id\":\"https:\/\/dashboard.dcelectronicapty.com\/#organization\",\"name\":\"DC Electronica\",\"url\":\"https:\/\/dashboard.dcelectronicapty.com\/\",\"logo\":{\"@type\":\"ImageObject\",\"inLanguage\":\"en-US\",\"@id\":\"https:\/\/dashboard.dcelectronicapty.com\/#\/schema\/logo\/image\/\",\"url\":\"https:\/\/i0.wp.com\/dashboard.dcelectronicapty.com\/wp-content\/uploads\/2023\/02\/cropped-cropped-Logo.png?fit=241%2C195&ssl=1\",\"contentUrl\":\"https:\/\/i0.wp.com\/dashboard.dcelectronicapty.com\/wp-content\/uploads\/2023\/02\/cropped-cropped-Logo.png?fit=241%2C195&ssl=1\",\"width\":241,\"height\":195,\"caption\":\"DC Electronica\"},\"image\":{\"@id\":\"https:\/\/dashboard.dcelectronicapty.com\/#\/schema\/logo\/image\/\"},\"sameAs\":[\"https:\/\/www.facebook.com\/dcelectronicapty\",\"https:\/\/www.instagram.com\/dcelectronicapty\/\"]}]}<\/script>\n<!-- \/ Yoast SEO plugin. -->","yoast_head_json":{"title":"M\u00f3dulo de pantalla OLED de 0,49 pulgadas 64x32 - DC Electronica","robots":{"index":"index","follow":"follow","max-snippet":"max-snippet:-1","max-image-preview":"max-image-preview:large","max-video-preview":"max-video-preview:-1"},"canonical":"https:\/\/dashboard.dcelectronicapty.com\/index.php\/producto\/modulo-de-pantalla-oled-de-049-pulgadas-64x32\/","og_locale":"en_US","og_type":"article","og_title":"M\u00f3dulo de pantalla OLED de 0,49 pulgadas 64x32 - DC Electronica","og_description":"La pantalla LCD 1602 es un m\u00f3dulo de visualizaci\u00f3n alfanum\u00e9rica de 16x2 caracteres, que utiliza tecnolog\u00eda de cristal l\u00edquido (LCD) y es ampliamente utilizado en proyectos de electr\u00f3nica y rob\u00f3tica. Cuenta con retroiluminaci\u00f3n y se controla mediante pines de entrada\/salida conectados a una placa Arduino u otro microcontrolador.","og_url":"https:\/\/dashboard.dcelectronicapty.com\/index.php\/producto\/modulo-de-pantalla-oled-de-049-pulgadas-64x32\/","og_site_name":"DC Electronica","article_publisher":"https:\/\/www.facebook.com\/dcelectronicapty","article_modified_time":"2025-09-06T03:04:51+00:00","og_image":[{"width":420,"height":420,"url":"https:\/\/i0.wp.com\/dashboard.dcelectronicapty.com\/wp-content\/uploads\/2025\/09\/a260659549552ea9e6190ab4b15b9ae7.image_.420x420.jpg?fit=420%2C420&ssl=1","type":"image\/jpeg"}],"twitter_card":"summary_large_image","schema":{"@context":"https:\/\/schema.org","@graph":[{"@type":"WebPage","@id":"https:\/\/dashboard.dcelectronicapty.com\/index.php\/producto\/modulo-de-pantalla-oled-de-049-pulgadas-64x32\/","url":"https:\/\/dashboard.dcelectronicapty.com\/index.php\/producto\/modulo-de-pantalla-oled-de-049-pulgadas-64x32\/","name":"M\u00f3dulo de pantalla OLED de 0,49 pulgadas 64x32 - DC Electronica","isPartOf":{"@id":"https:\/\/dashboard.dcelectronicapty.com\/#website"},"primaryImageOfPage":{"@id":"https:\/\/dashboard.dcelectronicapty.com\/index.php\/producto\/modulo-de-pantalla-oled-de-049-pulgadas-64x32\/#primaryimage"},"image":{"@id":"https:\/\/dashboard.dcelectronicapty.com\/index.php\/producto\/modulo-de-pantalla-oled-de-049-pulgadas-64x32\/#primaryimage"},"thumbnailUrl":"https:\/\/i0.wp.com\/dashboard.dcelectronicapty.com\/wp-content\/uploads\/2025\/09\/a260659549552ea9e6190ab4b15b9ae7.image_.420x420.jpg?fit=420%2C420&ssl=1","datePublished":"2025-09-06T03:03:25+00:00","dateModified":"2025-09-06T03:04:51+00:00","breadcrumb":{"@id":"https:\/\/dashboard.dcelectronicapty.com\/index.php\/producto\/modulo-de-pantalla-oled-de-049-pulgadas-64x32\/#breadcrumb"},"inLanguage":"en-US","potentialAction":[{"@type":"ReadAction","target":["https:\/\/dashboard.dcelectronicapty.com\/index.php\/producto\/modulo-de-pantalla-oled-de-049-pulgadas-64x32\/"]}]},{"@type":"ImageObject","inLanguage":"en-US","@id":"https:\/\/dashboard.dcelectronicapty.com\/index.php\/producto\/modulo-de-pantalla-oled-de-049-pulgadas-64x32\/#primaryimage","url":"https:\/\/i0.wp.com\/dashboard.dcelectronicapty.com\/wp-content\/uploads\/2025\/09\/a260659549552ea9e6190ab4b15b9ae7.image_.420x420.jpg?fit=420%2C420&ssl=1","contentUrl":"https:\/\/i0.wp.com\/dashboard.dcelectronicapty.com\/wp-content\/uploads\/2025\/09\/a260659549552ea9e6190ab4b15b9ae7.image_.420x420.jpg?fit=420%2C420&ssl=1","width":420,"height":420},{"@type":"BreadcrumbList","@id":"https:\/\/dashboard.dcelectronicapty.com\/index.php\/producto\/modulo-de-pantalla-oled-de-049-pulgadas-64x32\/#breadcrumb","itemListElement":[{"@type":"ListItem","position":1,"name":"Home","item":"https:\/\/dashboard.dcelectronicapty.com\/"},{"@type":"ListItem","position":2,"name":"Tienda","item":"https:\/\/dashboard.dcelectronicapty.com\/index.php\/tienda\/"},{"@type":"ListItem","position":3,"name":"M\u00f3dulo de pantalla OLED de 0,49 pulgadas 64&#215;32"}]},{"@type":"WebSite","@id":"https:\/\/dashboard.dcelectronicapty.com\/#website","url":"https:\/\/dashboard.dcelectronicapty.com\/","name":"DC Electronica","description":"","publisher":{"@id":"https:\/\/dashboard.dcelectronicapty.com\/#organization"},"potentialAction":[{"@type":"SearchAction","target":{"@type":"EntryPoint","urlTemplate":"https:\/\/dashboard.dcelectronicapty.com\/?s={search_term_string}"},"query-input":{"@type":"PropertyValueSpecification","valueRequired":true,"valueName":"search_term_string"}}],"inLanguage":"en-US"},{"@type":"Organization","@id":"https:\/\/dashboard.dcelectronicapty.com\/#organization","name":"DC Electronica","url":"https:\/\/dashboard.dcelectronicapty.com\/","logo":{"@type":"ImageObject","inLanguage":"en-US","@id":"https:\/\/dashboard.dcelectronicapty.com\/#\/schema\/logo\/image\/","url":"https:\/\/i0.wp.com\/dashboard.dcelectronicapty.com\/wp-content\/uploads\/2023\/02\/cropped-cropped-Logo.png?fit=241%2C195&ssl=1","contentUrl":"https:\/\/i0.wp.com\/dashboard.dcelectronicapty.com\/wp-content\/uploads\/2023\/02\/cropped-cropped-Logo.png?fit=241%2C195&ssl=1","width":241,"height":195,"caption":"DC Electronica"},"image":{"@id":"https:\/\/dashboard.dcelectronicapty.com\/#\/schema\/logo\/image\/"},"sameAs":["https:\/\/www.facebook.com\/dcelectronicapty","https:\/\/www.instagram.com\/dcelectronicapty\/"]}]}},"_links":{"self":[{"href":"https:\/\/dashboard.dcelectronicapty.com\/index.php\/wp-json\/wp\/v2\/product\/1049","targetHints":{"allow":["GET"]}}],"collection":[{"href":"https:\/\/dashboard.dcelectronicapty.com\/index.php\/wp-json\/wp\/v2\/product"}],"about":[{"href":"https:\/\/dashboard.dcelectronicapty.com\/index.php\/wp-json\/wp\/v2\/types\/product"}],"replies":[{"embeddable":true,"href":"https:\/\/dashboard.dcelectronicapty.com\/index.php\/wp-json\/wp\/v2\/comments?post=1049"}],"wp:featuredmedia":[{"embeddable":true,"href":"https:\/\/dashboard.dcelectronicapty.com\/index.php\/wp-json\/wp\/v2\/media\/1050"}],"wp:attachment":[{"href":"https:\/\/dashboard.dcelectronicapty.com\/index.php\/wp-json\/wp\/v2\/media?parent=1049"}],"wp:term":[{"taxonomy":"product_cat","embeddable":true,"href":"https:\/\/dashboard.dcelectronicapty.com\/index.php\/wp-json\/wp\/v2\/product_cat?post=1049"},{"taxonomy":"product_tag","embeddable":true,"href":"https:\/\/dashboard.dcelectronicapty.com\/index.php\/wp-json\/wp\/v2\/product_tag?post=1049"}],"curies":[{"name":"wp","href":"https:\/\/api.w.org\/{rel}","templated":true}]}}