{"id":1053,"date":"2025-09-06T03:08:58","date_gmt":"2025-09-06T03:08:58","guid":{"rendered":"https:\/\/dashboard.dcelectronicapty.com\/?post_type=product&#038;p=1053"},"modified":"2025-09-06T03:10:25","modified_gmt":"2025-09-06T03:10:25","slug":"pantalla-led-digital-tm1637-de-4-bits","status":"publish","type":"product","link":"https:\/\/dashboard.dcelectronicapty.com\/index.php\/producto\/pantalla-led-digital-tm1637-de-4-bits\/","title":{"rendered":"Pantalla LED digital  TM1637 de 4 bits"},"content":{"rendered":"<p>Descripci\u00f3n del producto Caracter\u00edsticas del producto El m\u00f3dulo es un reloj de 12 pies, con 4 puntos, digital positivo (0,36 pulgadas) con solo dos l\u00edneas de se\u00f1al que activan los cuatro LED de 8 segmentos. Conector macho rojo que muestra cuatro tubos digitales. Interfaz de control de nivel de 5 V o 3,3 V. 4 orificios para tornillos M2 para facilitar la instalaci\u00f3n. Tubo digital ajustable. 8 gris. Descripci\u00f3n del producto M\u00f3dulo de interfaz de pantalla digital de 4 d\u00edgitos, como se muestra a continuaci\u00f3n: Interfaz de control: un total de cuatro pines (GND, VCC, DIO, CLK), GND tierra, VCC para la fuente de alimentaci\u00f3n, pines de entrada y salida de datos DIO, CLK para el pin de se\u00f1al de reloj; Tubo digital: 4 puntos de puntuaci\u00f3n de \u00e1nodo ordinarios, LED de 0,36 pulgadas, resaltes rojos; Orificio de posicionamiento: cuatro orificios de posicionamiento con tornillos M2 de 2,2 mm de di\u00e1metro, posicionamiento del m\u00f3dulo f\u00e1cil de instalar, para lograr la combinaci\u00f3n de m\u00f3dulos; . Detalles del producto Tama\u00f1o del producto: 0,2 x 0,2 x 0,2 pulgadas; 0,16 oz Peso de env\u00edo: 0,2 oz<\/p>\n","protected":false},"excerpt":{"rendered":"<p>La pantalla LCD 1602 es un m\u00f3dulo de visualizaci\u00f3n alfanum\u00e9rica de 16&#215;2 caracteres, que utiliza tecnolog\u00eda de cristal l\u00edquido (LCD) y es ampliamente utilizado en proyectos de electr\u00f3nica y rob\u00f3tica. Cuenta con retroiluminaci\u00f3n y se controla mediante pines de entrada\/salida conectados a una placa Arduino u otro microcontrolador.<\/p>\n","protected":false},"featured_media":1054,"comment_status":"open","ping_status":"closed","template":"","meta":{"site-sidebar-layout":"default","site-content-layout":"default","ast-global-header-display":"","ast-main-header-display":"","ast-hfb-above-header-display":"","ast-hfb-below-header-display":"","ast-hfb-mobile-header-display":"","site-post-title":"","ast-breadcrumbs-content":"","ast-featured-img":"","footer-sml-layout":"","theme-transparent-header-meta":"default","adv-header-id-meta":"","stick-header-meta":"","header-above-stick-meta":"","header-main-stick-meta":"","header-below-stick-meta":"","_joinchat":[]},"product_cat":[56,61],"product_tag":[],"class_list":["post-1053","product","type-product","status-publish","has-post-thumbnail","hentry","product_cat-electronica","product_cat-displays"],"yoast_head":"<!-- This site is optimized with the Yoast SEO plugin v27.1.1 - https:\/\/yoast.com\/product\/yoast-seo-wordpress\/ -->\n<title>Pantalla LED digital TM1637 de 4 bits - DC Electronica<\/title>\n<meta name=\"robots\" content=\"index, follow, max-snippet:-1, max-image-preview:large, max-video-preview:-1\" \/>\n<link rel=\"canonical\" href=\"https:\/\/dashboard.dcelectronicapty.com\/index.php\/producto\/pantalla-led-digital-tm1637-de-4-bits\/\" \/>\n<meta property=\"og:locale\" content=\"en_US\" \/>\n<meta property=\"og:type\" content=\"article\" \/>\n<meta property=\"og:title\" content=\"Pantalla LED digital TM1637 de 4 bits - DC Electronica\" \/>\n<meta property=\"og:description\" content=\"La pantalla LCD 1602 es un m\u00f3dulo de visualizaci\u00f3n alfanum\u00e9rica de 16x2 caracteres, que utiliza tecnolog\u00eda de cristal l\u00edquido (LCD) y es ampliamente utilizado en proyectos de electr\u00f3nica y rob\u00f3tica. Cuenta con retroiluminaci\u00f3n y se controla mediante pines de entrada\/salida conectados a una placa Arduino u otro microcontrolador.\" \/>\n<meta property=\"og:url\" content=\"https:\/\/dashboard.dcelectronicapty.com\/index.php\/producto\/pantalla-led-digital-tm1637-de-4-bits\/\" \/>\n<meta property=\"og:site_name\" content=\"DC Electronica\" \/>\n<meta property=\"article:publisher\" content=\"https:\/\/www.facebook.com\/dcelectronicapty\" \/>\n<meta property=\"article:modified_time\" content=\"2025-09-06T03:10:25+00:00\" \/>\n<meta property=\"og:image\" content=\"https:\/\/i0.wp.com\/dashboard.dcelectronicapty.com\/wp-content\/uploads\/2025\/09\/Pantalla-LED-digital-tubular-roja-TM1637-de-4-bits.jpg?fit=1000%2C1011&ssl=1\" \/>\n\t<meta property=\"og:image:width\" content=\"1000\" \/>\n\t<meta property=\"og:image:height\" content=\"1011\" \/>\n\t<meta property=\"og:image:type\" content=\"image\/jpeg\" \/>\n<meta name=\"twitter:card\" content=\"summary_large_image\" \/>\n<meta name=\"twitter:label1\" content=\"Est. reading time\" \/>\n\t<meta name=\"twitter:data1\" content=\"1 minute\" \/>\n<script type=\"application\/ld+json\" class=\"yoast-schema-graph\">{\"@context\":\"https:\/\/schema.org\",\"@graph\":[{\"@type\":\"WebPage\",\"@id\":\"https:\/\/dashboard.dcelectronicapty.com\/index.php\/producto\/pantalla-led-digital-tm1637-de-4-bits\/\",\"url\":\"https:\/\/dashboard.dcelectronicapty.com\/index.php\/producto\/pantalla-led-digital-tm1637-de-4-bits\/\",\"name\":\"Pantalla LED digital TM1637 de 4 bits - DC Electronica\",\"isPartOf\":{\"@id\":\"https:\/\/dashboard.dcelectronicapty.com\/#website\"},\"primaryImageOfPage\":{\"@id\":\"https:\/\/dashboard.dcelectronicapty.com\/index.php\/producto\/pantalla-led-digital-tm1637-de-4-bits\/#primaryimage\"},\"image\":{\"@id\":\"https:\/\/dashboard.dcelectronicapty.com\/index.php\/producto\/pantalla-led-digital-tm1637-de-4-bits\/#primaryimage\"},\"thumbnailUrl\":\"https:\/\/i0.wp.com\/dashboard.dcelectronicapty.com\/wp-content\/uploads\/2025\/09\/Pantalla-LED-digital-tubular-roja-TM1637-de-4-bits.jpg?fit=1000%2C1011&ssl=1\",\"datePublished\":\"2025-09-06T03:08:58+00:00\",\"dateModified\":\"2025-09-06T03:10:25+00:00\",\"breadcrumb\":{\"@id\":\"https:\/\/dashboard.dcelectronicapty.com\/index.php\/producto\/pantalla-led-digital-tm1637-de-4-bits\/#breadcrumb\"},\"inLanguage\":\"en-US\",\"potentialAction\":[{\"@type\":\"ReadAction\",\"target\":[\"https:\/\/dashboard.dcelectronicapty.com\/index.php\/producto\/pantalla-led-digital-tm1637-de-4-bits\/\"]}]},{\"@type\":\"ImageObject\",\"inLanguage\":\"en-US\",\"@id\":\"https:\/\/dashboard.dcelectronicapty.com\/index.php\/producto\/pantalla-led-digital-tm1637-de-4-bits\/#primaryimage\",\"url\":\"https:\/\/i0.wp.com\/dashboard.dcelectronicapty.com\/wp-content\/uploads\/2025\/09\/Pantalla-LED-digital-tubular-roja-TM1637-de-4-bits.jpg?fit=1000%2C1011&ssl=1\",\"contentUrl\":\"https:\/\/i0.wp.com\/dashboard.dcelectronicapty.com\/wp-content\/uploads\/2025\/09\/Pantalla-LED-digital-tubular-roja-TM1637-de-4-bits.jpg?fit=1000%2C1011&ssl=1\",\"width\":1000,\"height\":1011,\"caption\":\"Version 1.0.0\"},{\"@type\":\"BreadcrumbList\",\"@id\":\"https:\/\/dashboard.dcelectronicapty.com\/index.php\/producto\/pantalla-led-digital-tm1637-de-4-bits\/#breadcrumb\",\"itemListElement\":[{\"@type\":\"ListItem\",\"position\":1,\"name\":\"Home\",\"item\":\"https:\/\/dashboard.dcelectronicapty.com\/\"},{\"@type\":\"ListItem\",\"position\":2,\"name\":\"Tienda\",\"item\":\"https:\/\/dashboard.dcelectronicapty.com\/index.php\/tienda\/\"},{\"@type\":\"ListItem\",\"position\":3,\"name\":\"Pantalla LED digital TM1637 de 4 bits\"}]},{\"@type\":\"WebSite\",\"@id\":\"https:\/\/dashboard.dcelectronicapty.com\/#website\",\"url\":\"https:\/\/dashboard.dcelectronicapty.com\/\",\"name\":\"DC Electronica\",\"description\":\"\",\"publisher\":{\"@id\":\"https:\/\/dashboard.dcelectronicapty.com\/#organization\"},\"potentialAction\":[{\"@type\":\"SearchAction\",\"target\":{\"@type\":\"EntryPoint\",\"urlTemplate\":\"https:\/\/dashboard.dcelectronicapty.com\/?s={search_term_string}\"},\"query-input\":{\"@type\":\"PropertyValueSpecification\",\"valueRequired\":true,\"valueName\":\"search_term_string\"}}],\"inLanguage\":\"en-US\"},{\"@type\":\"Organization\",\"@id\":\"https:\/\/dashboard.dcelectronicapty.com\/#organization\",\"name\":\"DC Electronica\",\"url\":\"https:\/\/dashboard.dcelectronicapty.com\/\",\"logo\":{\"@type\":\"ImageObject\",\"inLanguage\":\"en-US\",\"@id\":\"https:\/\/dashboard.dcelectronicapty.com\/#\/schema\/logo\/image\/\",\"url\":\"https:\/\/i0.wp.com\/dashboard.dcelectronicapty.com\/wp-content\/uploads\/2023\/02\/cropped-cropped-Logo.png?fit=241%2C195&ssl=1\",\"contentUrl\":\"https:\/\/i0.wp.com\/dashboard.dcelectronicapty.com\/wp-content\/uploads\/2023\/02\/cropped-cropped-Logo.png?fit=241%2C195&ssl=1\",\"width\":241,\"height\":195,\"caption\":\"DC Electronica\"},\"image\":{\"@id\":\"https:\/\/dashboard.dcelectronicapty.com\/#\/schema\/logo\/image\/\"},\"sameAs\":[\"https:\/\/www.facebook.com\/dcelectronicapty\",\"https:\/\/www.instagram.com\/dcelectronicapty\/\"]}]}<\/script>\n<!-- \/ Yoast SEO plugin. -->","yoast_head_json":{"title":"Pantalla LED digital TM1637 de 4 bits - DC Electronica","robots":{"index":"index","follow":"follow","max-snippet":"max-snippet:-1","max-image-preview":"max-image-preview:large","max-video-preview":"max-video-preview:-1"},"canonical":"https:\/\/dashboard.dcelectronicapty.com\/index.php\/producto\/pantalla-led-digital-tm1637-de-4-bits\/","og_locale":"en_US","og_type":"article","og_title":"Pantalla LED digital TM1637 de 4 bits - DC Electronica","og_description":"La pantalla LCD 1602 es un m\u00f3dulo de visualizaci\u00f3n alfanum\u00e9rica de 16x2 caracteres, que utiliza tecnolog\u00eda de cristal l\u00edquido (LCD) y es ampliamente utilizado en proyectos de electr\u00f3nica y rob\u00f3tica. Cuenta con retroiluminaci\u00f3n y se controla mediante pines de entrada\/salida conectados a una placa Arduino u otro microcontrolador.","og_url":"https:\/\/dashboard.dcelectronicapty.com\/index.php\/producto\/pantalla-led-digital-tm1637-de-4-bits\/","og_site_name":"DC Electronica","article_publisher":"https:\/\/www.facebook.com\/dcelectronicapty","article_modified_time":"2025-09-06T03:10:25+00:00","og_image":[{"width":1000,"height":1011,"url":"https:\/\/i0.wp.com\/dashboard.dcelectronicapty.com\/wp-content\/uploads\/2025\/09\/Pantalla-LED-digital-tubular-roja-TM1637-de-4-bits.jpg?fit=1000%2C1011&ssl=1","type":"image\/jpeg"}],"twitter_card":"summary_large_image","twitter_misc":{"Est. reading time":"1 minute"},"schema":{"@context":"https:\/\/schema.org","@graph":[{"@type":"WebPage","@id":"https:\/\/dashboard.dcelectronicapty.com\/index.php\/producto\/pantalla-led-digital-tm1637-de-4-bits\/","url":"https:\/\/dashboard.dcelectronicapty.com\/index.php\/producto\/pantalla-led-digital-tm1637-de-4-bits\/","name":"Pantalla LED digital TM1637 de 4 bits - DC Electronica","isPartOf":{"@id":"https:\/\/dashboard.dcelectronicapty.com\/#website"},"primaryImageOfPage":{"@id":"https:\/\/dashboard.dcelectronicapty.com\/index.php\/producto\/pantalla-led-digital-tm1637-de-4-bits\/#primaryimage"},"image":{"@id":"https:\/\/dashboard.dcelectronicapty.com\/index.php\/producto\/pantalla-led-digital-tm1637-de-4-bits\/#primaryimage"},"thumbnailUrl":"https:\/\/i0.wp.com\/dashboard.dcelectronicapty.com\/wp-content\/uploads\/2025\/09\/Pantalla-LED-digital-tubular-roja-TM1637-de-4-bits.jpg?fit=1000%2C1011&ssl=1","datePublished":"2025-09-06T03:08:58+00:00","dateModified":"2025-09-06T03:10:25+00:00","breadcrumb":{"@id":"https:\/\/dashboard.dcelectronicapty.com\/index.php\/producto\/pantalla-led-digital-tm1637-de-4-bits\/#breadcrumb"},"inLanguage":"en-US","potentialAction":[{"@type":"ReadAction","target":["https:\/\/dashboard.dcelectronicapty.com\/index.php\/producto\/pantalla-led-digital-tm1637-de-4-bits\/"]}]},{"@type":"ImageObject","inLanguage":"en-US","@id":"https:\/\/dashboard.dcelectronicapty.com\/index.php\/producto\/pantalla-led-digital-tm1637-de-4-bits\/#primaryimage","url":"https:\/\/i0.wp.com\/dashboard.dcelectronicapty.com\/wp-content\/uploads\/2025\/09\/Pantalla-LED-digital-tubular-roja-TM1637-de-4-bits.jpg?fit=1000%2C1011&ssl=1","contentUrl":"https:\/\/i0.wp.com\/dashboard.dcelectronicapty.com\/wp-content\/uploads\/2025\/09\/Pantalla-LED-digital-tubular-roja-TM1637-de-4-bits.jpg?fit=1000%2C1011&ssl=1","width":1000,"height":1011,"caption":"Version 1.0.0"},{"@type":"BreadcrumbList","@id":"https:\/\/dashboard.dcelectronicapty.com\/index.php\/producto\/pantalla-led-digital-tm1637-de-4-bits\/#breadcrumb","itemListElement":[{"@type":"ListItem","position":1,"name":"Home","item":"https:\/\/dashboard.dcelectronicapty.com\/"},{"@type":"ListItem","position":2,"name":"Tienda","item":"https:\/\/dashboard.dcelectronicapty.com\/index.php\/tienda\/"},{"@type":"ListItem","position":3,"name":"Pantalla LED digital TM1637 de 4 bits"}]},{"@type":"WebSite","@id":"https:\/\/dashboard.dcelectronicapty.com\/#website","url":"https:\/\/dashboard.dcelectronicapty.com\/","name":"DC Electronica","description":"","publisher":{"@id":"https:\/\/dashboard.dcelectronicapty.com\/#organization"},"potentialAction":[{"@type":"SearchAction","target":{"@type":"EntryPoint","urlTemplate":"https:\/\/dashboard.dcelectronicapty.com\/?s={search_term_string}"},"query-input":{"@type":"PropertyValueSpecification","valueRequired":true,"valueName":"search_term_string"}}],"inLanguage":"en-US"},{"@type":"Organization","@id":"https:\/\/dashboard.dcelectronicapty.com\/#organization","name":"DC Electronica","url":"https:\/\/dashboard.dcelectronicapty.com\/","logo":{"@type":"ImageObject","inLanguage":"en-US","@id":"https:\/\/dashboard.dcelectronicapty.com\/#\/schema\/logo\/image\/","url":"https:\/\/i0.wp.com\/dashboard.dcelectronicapty.com\/wp-content\/uploads\/2023\/02\/cropped-cropped-Logo.png?fit=241%2C195&ssl=1","contentUrl":"https:\/\/i0.wp.com\/dashboard.dcelectronicapty.com\/wp-content\/uploads\/2023\/02\/cropped-cropped-Logo.png?fit=241%2C195&ssl=1","width":241,"height":195,"caption":"DC Electronica"},"image":{"@id":"https:\/\/dashboard.dcelectronicapty.com\/#\/schema\/logo\/image\/"},"sameAs":["https:\/\/www.facebook.com\/dcelectronicapty","https:\/\/www.instagram.com\/dcelectronicapty\/"]}]}},"_links":{"self":[{"href":"https:\/\/dashboard.dcelectronicapty.com\/index.php\/wp-json\/wp\/v2\/product\/1053","targetHints":{"allow":["GET"]}}],"collection":[{"href":"https:\/\/dashboard.dcelectronicapty.com\/index.php\/wp-json\/wp\/v2\/product"}],"about":[{"href":"https:\/\/dashboard.dcelectronicapty.com\/index.php\/wp-json\/wp\/v2\/types\/product"}],"replies":[{"embeddable":true,"href":"https:\/\/dashboard.dcelectronicapty.com\/index.php\/wp-json\/wp\/v2\/comments?post=1053"}],"wp:featuredmedia":[{"embeddable":true,"href":"https:\/\/dashboard.dcelectronicapty.com\/index.php\/wp-json\/wp\/v2\/media\/1054"}],"wp:attachment":[{"href":"https:\/\/dashboard.dcelectronicapty.com\/index.php\/wp-json\/wp\/v2\/media?parent=1053"}],"wp:term":[{"taxonomy":"product_cat","embeddable":true,"href":"https:\/\/dashboard.dcelectronicapty.com\/index.php\/wp-json\/wp\/v2\/product_cat?post=1053"},{"taxonomy":"product_tag","embeddable":true,"href":"https:\/\/dashboard.dcelectronicapty.com\/index.php\/wp-json\/wp\/v2\/product_tag?post=1053"}],"curies":[{"name":"wp","href":"https:\/\/api.w.org\/{rel}","templated":true}]}}