{"id":1055,"date":"2025-09-06T03:13:14","date_gmt":"2025-09-06T03:13:14","guid":{"rendered":"https:\/\/dashboard.dcelectronicapty.com\/?post_type=product&#038;p=1055"},"modified":"2025-09-06T03:14:29","modified_gmt":"2025-09-06T03:14:29","slug":"mini-bomba-de-agua-wh-d12220","status":"publish","type":"product","link":"https:\/\/dashboard.dcelectronicapty.com\/index.php\/producto\/mini-bomba-de-agua-wh-d12220\/","title":{"rendered":"Mini Bomba de Agua WH-D12220"},"content":{"rendered":"<p>Nombre del producto: Bomba de agua sin escobillas de CC<br \/>\nTensi\u00f3n de alimentaci\u00f3n: CC 5 V~12 V<br \/>\nCorriente de trabajo: 500~1000 mA<br \/>\nAltura de pulverizaci\u00f3n del agua: 40-200 cm<br \/>\nCaudal de agua: 100-300 litros\/hora<br \/>\nLongitud del cable de alimentaci\u00f3n: aproximadamente 0,9 metros<br \/>\nAlmohadillas amortiguadoras: 2 unidades<br \/>\nDimensiones: 45 * 41 * 38 mm<br \/>\nPeso neto del producto: 80 g<\/p>\n","protected":false},"excerpt":{"rendered":"<p>Nombre del producto: Bomba de agua sin escobillas de CC Tensi\u00f3n de alimentaci\u00f3n: CC 5 V~12 V Corriente de trabajo: 500~1000 mA Altura de pulverizaci\u00f3n del agua: 40-200 cm Caudal de agua: 100-300 litros\/hora Longitud del cable de alimentaci\u00f3n: aproximadamente 0,9 metros Almohadillas amortiguadoras: 2 unidades Dimensiones: 45 * 41 * 38 mm Peso neto &hellip;<\/p>\n<p class=\"read-more\"> <a class=\"\" href=\"https:\/\/dashboard.dcelectronicapty.com\/index.php\/producto\/mini-bomba-de-agua-wh-d12220\/\"> <span class=\"screen-reader-text\">Mini Bomba de Agua WH-D12220<\/span> Read More &raquo;<\/a><\/p>\n","protected":false},"featured_media":1056,"comment_status":"open","ping_status":"closed","template":"","meta":{"site-sidebar-layout":"default","site-content-layout":"default","ast-global-header-display":"","ast-main-header-display":"","ast-hfb-above-header-display":"","ast-hfb-below-header-display":"","ast-hfb-mobile-header-display":"","site-post-title":"","ast-breadcrumbs-content":"","ast-featured-img":"","footer-sml-layout":"","theme-transparent-header-meta":"default","adv-header-id-meta":"","stick-header-meta":"","header-above-stick-meta":"","header-main-stick-meta":"","header-below-stick-meta":"","_joinchat":[]},"product_cat":[85,56],"product_tag":[],"class_list":["post-1055","product","type-product","status-publish","has-post-thumbnail","hentry","product_cat-motores-y-servos","product_cat-electronica"],"yoast_head":"<!-- This site is optimized with the Yoast SEO plugin v27.1.1 - https:\/\/yoast.com\/product\/yoast-seo-wordpress\/ -->\n<title>Mini Bomba de Agua WH-D12220 - DC Electronica<\/title>\n<meta name=\"robots\" content=\"index, follow, max-snippet:-1, max-image-preview:large, max-video-preview:-1\" \/>\n<link rel=\"canonical\" href=\"https:\/\/dashboard.dcelectronicapty.com\/index.php\/producto\/mini-bomba-de-agua-wh-d12220\/\" \/>\n<meta property=\"og:locale\" content=\"en_US\" \/>\n<meta property=\"og:type\" content=\"article\" \/>\n<meta property=\"og:title\" content=\"Mini Bomba de Agua WH-D12220 - DC Electronica\" \/>\n<meta property=\"og:description\" content=\"Nombre del producto: Bomba de agua sin escobillas de CC Tensi\u00f3n de alimentaci\u00f3n: CC 5 V~12 V Corriente de trabajo: 500~1000 mA Altura de pulverizaci\u00f3n del agua: 40-200 cm Caudal de agua: 100-300 litros\/hora Longitud del cable de alimentaci\u00f3n: aproximadamente 0,9 metros Almohadillas amortiguadoras: 2 unidades Dimensiones: 45 * 41 * 38 mm Peso neto &hellip; Mini Bomba de Agua WH-D12220 Read More &raquo;\" \/>\n<meta property=\"og:url\" content=\"https:\/\/dashboard.dcelectronicapty.com\/index.php\/producto\/mini-bomba-de-agua-wh-d12220\/\" \/>\n<meta property=\"og:site_name\" content=\"DC Electronica\" \/>\n<meta property=\"article:publisher\" content=\"https:\/\/www.facebook.com\/dcelectronicapty\" \/>\n<meta property=\"article:modified_time\" content=\"2025-09-06T03:14:29+00:00\" \/>\n<meta property=\"og:image\" content=\"https:\/\/i0.wp.com\/dashboard.dcelectronicapty.com\/wp-content\/uploads\/2025\/09\/bomba.jpg?fit=600%2C600&ssl=1\" \/>\n\t<meta property=\"og:image:width\" content=\"600\" \/>\n\t<meta property=\"og:image:height\" content=\"600\" \/>\n\t<meta property=\"og:image:type\" content=\"image\/jpeg\" \/>\n<meta name=\"twitter:card\" content=\"summary_large_image\" \/>\n<script type=\"application\/ld+json\" class=\"yoast-schema-graph\">{\"@context\":\"https:\/\/schema.org\",\"@graph\":[{\"@type\":\"WebPage\",\"@id\":\"https:\/\/dashboard.dcelectronicapty.com\/index.php\/producto\/mini-bomba-de-agua-wh-d12220\/\",\"url\":\"https:\/\/dashboard.dcelectronicapty.com\/index.php\/producto\/mini-bomba-de-agua-wh-d12220\/\",\"name\":\"Mini Bomba de Agua WH-D12220 - DC Electronica\",\"isPartOf\":{\"@id\":\"https:\/\/dashboard.dcelectronicapty.com\/#website\"},\"primaryImageOfPage\":{\"@id\":\"https:\/\/dashboard.dcelectronicapty.com\/index.php\/producto\/mini-bomba-de-agua-wh-d12220\/#primaryimage\"},\"image\":{\"@id\":\"https:\/\/dashboard.dcelectronicapty.com\/index.php\/producto\/mini-bomba-de-agua-wh-d12220\/#primaryimage\"},\"thumbnailUrl\":\"https:\/\/i0.wp.com\/dashboard.dcelectronicapty.com\/wp-content\/uploads\/2025\/09\/bomba.jpg?fit=600%2C600&ssl=1\",\"datePublished\":\"2025-09-06T03:13:14+00:00\",\"dateModified\":\"2025-09-06T03:14:29+00:00\",\"breadcrumb\":{\"@id\":\"https:\/\/dashboard.dcelectronicapty.com\/index.php\/producto\/mini-bomba-de-agua-wh-d12220\/#breadcrumb\"},\"inLanguage\":\"en-US\",\"potentialAction\":[{\"@type\":\"ReadAction\",\"target\":[\"https:\/\/dashboard.dcelectronicapty.com\/index.php\/producto\/mini-bomba-de-agua-wh-d12220\/\"]}]},{\"@type\":\"ImageObject\",\"inLanguage\":\"en-US\",\"@id\":\"https:\/\/dashboard.dcelectronicapty.com\/index.php\/producto\/mini-bomba-de-agua-wh-d12220\/#primaryimage\",\"url\":\"https:\/\/i0.wp.com\/dashboard.dcelectronicapty.com\/wp-content\/uploads\/2025\/09\/bomba.jpg?fit=600%2C600&ssl=1\",\"contentUrl\":\"https:\/\/i0.wp.com\/dashboard.dcelectronicapty.com\/wp-content\/uploads\/2025\/09\/bomba.jpg?fit=600%2C600&ssl=1\",\"width\":600,\"height\":600},{\"@type\":\"BreadcrumbList\",\"@id\":\"https:\/\/dashboard.dcelectronicapty.com\/index.php\/producto\/mini-bomba-de-agua-wh-d12220\/#breadcrumb\",\"itemListElement\":[{\"@type\":\"ListItem\",\"position\":1,\"name\":\"Home\",\"item\":\"https:\/\/dashboard.dcelectronicapty.com\/\"},{\"@type\":\"ListItem\",\"position\":2,\"name\":\"Tienda\",\"item\":\"https:\/\/dashboard.dcelectronicapty.com\/index.php\/tienda\/\"},{\"@type\":\"ListItem\",\"position\":3,\"name\":\"Mini Bomba de Agua WH-D12220\"}]},{\"@type\":\"WebSite\",\"@id\":\"https:\/\/dashboard.dcelectronicapty.com\/#website\",\"url\":\"https:\/\/dashboard.dcelectronicapty.com\/\",\"name\":\"DC Electronica\",\"description\":\"\",\"publisher\":{\"@id\":\"https:\/\/dashboard.dcelectronicapty.com\/#organization\"},\"potentialAction\":[{\"@type\":\"SearchAction\",\"target\":{\"@type\":\"EntryPoint\",\"urlTemplate\":\"https:\/\/dashboard.dcelectronicapty.com\/?s={search_term_string}\"},\"query-input\":{\"@type\":\"PropertyValueSpecification\",\"valueRequired\":true,\"valueName\":\"search_term_string\"}}],\"inLanguage\":\"en-US\"},{\"@type\":\"Organization\",\"@id\":\"https:\/\/dashboard.dcelectronicapty.com\/#organization\",\"name\":\"DC Electronica\",\"url\":\"https:\/\/dashboard.dcelectronicapty.com\/\",\"logo\":{\"@type\":\"ImageObject\",\"inLanguage\":\"en-US\",\"@id\":\"https:\/\/dashboard.dcelectronicapty.com\/#\/schema\/logo\/image\/\",\"url\":\"https:\/\/i0.wp.com\/dashboard.dcelectronicapty.com\/wp-content\/uploads\/2023\/02\/cropped-cropped-Logo.png?fit=241%2C195&ssl=1\",\"contentUrl\":\"https:\/\/i0.wp.com\/dashboard.dcelectronicapty.com\/wp-content\/uploads\/2023\/02\/cropped-cropped-Logo.png?fit=241%2C195&ssl=1\",\"width\":241,\"height\":195,\"caption\":\"DC Electronica\"},\"image\":{\"@id\":\"https:\/\/dashboard.dcelectronicapty.com\/#\/schema\/logo\/image\/\"},\"sameAs\":[\"https:\/\/www.facebook.com\/dcelectronicapty\",\"https:\/\/www.instagram.com\/dcelectronicapty\/\"]}]}<\/script>\n<!-- \/ Yoast SEO plugin. -->","yoast_head_json":{"title":"Mini Bomba de Agua WH-D12220 - DC Electronica","robots":{"index":"index","follow":"follow","max-snippet":"max-snippet:-1","max-image-preview":"max-image-preview:large","max-video-preview":"max-video-preview:-1"},"canonical":"https:\/\/dashboard.dcelectronicapty.com\/index.php\/producto\/mini-bomba-de-agua-wh-d12220\/","og_locale":"en_US","og_type":"article","og_title":"Mini Bomba de Agua WH-D12220 - DC Electronica","og_description":"Nombre del producto: Bomba de agua sin escobillas de CC Tensi\u00f3n de alimentaci\u00f3n: CC 5 V~12 V Corriente de trabajo: 500~1000 mA Altura de pulverizaci\u00f3n del agua: 40-200 cm Caudal de agua: 100-300 litros\/hora Longitud del cable de alimentaci\u00f3n: aproximadamente 0,9 metros Almohadillas amortiguadoras: 2 unidades Dimensiones: 45 * 41 * 38 mm Peso neto &hellip; Mini Bomba de Agua WH-D12220 Read More &raquo;","og_url":"https:\/\/dashboard.dcelectronicapty.com\/index.php\/producto\/mini-bomba-de-agua-wh-d12220\/","og_site_name":"DC Electronica","article_publisher":"https:\/\/www.facebook.com\/dcelectronicapty","article_modified_time":"2025-09-06T03:14:29+00:00","og_image":[{"width":600,"height":600,"url":"https:\/\/i0.wp.com\/dashboard.dcelectronicapty.com\/wp-content\/uploads\/2025\/09\/bomba.jpg?fit=600%2C600&ssl=1","type":"image\/jpeg"}],"twitter_card":"summary_large_image","schema":{"@context":"https:\/\/schema.org","@graph":[{"@type":"WebPage","@id":"https:\/\/dashboard.dcelectronicapty.com\/index.php\/producto\/mini-bomba-de-agua-wh-d12220\/","url":"https:\/\/dashboard.dcelectronicapty.com\/index.php\/producto\/mini-bomba-de-agua-wh-d12220\/","name":"Mini Bomba de Agua WH-D12220 - DC Electronica","isPartOf":{"@id":"https:\/\/dashboard.dcelectronicapty.com\/#website"},"primaryImageOfPage":{"@id":"https:\/\/dashboard.dcelectronicapty.com\/index.php\/producto\/mini-bomba-de-agua-wh-d12220\/#primaryimage"},"image":{"@id":"https:\/\/dashboard.dcelectronicapty.com\/index.php\/producto\/mini-bomba-de-agua-wh-d12220\/#primaryimage"},"thumbnailUrl":"https:\/\/i0.wp.com\/dashboard.dcelectronicapty.com\/wp-content\/uploads\/2025\/09\/bomba.jpg?fit=600%2C600&ssl=1","datePublished":"2025-09-06T03:13:14+00:00","dateModified":"2025-09-06T03:14:29+00:00","breadcrumb":{"@id":"https:\/\/dashboard.dcelectronicapty.com\/index.php\/producto\/mini-bomba-de-agua-wh-d12220\/#breadcrumb"},"inLanguage":"en-US","potentialAction":[{"@type":"ReadAction","target":["https:\/\/dashboard.dcelectronicapty.com\/index.php\/producto\/mini-bomba-de-agua-wh-d12220\/"]}]},{"@type":"ImageObject","inLanguage":"en-US","@id":"https:\/\/dashboard.dcelectronicapty.com\/index.php\/producto\/mini-bomba-de-agua-wh-d12220\/#primaryimage","url":"https:\/\/i0.wp.com\/dashboard.dcelectronicapty.com\/wp-content\/uploads\/2025\/09\/bomba.jpg?fit=600%2C600&ssl=1","contentUrl":"https:\/\/i0.wp.com\/dashboard.dcelectronicapty.com\/wp-content\/uploads\/2025\/09\/bomba.jpg?fit=600%2C600&ssl=1","width":600,"height":600},{"@type":"BreadcrumbList","@id":"https:\/\/dashboard.dcelectronicapty.com\/index.php\/producto\/mini-bomba-de-agua-wh-d12220\/#breadcrumb","itemListElement":[{"@type":"ListItem","position":1,"name":"Home","item":"https:\/\/dashboard.dcelectronicapty.com\/"},{"@type":"ListItem","position":2,"name":"Tienda","item":"https:\/\/dashboard.dcelectronicapty.com\/index.php\/tienda\/"},{"@type":"ListItem","position":3,"name":"Mini Bomba de Agua WH-D12220"}]},{"@type":"WebSite","@id":"https:\/\/dashboard.dcelectronicapty.com\/#website","url":"https:\/\/dashboard.dcelectronicapty.com\/","name":"DC Electronica","description":"","publisher":{"@id":"https:\/\/dashboard.dcelectronicapty.com\/#organization"},"potentialAction":[{"@type":"SearchAction","target":{"@type":"EntryPoint","urlTemplate":"https:\/\/dashboard.dcelectronicapty.com\/?s={search_term_string}"},"query-input":{"@type":"PropertyValueSpecification","valueRequired":true,"valueName":"search_term_string"}}],"inLanguage":"en-US"},{"@type":"Organization","@id":"https:\/\/dashboard.dcelectronicapty.com\/#organization","name":"DC Electronica","url":"https:\/\/dashboard.dcelectronicapty.com\/","logo":{"@type":"ImageObject","inLanguage":"en-US","@id":"https:\/\/dashboard.dcelectronicapty.com\/#\/schema\/logo\/image\/","url":"https:\/\/i0.wp.com\/dashboard.dcelectronicapty.com\/wp-content\/uploads\/2023\/02\/cropped-cropped-Logo.png?fit=241%2C195&ssl=1","contentUrl":"https:\/\/i0.wp.com\/dashboard.dcelectronicapty.com\/wp-content\/uploads\/2023\/02\/cropped-cropped-Logo.png?fit=241%2C195&ssl=1","width":241,"height":195,"caption":"DC Electronica"},"image":{"@id":"https:\/\/dashboard.dcelectronicapty.com\/#\/schema\/logo\/image\/"},"sameAs":["https:\/\/www.facebook.com\/dcelectronicapty","https:\/\/www.instagram.com\/dcelectronicapty\/"]}]}},"_links":{"self":[{"href":"https:\/\/dashboard.dcelectronicapty.com\/index.php\/wp-json\/wp\/v2\/product\/1055","targetHints":{"allow":["GET"]}}],"collection":[{"href":"https:\/\/dashboard.dcelectronicapty.com\/index.php\/wp-json\/wp\/v2\/product"}],"about":[{"href":"https:\/\/dashboard.dcelectronicapty.com\/index.php\/wp-json\/wp\/v2\/types\/product"}],"replies":[{"embeddable":true,"href":"https:\/\/dashboard.dcelectronicapty.com\/index.php\/wp-json\/wp\/v2\/comments?post=1055"}],"wp:featuredmedia":[{"embeddable":true,"href":"https:\/\/dashboard.dcelectronicapty.com\/index.php\/wp-json\/wp\/v2\/media\/1056"}],"wp:attachment":[{"href":"https:\/\/dashboard.dcelectronicapty.com\/index.php\/wp-json\/wp\/v2\/media?parent=1055"}],"wp:term":[{"taxonomy":"product_cat","embeddable":true,"href":"https:\/\/dashboard.dcelectronicapty.com\/index.php\/wp-json\/wp\/v2\/product_cat?post=1055"},{"taxonomy":"product_tag","embeddable":true,"href":"https:\/\/dashboard.dcelectronicapty.com\/index.php\/wp-json\/wp\/v2\/product_tag?post=1055"}],"curies":[{"name":"wp","href":"https:\/\/api.w.org\/{rel}","templated":true}]}}