{"id":1062,"date":"2025-12-06T16:22:35","date_gmt":"2025-12-06T16:22:35","guid":{"rendered":"https:\/\/dashboard.dcelectronicapty.com\/?post_type=product&#038;p=1062"},"modified":"2025-12-06T16:35:05","modified_gmt":"2025-12-06T16:35:05","slug":"impresora-termica-portatil-mtp-ii-pt-210","status":"publish","type":"product","link":"https:\/\/dashboard.dcelectronicapty.com\/index.php\/producto\/impresora-termica-portatil-mtp-ii-pt-210\/","title":{"rendered":"Impresora T\u00e9rmica Port\u00e1til MTP-II PT-210"},"content":{"rendered":"<ul>\n<li>M\u00e9todo de impresi\u00f3n: T\u00e9rmica directa<\/li>\n<li>Ancho de papel: 58 mm<\/li>\n<li>Ancho de impresi\u00f3n: 48 mm<\/li>\n<li>Resoluci\u00f3n: 203 DPI<\/li>\n<li>Velocidad: 90 mm\/s<\/li>\n<li>Interfaz: Bluetooth y USB Tipo-C<\/li>\n<li>Bater\u00eda: 1500 mAh (7.4 V, recargable)<\/li>\n<li>Dimensiones: 79 \u00d7 110 \u00d7 45 mm<\/li>\n<li>Peso: 235 g<\/li>\n<li>Compatibilidad: ESC\/POS, c\u00f3digos QR y PDF417, c\u00f3digos de barras 1D<\/li>\n<li>Carga de papel: F\u00e1cil colocaci\u00f3n<\/li>\n<li>Accesorios incluidos: Cable USB, adaptador, papel t\u00e9rmico, bater\u00eda<\/li>\n<\/ul>\n","protected":false},"excerpt":{"rendered":"<p>M\u00e9todo de impresi\u00f3n: T\u00e9rmica directa Ancho de papel: 58 mm Ancho de impresi\u00f3n: 48 mm Resoluci\u00f3n: 203 DPI Velocidad: 90 mm\/s Interfaz: Bluetooth y USB Tipo-C Bater\u00eda: 1500 mAh (7.4 V, recargable) Dimensiones: 79 \u00d7 110 \u00d7 45 mm Peso: 235 g Compatibilidad: ESC\/POS, c\u00f3digos QR y PDF417, c\u00f3digos de barras 1D Carga de papel: &hellip;<\/p>\n<p class=\"read-more\"> <a class=\"\" href=\"https:\/\/dashboard.dcelectronicapty.com\/index.php\/producto\/impresora-termica-portatil-mtp-ii-pt-210\/\"> <span class=\"screen-reader-text\">Impresora T\u00e9rmica Port\u00e1til MTP-II PT-210<\/span> Read More &raquo;<\/a><\/p>\n","protected":false},"featured_media":1063,"comment_status":"open","ping_status":"closed","template":"","meta":{"site-sidebar-layout":"default","site-content-layout":"default","ast-global-header-display":"","ast-main-header-display":"","ast-hfb-above-header-display":"","ast-hfb-below-header-display":"","ast-hfb-mobile-header-display":"","site-post-title":"","ast-breadcrumbs-content":"","ast-featured-img":"","footer-sml-layout":"","theme-transparent-header-meta":"default","adv-header-id-meta":"","stick-header-meta":"","header-above-stick-meta":"","header-main-stick-meta":"","header-below-stick-meta":"","_joinchat":[]},"product_cat":[88],"product_tag":[],"class_list":["post-1062","product","type-product","status-publish","has-post-thumbnail","hentry","product_cat-impresoras"],"yoast_head":"<!-- This site is optimized with the Yoast SEO plugin v27.1.1 - https:\/\/yoast.com\/product\/yoast-seo-wordpress\/ -->\n<title>Impresora T\u00e9rmica Port\u00e1til MTP-II PT-210 - DC Electronica<\/title>\n<meta name=\"robots\" content=\"index, follow, max-snippet:-1, max-image-preview:large, max-video-preview:-1\" \/>\n<link rel=\"canonical\" href=\"https:\/\/dashboard.dcelectronicapty.com\/index.php\/producto\/impresora-termica-portatil-mtp-ii-pt-210\/\" \/>\n<meta property=\"og:locale\" content=\"en_US\" \/>\n<meta property=\"og:type\" content=\"article\" \/>\n<meta property=\"og:title\" content=\"Impresora T\u00e9rmica Port\u00e1til MTP-II PT-210 - DC Electronica\" \/>\n<meta property=\"og:description\" content=\"M\u00e9todo de impresi\u00f3n: T\u00e9rmica directa Ancho de papel: 58 mm Ancho de impresi\u00f3n: 48 mm Resoluci\u00f3n: 203 DPI Velocidad: 90 mm\/s Interfaz: Bluetooth y USB Tipo-C Bater\u00eda: 1500 mAh (7.4 V, recargable) Dimensiones: 79 \u00d7 110 \u00d7 45 mm Peso: 235 g Compatibilidad: ESC\/POS, c\u00f3digos QR y PDF417, c\u00f3digos de barras 1D Carga de papel: &hellip; Impresora T\u00e9rmica Port\u00e1til MTP-II PT-210 Read More &raquo;\" \/>\n<meta property=\"og:url\" content=\"https:\/\/dashboard.dcelectronicapty.com\/index.php\/producto\/impresora-termica-portatil-mtp-ii-pt-210\/\" \/>\n<meta property=\"og:site_name\" content=\"DC Electronica\" \/>\n<meta property=\"article:publisher\" content=\"https:\/\/www.facebook.com\/dcelectronicapty\" \/>\n<meta property=\"article:modified_time\" content=\"2025-12-06T16:35:05+00:00\" \/>\n<meta property=\"og:image\" content=\"https:\/\/i0.wp.com\/dashboard.dcelectronicapty.com\/wp-content\/uploads\/2025\/12\/PT210.jpeg?fit=1242%2C1600&ssl=1\" \/>\n\t<meta property=\"og:image:width\" content=\"1242\" \/>\n\t<meta property=\"og:image:height\" content=\"1600\" \/>\n\t<meta property=\"og:image:type\" content=\"image\/jpeg\" \/>\n<meta name=\"twitter:card\" content=\"summary_large_image\" \/>\n<script type=\"application\/ld+json\" class=\"yoast-schema-graph\">{\"@context\":\"https:\/\/schema.org\",\"@graph\":[{\"@type\":\"WebPage\",\"@id\":\"https:\/\/dashboard.dcelectronicapty.com\/index.php\/producto\/impresora-termica-portatil-mtp-ii-pt-210\/\",\"url\":\"https:\/\/dashboard.dcelectronicapty.com\/index.php\/producto\/impresora-termica-portatil-mtp-ii-pt-210\/\",\"name\":\"Impresora T\u00e9rmica Port\u00e1til MTP-II PT-210 - DC Electronica\",\"isPartOf\":{\"@id\":\"https:\/\/dashboard.dcelectronicapty.com\/#website\"},\"primaryImageOfPage\":{\"@id\":\"https:\/\/dashboard.dcelectronicapty.com\/index.php\/producto\/impresora-termica-portatil-mtp-ii-pt-210\/#primaryimage\"},\"image\":{\"@id\":\"https:\/\/dashboard.dcelectronicapty.com\/index.php\/producto\/impresora-termica-portatil-mtp-ii-pt-210\/#primaryimage\"},\"thumbnailUrl\":\"https:\/\/i0.wp.com\/dashboard.dcelectronicapty.com\/wp-content\/uploads\/2025\/12\/PT210.jpeg?fit=1242%2C1600&ssl=1\",\"datePublished\":\"2025-12-06T16:22:35+00:00\",\"dateModified\":\"2025-12-06T16:35:05+00:00\",\"breadcrumb\":{\"@id\":\"https:\/\/dashboard.dcelectronicapty.com\/index.php\/producto\/impresora-termica-portatil-mtp-ii-pt-210\/#breadcrumb\"},\"inLanguage\":\"en-US\",\"potentialAction\":[{\"@type\":\"ReadAction\",\"target\":[\"https:\/\/dashboard.dcelectronicapty.com\/index.php\/producto\/impresora-termica-portatil-mtp-ii-pt-210\/\"]}]},{\"@type\":\"ImageObject\",\"inLanguage\":\"en-US\",\"@id\":\"https:\/\/dashboard.dcelectronicapty.com\/index.php\/producto\/impresora-termica-portatil-mtp-ii-pt-210\/#primaryimage\",\"url\":\"https:\/\/i0.wp.com\/dashboard.dcelectronicapty.com\/wp-content\/uploads\/2025\/12\/PT210.jpeg?fit=1242%2C1600&ssl=1\",\"contentUrl\":\"https:\/\/i0.wp.com\/dashboard.dcelectronicapty.com\/wp-content\/uploads\/2025\/12\/PT210.jpeg?fit=1242%2C1600&ssl=1\",\"width\":1242,\"height\":1600},{\"@type\":\"BreadcrumbList\",\"@id\":\"https:\/\/dashboard.dcelectronicapty.com\/index.php\/producto\/impresora-termica-portatil-mtp-ii-pt-210\/#breadcrumb\",\"itemListElement\":[{\"@type\":\"ListItem\",\"position\":1,\"name\":\"Home\",\"item\":\"https:\/\/dashboard.dcelectronicapty.com\/\"},{\"@type\":\"ListItem\",\"position\":2,\"name\":\"Tienda\",\"item\":\"https:\/\/dashboard.dcelectronicapty.com\/index.php\/tienda\/\"},{\"@type\":\"ListItem\",\"position\":3,\"name\":\"Impresora T\u00e9rmica Port\u00e1til MTP-II PT-210\"}]},{\"@type\":\"WebSite\",\"@id\":\"https:\/\/dashboard.dcelectronicapty.com\/#website\",\"url\":\"https:\/\/dashboard.dcelectronicapty.com\/\",\"name\":\"DC Electronica\",\"description\":\"\",\"publisher\":{\"@id\":\"https:\/\/dashboard.dcelectronicapty.com\/#organization\"},\"potentialAction\":[{\"@type\":\"SearchAction\",\"target\":{\"@type\":\"EntryPoint\",\"urlTemplate\":\"https:\/\/dashboard.dcelectronicapty.com\/?s={search_term_string}\"},\"query-input\":{\"@type\":\"PropertyValueSpecification\",\"valueRequired\":true,\"valueName\":\"search_term_string\"}}],\"inLanguage\":\"en-US\"},{\"@type\":\"Organization\",\"@id\":\"https:\/\/dashboard.dcelectronicapty.com\/#organization\",\"name\":\"DC Electronica\",\"url\":\"https:\/\/dashboard.dcelectronicapty.com\/\",\"logo\":{\"@type\":\"ImageObject\",\"inLanguage\":\"en-US\",\"@id\":\"https:\/\/dashboard.dcelectronicapty.com\/#\/schema\/logo\/image\/\",\"url\":\"https:\/\/i0.wp.com\/dashboard.dcelectronicapty.com\/wp-content\/uploads\/2023\/02\/cropped-cropped-Logo.png?fit=241%2C195&ssl=1\",\"contentUrl\":\"https:\/\/i0.wp.com\/dashboard.dcelectronicapty.com\/wp-content\/uploads\/2023\/02\/cropped-cropped-Logo.png?fit=241%2C195&ssl=1\",\"width\":241,\"height\":195,\"caption\":\"DC Electronica\"},\"image\":{\"@id\":\"https:\/\/dashboard.dcelectronicapty.com\/#\/schema\/logo\/image\/\"},\"sameAs\":[\"https:\/\/www.facebook.com\/dcelectronicapty\",\"https:\/\/www.instagram.com\/dcelectronicapty\/\"]}]}<\/script>\n<!-- \/ Yoast SEO plugin. -->","yoast_head_json":{"title":"Impresora T\u00e9rmica Port\u00e1til MTP-II PT-210 - DC Electronica","robots":{"index":"index","follow":"follow","max-snippet":"max-snippet:-1","max-image-preview":"max-image-preview:large","max-video-preview":"max-video-preview:-1"},"canonical":"https:\/\/dashboard.dcelectronicapty.com\/index.php\/producto\/impresora-termica-portatil-mtp-ii-pt-210\/","og_locale":"en_US","og_type":"article","og_title":"Impresora T\u00e9rmica Port\u00e1til MTP-II PT-210 - DC Electronica","og_description":"M\u00e9todo de impresi\u00f3n: T\u00e9rmica directa Ancho de papel: 58 mm Ancho de impresi\u00f3n: 48 mm Resoluci\u00f3n: 203 DPI Velocidad: 90 mm\/s Interfaz: Bluetooth y USB Tipo-C Bater\u00eda: 1500 mAh (7.4 V, recargable) Dimensiones: 79 \u00d7 110 \u00d7 45 mm Peso: 235 g Compatibilidad: ESC\/POS, c\u00f3digos QR y PDF417, c\u00f3digos de barras 1D Carga de papel: &hellip; Impresora T\u00e9rmica Port\u00e1til MTP-II PT-210 Read More &raquo;","og_url":"https:\/\/dashboard.dcelectronicapty.com\/index.php\/producto\/impresora-termica-portatil-mtp-ii-pt-210\/","og_site_name":"DC Electronica","article_publisher":"https:\/\/www.facebook.com\/dcelectronicapty","article_modified_time":"2025-12-06T16:35:05+00:00","og_image":[{"width":1242,"height":1600,"url":"https:\/\/i0.wp.com\/dashboard.dcelectronicapty.com\/wp-content\/uploads\/2025\/12\/PT210.jpeg?fit=1242%2C1600&ssl=1","type":"image\/jpeg"}],"twitter_card":"summary_large_image","schema":{"@context":"https:\/\/schema.org","@graph":[{"@type":"WebPage","@id":"https:\/\/dashboard.dcelectronicapty.com\/index.php\/producto\/impresora-termica-portatil-mtp-ii-pt-210\/","url":"https:\/\/dashboard.dcelectronicapty.com\/index.php\/producto\/impresora-termica-portatil-mtp-ii-pt-210\/","name":"Impresora T\u00e9rmica Port\u00e1til MTP-II PT-210 - DC Electronica","isPartOf":{"@id":"https:\/\/dashboard.dcelectronicapty.com\/#website"},"primaryImageOfPage":{"@id":"https:\/\/dashboard.dcelectronicapty.com\/index.php\/producto\/impresora-termica-portatil-mtp-ii-pt-210\/#primaryimage"},"image":{"@id":"https:\/\/dashboard.dcelectronicapty.com\/index.php\/producto\/impresora-termica-portatil-mtp-ii-pt-210\/#primaryimage"},"thumbnailUrl":"https:\/\/i0.wp.com\/dashboard.dcelectronicapty.com\/wp-content\/uploads\/2025\/12\/PT210.jpeg?fit=1242%2C1600&ssl=1","datePublished":"2025-12-06T16:22:35+00:00","dateModified":"2025-12-06T16:35:05+00:00","breadcrumb":{"@id":"https:\/\/dashboard.dcelectronicapty.com\/index.php\/producto\/impresora-termica-portatil-mtp-ii-pt-210\/#breadcrumb"},"inLanguage":"en-US","potentialAction":[{"@type":"ReadAction","target":["https:\/\/dashboard.dcelectronicapty.com\/index.php\/producto\/impresora-termica-portatil-mtp-ii-pt-210\/"]}]},{"@type":"ImageObject","inLanguage":"en-US","@id":"https:\/\/dashboard.dcelectronicapty.com\/index.php\/producto\/impresora-termica-portatil-mtp-ii-pt-210\/#primaryimage","url":"https:\/\/i0.wp.com\/dashboard.dcelectronicapty.com\/wp-content\/uploads\/2025\/12\/PT210.jpeg?fit=1242%2C1600&ssl=1","contentUrl":"https:\/\/i0.wp.com\/dashboard.dcelectronicapty.com\/wp-content\/uploads\/2025\/12\/PT210.jpeg?fit=1242%2C1600&ssl=1","width":1242,"height":1600},{"@type":"BreadcrumbList","@id":"https:\/\/dashboard.dcelectronicapty.com\/index.php\/producto\/impresora-termica-portatil-mtp-ii-pt-210\/#breadcrumb","itemListElement":[{"@type":"ListItem","position":1,"name":"Home","item":"https:\/\/dashboard.dcelectronicapty.com\/"},{"@type":"ListItem","position":2,"name":"Tienda","item":"https:\/\/dashboard.dcelectronicapty.com\/index.php\/tienda\/"},{"@type":"ListItem","position":3,"name":"Impresora T\u00e9rmica Port\u00e1til MTP-II PT-210"}]},{"@type":"WebSite","@id":"https:\/\/dashboard.dcelectronicapty.com\/#website","url":"https:\/\/dashboard.dcelectronicapty.com\/","name":"DC Electronica","description":"","publisher":{"@id":"https:\/\/dashboard.dcelectronicapty.com\/#organization"},"potentialAction":[{"@type":"SearchAction","target":{"@type":"EntryPoint","urlTemplate":"https:\/\/dashboard.dcelectronicapty.com\/?s={search_term_string}"},"query-input":{"@type":"PropertyValueSpecification","valueRequired":true,"valueName":"search_term_string"}}],"inLanguage":"en-US"},{"@type":"Organization","@id":"https:\/\/dashboard.dcelectronicapty.com\/#organization","name":"DC Electronica","url":"https:\/\/dashboard.dcelectronicapty.com\/","logo":{"@type":"ImageObject","inLanguage":"en-US","@id":"https:\/\/dashboard.dcelectronicapty.com\/#\/schema\/logo\/image\/","url":"https:\/\/i0.wp.com\/dashboard.dcelectronicapty.com\/wp-content\/uploads\/2023\/02\/cropped-cropped-Logo.png?fit=241%2C195&ssl=1","contentUrl":"https:\/\/i0.wp.com\/dashboard.dcelectronicapty.com\/wp-content\/uploads\/2023\/02\/cropped-cropped-Logo.png?fit=241%2C195&ssl=1","width":241,"height":195,"caption":"DC Electronica"},"image":{"@id":"https:\/\/dashboard.dcelectronicapty.com\/#\/schema\/logo\/image\/"},"sameAs":["https:\/\/www.facebook.com\/dcelectronicapty","https:\/\/www.instagram.com\/dcelectronicapty\/"]}]}},"_links":{"self":[{"href":"https:\/\/dashboard.dcelectronicapty.com\/index.php\/wp-json\/wp\/v2\/product\/1062","targetHints":{"allow":["GET"]}}],"collection":[{"href":"https:\/\/dashboard.dcelectronicapty.com\/index.php\/wp-json\/wp\/v2\/product"}],"about":[{"href":"https:\/\/dashboard.dcelectronicapty.com\/index.php\/wp-json\/wp\/v2\/types\/product"}],"replies":[{"embeddable":true,"href":"https:\/\/dashboard.dcelectronicapty.com\/index.php\/wp-json\/wp\/v2\/comments?post=1062"}],"wp:featuredmedia":[{"embeddable":true,"href":"https:\/\/dashboard.dcelectronicapty.com\/index.php\/wp-json\/wp\/v2\/media\/1063"}],"wp:attachment":[{"href":"https:\/\/dashboard.dcelectronicapty.com\/index.php\/wp-json\/wp\/v2\/media?parent=1062"}],"wp:term":[{"taxonomy":"product_cat","embeddable":true,"href":"https:\/\/dashboard.dcelectronicapty.com\/index.php\/wp-json\/wp\/v2\/product_cat?post=1062"},{"taxonomy":"product_tag","embeddable":true,"href":"https:\/\/dashboard.dcelectronicapty.com\/index.php\/wp-json\/wp\/v2\/product_tag?post=1062"}],"curies":[{"name":"wp","href":"https:\/\/api.w.org\/{rel}","templated":true}]}}