{"id":480,"date":"2023-03-29T05:31:58","date_gmt":"2023-03-29T05:31:58","guid":{"rendered":"https:\/\/dcelectronicapty.com\/?post_type=product&#038;p=480"},"modified":"2026-03-17T12:15:57","modified_gmt":"2026-03-17T12:15:57","slug":"arduino-uno-panama","status":"publish","type":"product","link":"https:\/\/dashboard.dcelectronicapty.com\/index.php\/producto\/arduino-uno-panama\/","title":{"rendered":"Arduino Uno con Cable USB"},"content":{"rendered":"<p data-start=\"149\" data-end=\"188\"><strong data-start=\"149\" data-end=\"188\">Arduino Uno con Cable USB en Panam\u00e1<\/strong><\/p>\n<p data-start=\"190\" data-end=\"450\">El <strong data-start=\"193\" data-end=\"208\">Arduino Uno<\/strong> es una de las placas de desarrollo m\u00e1s populares a nivel mundial, ideal para proyectos de electr\u00f3nica, automatizaci\u00f3n y sistemas IoT. Gracias a su facilidad de uso y compatibilidad, es perfecto tanto para estudiantes como para profesionales.<\/p>\n<p data-start=\"452\" data-end=\"579\">En <strong data-start=\"455\" data-end=\"473\">DC Electr\u00f3nica<\/strong> ofrecemos Arduino Uno disponible en Panam\u00e1, listo para entrega inmediata y uso en m\u00faltiples aplicaciones.<\/p>\n<p data-section-id=\"1u4qty3\" data-start=\"586\" data-end=\"619\">\u00a0 \u00a0 \u00a0 \u00a0Especificaciones t\u00e9cnicas:<\/p>\n<ul>\n<li>Microcontrolador: <strong data-start=\"641\" data-end=\"654\">ATmega328<\/strong><\/li>\n<li data-start=\"659\" data-end=\"688\">Chip serial: <strong data-start=\"672\" data-end=\"686\">ATmega16U2<\/strong><\/li>\n<li data-start=\"691\" data-end=\"729\">Voltaje de funcionamiento: <strong data-start=\"718\" data-end=\"727\">5V DC<\/strong><\/li>\n<li data-start=\"732\" data-end=\"778\">Voltaje de entrada recomendado: <strong data-start=\"764\" data-end=\"776\">7V \u2013 12V<\/strong><\/li>\n<li data-start=\"781\" data-end=\"825\">Voltaje de entrada (l\u00edmites): <strong data-start=\"811\" data-end=\"823\">6V \u2013 20V<\/strong><\/li>\n<li data-start=\"828\" data-end=\"876\">Pines digitales I\/O: <strong data-start=\"849\" data-end=\"855\">14<\/strong> (6 con salida PWM)<\/li>\n<li data-start=\"879\" data-end=\"907\">Entradas anal\u00f3gicas: <strong data-start=\"900\" data-end=\"905\">6<\/strong><\/li>\n<li data-start=\"910\" data-end=\"944\">Corriente por pin I\/O: <strong data-start=\"933\" data-end=\"942\">40 mA<\/strong><\/li>\n<li data-start=\"947\" data-end=\"978\">Corriente pin 3.3V: <strong data-start=\"967\" data-end=\"976\">50 mA<\/strong><\/li>\n<li data-start=\"981\" data-end=\"1037\">Memoria Flash: <strong data-start=\"996\" data-end=\"1005\">32 KB<\/strong> (0.5 KB usado por bootloader)<\/li>\n<li data-start=\"1040\" data-end=\"1056\">SRAM: <strong data-start=\"1046\" data-end=\"1054\">2 KB<\/strong><\/li>\n<li data-start=\"1059\" data-end=\"1077\">EEPROM: <strong data-start=\"1067\" data-end=\"1075\">1 KB<\/strong><\/li>\n<li>Velocidad de reloj: <strong data-start=\"1100\" data-end=\"1110\">16 MHz\n<p>Incluye:<\/strong><\/li>\n<li data-start=\"1136\" data-end=\"1149\">Arduino Uno<\/li>\n<li data-start=\"1152\" data-end=\"1163\">Cable USB<\/li>\n<\/ul>\n","protected":false},"excerpt":{"rendered":"<p>Placa de desarrollo Arduino Uno<\/p>\n","protected":false},"featured_media":1011,"comment_status":"open","ping_status":"closed","template":"","meta":{"site-sidebar-layout":"default","site-content-layout":"default","ast-global-header-display":"","ast-main-header-display":"","ast-hfb-above-header-display":"","ast-hfb-below-header-display":"","ast-hfb-mobile-header-display":"","site-post-title":"","ast-breadcrumbs-content":"","ast-featured-img":"","footer-sml-layout":"","theme-transparent-header-meta":"default","adv-header-id-meta":"","stick-header-meta":"","header-above-stick-meta":"","header-main-stick-meta":"","header-below-stick-meta":"","_joinchat":[]},"product_cat":[56,58],"product_tag":[],"class_list":["post-480","product","type-product","status-publish","has-post-thumbnail","hentry","product_cat-electronica","product_cat-microcontroladores"],"yoast_head":"<!-- This site is optimized with the Yoast SEO plugin v27.1.1 - https:\/\/yoast.com\/product\/yoast-seo-wordpress\/ -->\n<title>Arduino Uno con Cable USB - DC Electronica<\/title>\n<meta name=\"description\" content=\"Compra Arduino Uno con cable USB en Panam\u00e1. Ideal para proyectos electr\u00f3nicos, estudiantes y automatizaci\u00f3n. Entrega r\u00e1pida. Cont\u00e1ctanos hoy.\" \/>\n<meta name=\"robots\" content=\"index, follow, max-snippet:-1, max-image-preview:large, max-video-preview:-1\" \/>\n<link rel=\"canonical\" href=\"https:\/\/dashboard.dcelectronicapty.com\/index.php\/producto\/arduino-uno-panama\/\" \/>\n<meta property=\"og:locale\" content=\"en_US\" \/>\n<meta property=\"og:type\" content=\"article\" \/>\n<meta property=\"og:title\" content=\"Arduino Uno con Cable USB - DC Electronica\" \/>\n<meta property=\"og:description\" content=\"Compra Arduino Uno con cable USB en Panam\u00e1. Ideal para proyectos electr\u00f3nicos, estudiantes y automatizaci\u00f3n. Entrega r\u00e1pida. Cont\u00e1ctanos hoy.\" \/>\n<meta property=\"og:url\" content=\"https:\/\/dashboard.dcelectronicapty.com\/index.php\/producto\/arduino-uno-panama\/\" \/>\n<meta property=\"og:site_name\" content=\"DC Electronica\" \/>\n<meta property=\"article:publisher\" content=\"https:\/\/www.facebook.com\/dcelectronicapty\" \/>\n<meta property=\"article:modified_time\" content=\"2026-03-17T12:15:57+00:00\" \/>\n<meta property=\"og:image\" content=\"http:\/\/dashboard.dcelectronicapty.com\/wp-content\/uploads\/2023\/03\/887e80b3bba62d2121a151d2a8e81c03.image_.420x420.jpg\" \/>\n\t<meta property=\"og:image:width\" content=\"420\" \/>\n\t<meta property=\"og:image:height\" content=\"420\" \/>\n\t<meta property=\"og:image:type\" content=\"image\/jpeg\" \/>\n<meta name=\"twitter:card\" content=\"summary_large_image\" \/>\n<meta name=\"twitter:label1\" content=\"Est. reading time\" \/>\n\t<meta name=\"twitter:data1\" content=\"1 minute\" \/>\n<script type=\"application\/ld+json\" class=\"yoast-schema-graph\">{\"@context\":\"https:\/\/schema.org\",\"@graph\":[{\"@type\":\"WebPage\",\"@id\":\"https:\/\/dashboard.dcelectronicapty.com\/index.php\/producto\/arduino-uno-panama\/\",\"url\":\"https:\/\/dashboard.dcelectronicapty.com\/index.php\/producto\/arduino-uno-panama\/\",\"name\":\"Arduino Uno con Cable USB - DC Electronica\",\"isPartOf\":{\"@id\":\"https:\/\/dashboard.dcelectronicapty.com\/#website\"},\"primaryImageOfPage\":{\"@id\":\"https:\/\/dashboard.dcelectronicapty.com\/index.php\/producto\/arduino-uno-panama\/#primaryimage\"},\"image\":{\"@id\":\"https:\/\/dashboard.dcelectronicapty.com\/index.php\/producto\/arduino-uno-panama\/#primaryimage\"},\"thumbnailUrl\":\"https:\/\/i0.wp.com\/dashboard.dcelectronicapty.com\/wp-content\/uploads\/2023\/03\/887e80b3bba62d2121a151d2a8e81c03.image_.420x420.jpg?fit=420%2C420&ssl=1\",\"datePublished\":\"2023-03-29T05:31:58+00:00\",\"dateModified\":\"2026-03-17T12:15:57+00:00\",\"description\":\"Compra Arduino Uno con cable USB en Panam\u00e1. Ideal para proyectos electr\u00f3nicos, estudiantes y automatizaci\u00f3n. Entrega r\u00e1pida. Cont\u00e1ctanos hoy.\",\"breadcrumb\":{\"@id\":\"https:\/\/dashboard.dcelectronicapty.com\/index.php\/producto\/arduino-uno-panama\/#breadcrumb\"},\"inLanguage\":\"en-US\",\"potentialAction\":[{\"@type\":\"ReadAction\",\"target\":[\"https:\/\/dashboard.dcelectronicapty.com\/index.php\/producto\/arduino-uno-panama\/\"]}]},{\"@type\":\"ImageObject\",\"inLanguage\":\"en-US\",\"@id\":\"https:\/\/dashboard.dcelectronicapty.com\/index.php\/producto\/arduino-uno-panama\/#primaryimage\",\"url\":\"https:\/\/i0.wp.com\/dashboard.dcelectronicapty.com\/wp-content\/uploads\/2023\/03\/887e80b3bba62d2121a151d2a8e81c03.image_.420x420.jpg?fit=420%2C420&ssl=1\",\"contentUrl\":\"https:\/\/i0.wp.com\/dashboard.dcelectronicapty.com\/wp-content\/uploads\/2023\/03\/887e80b3bba62d2121a151d2a8e81c03.image_.420x420.jpg?fit=420%2C420&ssl=1\",\"width\":420,\"height\":420},{\"@type\":\"BreadcrumbList\",\"@id\":\"https:\/\/dashboard.dcelectronicapty.com\/index.php\/producto\/arduino-uno-panama\/#breadcrumb\",\"itemListElement\":[{\"@type\":\"ListItem\",\"position\":1,\"name\":\"Home\",\"item\":\"https:\/\/dashboard.dcelectronicapty.com\/\"},{\"@type\":\"ListItem\",\"position\":2,\"name\":\"Tienda\",\"item\":\"https:\/\/dashboard.dcelectronicapty.com\/index.php\/tienda\/\"},{\"@type\":\"ListItem\",\"position\":3,\"name\":\"Arduino Uno con Cable USB\"}]},{\"@type\":\"WebSite\",\"@id\":\"https:\/\/dashboard.dcelectronicapty.com\/#website\",\"url\":\"https:\/\/dashboard.dcelectronicapty.com\/\",\"name\":\"DC Electronica\",\"description\":\"\",\"publisher\":{\"@id\":\"https:\/\/dashboard.dcelectronicapty.com\/#organization\"},\"potentialAction\":[{\"@type\":\"SearchAction\",\"target\":{\"@type\":\"EntryPoint\",\"urlTemplate\":\"https:\/\/dashboard.dcelectronicapty.com\/?s={search_term_string}\"},\"query-input\":{\"@type\":\"PropertyValueSpecification\",\"valueRequired\":true,\"valueName\":\"search_term_string\"}}],\"inLanguage\":\"en-US\"},{\"@type\":\"Organization\",\"@id\":\"https:\/\/dashboard.dcelectronicapty.com\/#organization\",\"name\":\"DC Electronica\",\"url\":\"https:\/\/dashboard.dcelectronicapty.com\/\",\"logo\":{\"@type\":\"ImageObject\",\"inLanguage\":\"en-US\",\"@id\":\"https:\/\/dashboard.dcelectronicapty.com\/#\/schema\/logo\/image\/\",\"url\":\"https:\/\/i0.wp.com\/dashboard.dcelectronicapty.com\/wp-content\/uploads\/2023\/02\/cropped-cropped-Logo.png?fit=241%2C195&ssl=1\",\"contentUrl\":\"https:\/\/i0.wp.com\/dashboard.dcelectronicapty.com\/wp-content\/uploads\/2023\/02\/cropped-cropped-Logo.png?fit=241%2C195&ssl=1\",\"width\":241,\"height\":195,\"caption\":\"DC Electronica\"},\"image\":{\"@id\":\"https:\/\/dashboard.dcelectronicapty.com\/#\/schema\/logo\/image\/\"},\"sameAs\":[\"https:\/\/www.facebook.com\/dcelectronicapty\",\"https:\/\/www.instagram.com\/dcelectronicapty\/\"]}]}<\/script>\n<!-- \/ Yoast SEO plugin. -->","yoast_head_json":{"title":"Arduino Uno con Cable USB - DC Electronica","description":"Compra Arduino Uno con cable USB en Panam\u00e1. Ideal para proyectos electr\u00f3nicos, estudiantes y automatizaci\u00f3n. Entrega r\u00e1pida. Cont\u00e1ctanos hoy.","robots":{"index":"index","follow":"follow","max-snippet":"max-snippet:-1","max-image-preview":"max-image-preview:large","max-video-preview":"max-video-preview:-1"},"canonical":"https:\/\/dashboard.dcelectronicapty.com\/index.php\/producto\/arduino-uno-panama\/","og_locale":"en_US","og_type":"article","og_title":"Arduino Uno con Cable USB - DC Electronica","og_description":"Compra Arduino Uno con cable USB en Panam\u00e1. Ideal para proyectos electr\u00f3nicos, estudiantes y automatizaci\u00f3n. Entrega r\u00e1pida. Cont\u00e1ctanos hoy.","og_url":"https:\/\/dashboard.dcelectronicapty.com\/index.php\/producto\/arduino-uno-panama\/","og_site_name":"DC Electronica","article_publisher":"https:\/\/www.facebook.com\/dcelectronicapty","article_modified_time":"2026-03-17T12:15:57+00:00","og_image":[{"width":420,"height":420,"url":"http:\/\/dashboard.dcelectronicapty.com\/wp-content\/uploads\/2023\/03\/887e80b3bba62d2121a151d2a8e81c03.image_.420x420.jpg","type":"image\/jpeg"}],"twitter_card":"summary_large_image","twitter_misc":{"Est. reading time":"1 minute"},"schema":{"@context":"https:\/\/schema.org","@graph":[{"@type":"WebPage","@id":"https:\/\/dashboard.dcelectronicapty.com\/index.php\/producto\/arduino-uno-panama\/","url":"https:\/\/dashboard.dcelectronicapty.com\/index.php\/producto\/arduino-uno-panama\/","name":"Arduino Uno con Cable USB - DC Electronica","isPartOf":{"@id":"https:\/\/dashboard.dcelectronicapty.com\/#website"},"primaryImageOfPage":{"@id":"https:\/\/dashboard.dcelectronicapty.com\/index.php\/producto\/arduino-uno-panama\/#primaryimage"},"image":{"@id":"https:\/\/dashboard.dcelectronicapty.com\/index.php\/producto\/arduino-uno-panama\/#primaryimage"},"thumbnailUrl":"https:\/\/i0.wp.com\/dashboard.dcelectronicapty.com\/wp-content\/uploads\/2023\/03\/887e80b3bba62d2121a151d2a8e81c03.image_.420x420.jpg?fit=420%2C420&ssl=1","datePublished":"2023-03-29T05:31:58+00:00","dateModified":"2026-03-17T12:15:57+00:00","description":"Compra Arduino Uno con cable USB en Panam\u00e1. Ideal para proyectos electr\u00f3nicos, estudiantes y automatizaci\u00f3n. Entrega r\u00e1pida. Cont\u00e1ctanos hoy.","breadcrumb":{"@id":"https:\/\/dashboard.dcelectronicapty.com\/index.php\/producto\/arduino-uno-panama\/#breadcrumb"},"inLanguage":"en-US","potentialAction":[{"@type":"ReadAction","target":["https:\/\/dashboard.dcelectronicapty.com\/index.php\/producto\/arduino-uno-panama\/"]}]},{"@type":"ImageObject","inLanguage":"en-US","@id":"https:\/\/dashboard.dcelectronicapty.com\/index.php\/producto\/arduino-uno-panama\/#primaryimage","url":"https:\/\/i0.wp.com\/dashboard.dcelectronicapty.com\/wp-content\/uploads\/2023\/03\/887e80b3bba62d2121a151d2a8e81c03.image_.420x420.jpg?fit=420%2C420&ssl=1","contentUrl":"https:\/\/i0.wp.com\/dashboard.dcelectronicapty.com\/wp-content\/uploads\/2023\/03\/887e80b3bba62d2121a151d2a8e81c03.image_.420x420.jpg?fit=420%2C420&ssl=1","width":420,"height":420},{"@type":"BreadcrumbList","@id":"https:\/\/dashboard.dcelectronicapty.com\/index.php\/producto\/arduino-uno-panama\/#breadcrumb","itemListElement":[{"@type":"ListItem","position":1,"name":"Home","item":"https:\/\/dashboard.dcelectronicapty.com\/"},{"@type":"ListItem","position":2,"name":"Tienda","item":"https:\/\/dashboard.dcelectronicapty.com\/index.php\/tienda\/"},{"@type":"ListItem","position":3,"name":"Arduino Uno con Cable USB"}]},{"@type":"WebSite","@id":"https:\/\/dashboard.dcelectronicapty.com\/#website","url":"https:\/\/dashboard.dcelectronicapty.com\/","name":"DC Electronica","description":"","publisher":{"@id":"https:\/\/dashboard.dcelectronicapty.com\/#organization"},"potentialAction":[{"@type":"SearchAction","target":{"@type":"EntryPoint","urlTemplate":"https:\/\/dashboard.dcelectronicapty.com\/?s={search_term_string}"},"query-input":{"@type":"PropertyValueSpecification","valueRequired":true,"valueName":"search_term_string"}}],"inLanguage":"en-US"},{"@type":"Organization","@id":"https:\/\/dashboard.dcelectronicapty.com\/#organization","name":"DC Electronica","url":"https:\/\/dashboard.dcelectronicapty.com\/","logo":{"@type":"ImageObject","inLanguage":"en-US","@id":"https:\/\/dashboard.dcelectronicapty.com\/#\/schema\/logo\/image\/","url":"https:\/\/i0.wp.com\/dashboard.dcelectronicapty.com\/wp-content\/uploads\/2023\/02\/cropped-cropped-Logo.png?fit=241%2C195&ssl=1","contentUrl":"https:\/\/i0.wp.com\/dashboard.dcelectronicapty.com\/wp-content\/uploads\/2023\/02\/cropped-cropped-Logo.png?fit=241%2C195&ssl=1","width":241,"height":195,"caption":"DC Electronica"},"image":{"@id":"https:\/\/dashboard.dcelectronicapty.com\/#\/schema\/logo\/image\/"},"sameAs":["https:\/\/www.facebook.com\/dcelectronicapty","https:\/\/www.instagram.com\/dcelectronicapty\/"]}]}},"_links":{"self":[{"href":"https:\/\/dashboard.dcelectronicapty.com\/index.php\/wp-json\/wp\/v2\/product\/480","targetHints":{"allow":["GET"]}}],"collection":[{"href":"https:\/\/dashboard.dcelectronicapty.com\/index.php\/wp-json\/wp\/v2\/product"}],"about":[{"href":"https:\/\/dashboard.dcelectronicapty.com\/index.php\/wp-json\/wp\/v2\/types\/product"}],"replies":[{"embeddable":true,"href":"https:\/\/dashboard.dcelectronicapty.com\/index.php\/wp-json\/wp\/v2\/comments?post=480"}],"wp:featuredmedia":[{"embeddable":true,"href":"https:\/\/dashboard.dcelectronicapty.com\/index.php\/wp-json\/wp\/v2\/media\/1011"}],"wp:attachment":[{"href":"https:\/\/dashboard.dcelectronicapty.com\/index.php\/wp-json\/wp\/v2\/media?parent=480"}],"wp:term":[{"taxonomy":"product_cat","embeddable":true,"href":"https:\/\/dashboard.dcelectronicapty.com\/index.php\/wp-json\/wp\/v2\/product_cat?post=480"},{"taxonomy":"product_tag","embeddable":true,"href":"https:\/\/dashboard.dcelectronicapty.com\/index.php\/wp-json\/wp\/v2\/product_tag?post=480"}],"curies":[{"name":"wp","href":"https:\/\/api.w.org\/{rel}","templated":true}]}}