{"id":813,"date":"2025-08-10T21:32:45","date_gmt":"2025-08-10T21:32:45","guid":{"rendered":"https:\/\/dashboard.dcelectronicapty.com\/?post_type=product&#038;p=813"},"modified":"2025-08-11T02:41:36","modified_gmt":"2025-08-11T02:41:36","slug":"fuente-de-agua-mascotas-wifi","status":"publish","type":"product","link":"https:\/\/dashboard.dcelectronicapty.com\/index.php\/producto\/fuente-de-agua-mascotas-wifi\/","title":{"rendered":"Fuente de Agua Mascotas WiFi"},"content":{"rendered":"<p>\u25c6Fuente inteligente para mascotas<\/p>\n<p>\u25c6Conexi\u00f3n wifi<\/p>\n<p>\u25c6Con esterilizaci\u00f3n UV<\/p>\n<p>\u25c6<span style=\"font-size: 16px;\">Notificaci\u00f3n de alarma de detecci\u00f3n de nivel de agua alto y bajo<\/span><\/p>\n<p>\u25c6Sistema de filtraci\u00f3n m\u00faltiple, filtraci\u00f3n de circulaci\u00f3n continua las 24 horas.<\/p>\n<p>\u25c6Protecci\u00f3n inteligente de apagado para evitar el peligro potencial de fugas.<\/p>\n","protected":false},"excerpt":{"rendered":"<p>\u25c6Fuente inteligente para mascotas \u25c6Conexi\u00f3n wifi \u25c6Con esterilizaci\u00f3n UV \u25c6Notificaci\u00f3n de alarma de detecci\u00f3n de nivel de agua alto y bajo \u25c6Sistema de filtraci\u00f3n m\u00faltiple, filtraci\u00f3n de circulaci\u00f3n continua las 24 horas. \u25c6Protecci\u00f3n inteligente de apagado para evitar el peligro potencial de fugas.<\/p>\n","protected":false},"featured_media":816,"comment_status":"open","ping_status":"closed","template":"","meta":{"site-sidebar-layout":"default","site-content-layout":"default","ast-global-header-display":"","ast-main-header-display":"","ast-hfb-above-header-display":"","ast-hfb-below-header-display":"","ast-hfb-mobile-header-display":"","site-post-title":"","ast-breadcrumbs-content":"","ast-featured-img":"","footer-sml-layout":"","theme-transparent-header-meta":"default","adv-header-id-meta":"","stick-header-meta":"","header-above-stick-meta":"","header-main-stick-meta":"","header-below-stick-meta":"","_joinchat":[]},"product_cat":[21,54],"product_tag":[],"class_list":["post-813","product","type-product","status-publish","has-post-thumbnail","hentry","product_cat-smart-home","product_cat-salud-y-bienestar"],"yoast_head":"<!-- This site is optimized with the Yoast SEO plugin v27.1.1 - https:\/\/yoast.com\/product\/yoast-seo-wordpress\/ -->\n<title>Fuente de Agua Mascotas WiFi - DC Electronica<\/title>\n<meta name=\"robots\" content=\"index, follow, max-snippet:-1, max-image-preview:large, max-video-preview:-1\" \/>\n<link rel=\"canonical\" href=\"https:\/\/dashboard.dcelectronicapty.com\/index.php\/producto\/fuente-de-agua-mascotas-wifi\/\" \/>\n<meta property=\"og:locale\" content=\"en_US\" \/>\n<meta property=\"og:type\" content=\"article\" \/>\n<meta property=\"og:title\" content=\"Fuente de Agua Mascotas WiFi - DC Electronica\" \/>\n<meta property=\"og:description\" content=\"\u25c6Fuente inteligente para mascotas \u25c6Conexi\u00f3n wifi \u25c6Con esterilizaci\u00f3n UV \u25c6Notificaci\u00f3n de alarma de detecci\u00f3n de nivel de agua alto y bajo \u25c6Sistema de filtraci\u00f3n m\u00faltiple, filtraci\u00f3n de circulaci\u00f3n continua las 24 horas. \u25c6Protecci\u00f3n inteligente de apagado para evitar el peligro potencial de fugas.\" \/>\n<meta property=\"og:url\" content=\"https:\/\/dashboard.dcelectronicapty.com\/index.php\/producto\/fuente-de-agua-mascotas-wifi\/\" \/>\n<meta property=\"og:site_name\" content=\"DC Electronica\" \/>\n<meta property=\"article:publisher\" content=\"https:\/\/www.facebook.com\/dcelectronicapty\" \/>\n<meta property=\"article:modified_time\" content=\"2025-08-11T02:41:36+00:00\" \/>\n<meta property=\"og:image\" content=\"https:\/\/i0.wp.com\/dashboard.dcelectronicapty.com\/wp-content\/uploads\/2025\/08\/FuentePerros_3.jpg?fit=800%2C800&ssl=1\" \/>\n\t<meta property=\"og:image:width\" content=\"800\" \/>\n\t<meta property=\"og:image:height\" content=\"800\" \/>\n\t<meta property=\"og:image:type\" content=\"image\/jpeg\" \/>\n<meta name=\"twitter:card\" content=\"summary_large_image\" \/>\n<script type=\"application\/ld+json\" class=\"yoast-schema-graph\">{\"@context\":\"https:\/\/schema.org\",\"@graph\":[{\"@type\":\"WebPage\",\"@id\":\"https:\/\/dashboard.dcelectronicapty.com\/index.php\/producto\/fuente-de-agua-mascotas-wifi\/\",\"url\":\"https:\/\/dashboard.dcelectronicapty.com\/index.php\/producto\/fuente-de-agua-mascotas-wifi\/\",\"name\":\"Fuente de Agua Mascotas WiFi - DC Electronica\",\"isPartOf\":{\"@id\":\"https:\/\/dashboard.dcelectronicapty.com\/#website\"},\"primaryImageOfPage\":{\"@id\":\"https:\/\/dashboard.dcelectronicapty.com\/index.php\/producto\/fuente-de-agua-mascotas-wifi\/#primaryimage\"},\"image\":{\"@id\":\"https:\/\/dashboard.dcelectronicapty.com\/index.php\/producto\/fuente-de-agua-mascotas-wifi\/#primaryimage\"},\"thumbnailUrl\":\"https:\/\/i0.wp.com\/dashboard.dcelectronicapty.com\/wp-content\/uploads\/2025\/08\/FuentePerros_3.jpg?fit=800%2C800&ssl=1\",\"datePublished\":\"2025-08-10T21:32:45+00:00\",\"dateModified\":\"2025-08-11T02:41:36+00:00\",\"breadcrumb\":{\"@id\":\"https:\/\/dashboard.dcelectronicapty.com\/index.php\/producto\/fuente-de-agua-mascotas-wifi\/#breadcrumb\"},\"inLanguage\":\"en-US\",\"potentialAction\":[{\"@type\":\"ReadAction\",\"target\":[\"https:\/\/dashboard.dcelectronicapty.com\/index.php\/producto\/fuente-de-agua-mascotas-wifi\/\"]}]},{\"@type\":\"ImageObject\",\"inLanguage\":\"en-US\",\"@id\":\"https:\/\/dashboard.dcelectronicapty.com\/index.php\/producto\/fuente-de-agua-mascotas-wifi\/#primaryimage\",\"url\":\"https:\/\/i0.wp.com\/dashboard.dcelectronicapty.com\/wp-content\/uploads\/2025\/08\/FuentePerros_3.jpg?fit=800%2C800&ssl=1\",\"contentUrl\":\"https:\/\/i0.wp.com\/dashboard.dcelectronicapty.com\/wp-content\/uploads\/2025\/08\/FuentePerros_3.jpg?fit=800%2C800&ssl=1\",\"width\":800,\"height\":800},{\"@type\":\"BreadcrumbList\",\"@id\":\"https:\/\/dashboard.dcelectronicapty.com\/index.php\/producto\/fuente-de-agua-mascotas-wifi\/#breadcrumb\",\"itemListElement\":[{\"@type\":\"ListItem\",\"position\":1,\"name\":\"Home\",\"item\":\"https:\/\/dashboard.dcelectronicapty.com\/\"},{\"@type\":\"ListItem\",\"position\":2,\"name\":\"Tienda\",\"item\":\"https:\/\/dashboard.dcelectronicapty.com\/index.php\/tienda\/\"},{\"@type\":\"ListItem\",\"position\":3,\"name\":\"Fuente de Agua Mascotas WiFi\"}]},{\"@type\":\"WebSite\",\"@id\":\"https:\/\/dashboard.dcelectronicapty.com\/#website\",\"url\":\"https:\/\/dashboard.dcelectronicapty.com\/\",\"name\":\"DC Electronica\",\"description\":\"\",\"publisher\":{\"@id\":\"https:\/\/dashboard.dcelectronicapty.com\/#organization\"},\"potentialAction\":[{\"@type\":\"SearchAction\",\"target\":{\"@type\":\"EntryPoint\",\"urlTemplate\":\"https:\/\/dashboard.dcelectronicapty.com\/?s={search_term_string}\"},\"query-input\":{\"@type\":\"PropertyValueSpecification\",\"valueRequired\":true,\"valueName\":\"search_term_string\"}}],\"inLanguage\":\"en-US\"},{\"@type\":\"Organization\",\"@id\":\"https:\/\/dashboard.dcelectronicapty.com\/#organization\",\"name\":\"DC Electronica\",\"url\":\"https:\/\/dashboard.dcelectronicapty.com\/\",\"logo\":{\"@type\":\"ImageObject\",\"inLanguage\":\"en-US\",\"@id\":\"https:\/\/dashboard.dcelectronicapty.com\/#\/schema\/logo\/image\/\",\"url\":\"https:\/\/i0.wp.com\/dashboard.dcelectronicapty.com\/wp-content\/uploads\/2023\/02\/cropped-cropped-Logo.png?fit=241%2C195&ssl=1\",\"contentUrl\":\"https:\/\/i0.wp.com\/dashboard.dcelectronicapty.com\/wp-content\/uploads\/2023\/02\/cropped-cropped-Logo.png?fit=241%2C195&ssl=1\",\"width\":241,\"height\":195,\"caption\":\"DC Electronica\"},\"image\":{\"@id\":\"https:\/\/dashboard.dcelectronicapty.com\/#\/schema\/logo\/image\/\"},\"sameAs\":[\"https:\/\/www.facebook.com\/dcelectronicapty\",\"https:\/\/www.instagram.com\/dcelectronicapty\/\"]}]}<\/script>\n<!-- \/ Yoast SEO plugin. -->","yoast_head_json":{"title":"Fuente de Agua Mascotas WiFi - DC Electronica","robots":{"index":"index","follow":"follow","max-snippet":"max-snippet:-1","max-image-preview":"max-image-preview:large","max-video-preview":"max-video-preview:-1"},"canonical":"https:\/\/dashboard.dcelectronicapty.com\/index.php\/producto\/fuente-de-agua-mascotas-wifi\/","og_locale":"en_US","og_type":"article","og_title":"Fuente de Agua Mascotas WiFi - DC Electronica","og_description":"\u25c6Fuente inteligente para mascotas \u25c6Conexi\u00f3n wifi \u25c6Con esterilizaci\u00f3n UV \u25c6Notificaci\u00f3n de alarma de detecci\u00f3n de nivel de agua alto y bajo \u25c6Sistema de filtraci\u00f3n m\u00faltiple, filtraci\u00f3n de circulaci\u00f3n continua las 24 horas. \u25c6Protecci\u00f3n inteligente de apagado para evitar el peligro potencial de fugas.","og_url":"https:\/\/dashboard.dcelectronicapty.com\/index.php\/producto\/fuente-de-agua-mascotas-wifi\/","og_site_name":"DC Electronica","article_publisher":"https:\/\/www.facebook.com\/dcelectronicapty","article_modified_time":"2025-08-11T02:41:36+00:00","og_image":[{"width":800,"height":800,"url":"https:\/\/i0.wp.com\/dashboard.dcelectronicapty.com\/wp-content\/uploads\/2025\/08\/FuentePerros_3.jpg?fit=800%2C800&ssl=1","type":"image\/jpeg"}],"twitter_card":"summary_large_image","schema":{"@context":"https:\/\/schema.org","@graph":[{"@type":"WebPage","@id":"https:\/\/dashboard.dcelectronicapty.com\/index.php\/producto\/fuente-de-agua-mascotas-wifi\/","url":"https:\/\/dashboard.dcelectronicapty.com\/index.php\/producto\/fuente-de-agua-mascotas-wifi\/","name":"Fuente de Agua Mascotas WiFi - DC Electronica","isPartOf":{"@id":"https:\/\/dashboard.dcelectronicapty.com\/#website"},"primaryImageOfPage":{"@id":"https:\/\/dashboard.dcelectronicapty.com\/index.php\/producto\/fuente-de-agua-mascotas-wifi\/#primaryimage"},"image":{"@id":"https:\/\/dashboard.dcelectronicapty.com\/index.php\/producto\/fuente-de-agua-mascotas-wifi\/#primaryimage"},"thumbnailUrl":"https:\/\/i0.wp.com\/dashboard.dcelectronicapty.com\/wp-content\/uploads\/2025\/08\/FuentePerros_3.jpg?fit=800%2C800&ssl=1","datePublished":"2025-08-10T21:32:45+00:00","dateModified":"2025-08-11T02:41:36+00:00","breadcrumb":{"@id":"https:\/\/dashboard.dcelectronicapty.com\/index.php\/producto\/fuente-de-agua-mascotas-wifi\/#breadcrumb"},"inLanguage":"en-US","potentialAction":[{"@type":"ReadAction","target":["https:\/\/dashboard.dcelectronicapty.com\/index.php\/producto\/fuente-de-agua-mascotas-wifi\/"]}]},{"@type":"ImageObject","inLanguage":"en-US","@id":"https:\/\/dashboard.dcelectronicapty.com\/index.php\/producto\/fuente-de-agua-mascotas-wifi\/#primaryimage","url":"https:\/\/i0.wp.com\/dashboard.dcelectronicapty.com\/wp-content\/uploads\/2025\/08\/FuentePerros_3.jpg?fit=800%2C800&ssl=1","contentUrl":"https:\/\/i0.wp.com\/dashboard.dcelectronicapty.com\/wp-content\/uploads\/2025\/08\/FuentePerros_3.jpg?fit=800%2C800&ssl=1","width":800,"height":800},{"@type":"BreadcrumbList","@id":"https:\/\/dashboard.dcelectronicapty.com\/index.php\/producto\/fuente-de-agua-mascotas-wifi\/#breadcrumb","itemListElement":[{"@type":"ListItem","position":1,"name":"Home","item":"https:\/\/dashboard.dcelectronicapty.com\/"},{"@type":"ListItem","position":2,"name":"Tienda","item":"https:\/\/dashboard.dcelectronicapty.com\/index.php\/tienda\/"},{"@type":"ListItem","position":3,"name":"Fuente de Agua Mascotas WiFi"}]},{"@type":"WebSite","@id":"https:\/\/dashboard.dcelectronicapty.com\/#website","url":"https:\/\/dashboard.dcelectronicapty.com\/","name":"DC Electronica","description":"","publisher":{"@id":"https:\/\/dashboard.dcelectronicapty.com\/#organization"},"potentialAction":[{"@type":"SearchAction","target":{"@type":"EntryPoint","urlTemplate":"https:\/\/dashboard.dcelectronicapty.com\/?s={search_term_string}"},"query-input":{"@type":"PropertyValueSpecification","valueRequired":true,"valueName":"search_term_string"}}],"inLanguage":"en-US"},{"@type":"Organization","@id":"https:\/\/dashboard.dcelectronicapty.com\/#organization","name":"DC Electronica","url":"https:\/\/dashboard.dcelectronicapty.com\/","logo":{"@type":"ImageObject","inLanguage":"en-US","@id":"https:\/\/dashboard.dcelectronicapty.com\/#\/schema\/logo\/image\/","url":"https:\/\/i0.wp.com\/dashboard.dcelectronicapty.com\/wp-content\/uploads\/2023\/02\/cropped-cropped-Logo.png?fit=241%2C195&ssl=1","contentUrl":"https:\/\/i0.wp.com\/dashboard.dcelectronicapty.com\/wp-content\/uploads\/2023\/02\/cropped-cropped-Logo.png?fit=241%2C195&ssl=1","width":241,"height":195,"caption":"DC Electronica"},"image":{"@id":"https:\/\/dashboard.dcelectronicapty.com\/#\/schema\/logo\/image\/"},"sameAs":["https:\/\/www.facebook.com\/dcelectronicapty","https:\/\/www.instagram.com\/dcelectronicapty\/"]}]}},"_links":{"self":[{"href":"https:\/\/dashboard.dcelectronicapty.com\/index.php\/wp-json\/wp\/v2\/product\/813","targetHints":{"allow":["GET"]}}],"collection":[{"href":"https:\/\/dashboard.dcelectronicapty.com\/index.php\/wp-json\/wp\/v2\/product"}],"about":[{"href":"https:\/\/dashboard.dcelectronicapty.com\/index.php\/wp-json\/wp\/v2\/types\/product"}],"replies":[{"embeddable":true,"href":"https:\/\/dashboard.dcelectronicapty.com\/index.php\/wp-json\/wp\/v2\/comments?post=813"}],"wp:featuredmedia":[{"embeddable":true,"href":"https:\/\/dashboard.dcelectronicapty.com\/index.php\/wp-json\/wp\/v2\/media\/816"}],"wp:attachment":[{"href":"https:\/\/dashboard.dcelectronicapty.com\/index.php\/wp-json\/wp\/v2\/media?parent=813"}],"wp:term":[{"taxonomy":"product_cat","embeddable":true,"href":"https:\/\/dashboard.dcelectronicapty.com\/index.php\/wp-json\/wp\/v2\/product_cat?post=813"},{"taxonomy":"product_tag","embeddable":true,"href":"https:\/\/dashboard.dcelectronicapty.com\/index.php\/wp-json\/wp\/v2\/product_tag?post=813"}],"curies":[{"name":"wp","href":"https:\/\/api.w.org\/{rel}","templated":true}]}}