{"id":834,"date":"2025-08-11T02:55:13","date_gmt":"2025-08-11T02:55:13","guid":{"rendered":"https:\/\/dashboard.dcelectronicapty.com\/?post_type=product&#038;p=834"},"modified":"2025-08-11T12:07:01","modified_gmt":"2025-08-11T12:07:01","slug":"multimetro-tipo-lapiz","status":"publish","type":"product","link":"https:\/\/dashboard.dcelectronicapty.com\/index.php\/producto\/multimetro-tipo-lapiz\/","title":{"rendered":"Multimetro tipo Lapiz"},"content":{"rendered":"<ul data-start=\"99\" data-end=\"510\">\n<li data-start=\"99\" data-end=\"510\">\n<p data-start=\"101\" data-end=\"112\"><strong data-start=\"101\" data-end=\"110\">Rango<\/strong><\/p>\n<ul data-start=\"115\" data-end=\"510\">\n<li data-start=\"115\" data-end=\"170\">\n<p data-start=\"117\" data-end=\"170\"><strong data-start=\"117\" data-end=\"131\">Voltaje DC<\/strong>: 400 mV \/ 4 V \/ 40 V \/ 400 V \/ 600 V<\/p>\n<\/li>\n<li data-start=\"173\" data-end=\"219\">\n<p data-start=\"175\" data-end=\"219\"><strong data-start=\"175\" data-end=\"189\">Voltaje AC<\/strong>: 4 V \/ 40 V \/ 400 V \/ 600 V<\/p>\n<\/li>\n<li data-start=\"222\" data-end=\"284\">\n<p data-start=\"224\" data-end=\"284\"><strong data-start=\"224\" data-end=\"243\">Resistencia (\u03a9)<\/strong>: 400 \/ 4 k \/ 40 k \/ 400 k \/ 4 M \/ 40 M<\/p>\n<\/li>\n<li data-start=\"287\" data-end=\"305\">\n<p data-start=\"289\" data-end=\"305\"><strong data-start=\"289\" data-end=\"298\">Diodo<\/strong>: 4 V<\/p>\n<\/li>\n<li data-start=\"308\" data-end=\"355\">\n<p data-start=\"310\" data-end=\"355\"><strong data-start=\"310\" data-end=\"346\">Prueba de continuidad (zumbador)<\/strong>: 400 \u03a9<\/p>\n<\/li>\n<li data-start=\"358\" data-end=\"394\">\n<p data-start=\"360\" data-end=\"394\"><strong data-start=\"360\" data-end=\"376\">Corriente DC<\/strong>: 40 mA \/ 200 mA<\/p>\n<\/li>\n<li data-start=\"397\" data-end=\"433\">\n<p data-start=\"399\" data-end=\"433\"><strong data-start=\"399\" data-end=\"415\">Corriente AC<\/strong>: 40 mA \/ 200 mA<\/p>\n<\/li>\n<li data-start=\"436\" data-end=\"510\">\n<p data-start=\"438\" data-end=\"510\"><strong data-start=\"438\" data-end=\"454\">Capacitancia<\/strong>: 4 nF \/ 40 nF \/ 400 nF \/ 4 \u00b5F \/ 40 \u00b5F \/ 400 \u00b5F \/ 4 mF<\/p>\n<\/li>\n<\/ul>\n<\/li>\n<\/ul>\n<hr data-start=\"512\" data-end=\"515\" \/>\n<p data-start=\"517\" data-end=\"545\"><strong data-start=\"517\" data-end=\"543\">Contenido del paquete:<\/strong><\/p>\n<ul data-start=\"546\" data-end=\"641\">\n<li data-start=\"546\" data-end=\"585\">\n<p data-start=\"548\" data-end=\"585\">1 \u00d7 Mult\u00edmetro tipo bol\u00edgrafo A3002<\/p>\n<\/li>\n<li data-start=\"586\" data-end=\"609\">\n<p data-start=\"588\" data-end=\"609\">1 \u00d7 Cable de prueba<\/p>\n<\/li>\n<li data-start=\"610\" data-end=\"641\">\n<p data-start=\"612\" data-end=\"641\">1 \u00d7 Manual de instrucciones<\/p>\n<\/li>\n<\/ul>\n","protected":false},"excerpt":{"rendered":"<p>Rango Voltaje DC: 400 mV \/ 4 V \/ 40 V \/ 400 V \/ 600 V Voltaje AC: 4 V \/ 40 V \/ 400 V \/ 600 V Resistencia (\u03a9): 400 \/ 4 k \/ 40 k \/ 400 k \/ 4 M \/ 40 M Diodo: 4 V Prueba de continuidad (zumbador): &hellip;<\/p>\n<p class=\"read-more\"> <a class=\"\" href=\"https:\/\/dashboard.dcelectronicapty.com\/index.php\/producto\/multimetro-tipo-lapiz\/\"> <span class=\"screen-reader-text\">Multimetro tipo Lapiz<\/span> Read More &raquo;<\/a><\/p>\n","protected":false},"featured_media":835,"comment_status":"open","ping_status":"closed","template":"","meta":{"site-sidebar-layout":"default","site-content-layout":"default","ast-global-header-display":"","ast-main-header-display":"","ast-hfb-above-header-display":"","ast-hfb-below-header-display":"","ast-hfb-mobile-header-display":"","site-post-title":"","ast-breadcrumbs-content":"","ast-featured-img":"","footer-sml-layout":"","theme-transparent-header-meta":"default","adv-header-id-meta":"","stick-header-meta":"","header-above-stick-meta":"","header-main-stick-meta":"","header-below-stick-meta":"","_joinchat":[]},"product_cat":[19,45],"product_tag":[],"class_list":["post-834","product","type-product","status-publish","has-post-thumbnail","hentry","product_cat-herramientas","product_cat-instrumentos-de-medicion"],"yoast_head":"<!-- This site is optimized with the Yoast SEO plugin v27.1.1 - https:\/\/yoast.com\/product\/yoast-seo-wordpress\/ -->\n<title>Multimetro tipo Lapiz - DC Electronica<\/title>\n<meta name=\"robots\" content=\"index, follow, max-snippet:-1, max-image-preview:large, max-video-preview:-1\" \/>\n<link rel=\"canonical\" href=\"https:\/\/dashboard.dcelectronicapty.com\/index.php\/producto\/multimetro-tipo-lapiz\/\" \/>\n<meta property=\"og:locale\" content=\"en_US\" \/>\n<meta property=\"og:type\" content=\"article\" \/>\n<meta property=\"og:title\" content=\"Multimetro tipo Lapiz - DC Electronica\" \/>\n<meta property=\"og:description\" content=\"Rango Voltaje DC: 400 mV \/ 4 V \/ 40 V \/ 400 V \/ 600 V Voltaje AC: 4 V \/ 40 V \/ 400 V \/ 600 V Resistencia (\u03a9): 400 \/ 4 k \/ 40 k \/ 400 k \/ 4 M \/ 40 M Diodo: 4 V Prueba de continuidad (zumbador): &hellip; Multimetro tipo Lapiz Read More &raquo;\" \/>\n<meta property=\"og:url\" content=\"https:\/\/dashboard.dcelectronicapty.com\/index.php\/producto\/multimetro-tipo-lapiz\/\" \/>\n<meta property=\"og:site_name\" content=\"DC Electronica\" \/>\n<meta property=\"article:publisher\" content=\"https:\/\/www.facebook.com\/dcelectronicapty\" \/>\n<meta property=\"article:modified_time\" content=\"2025-08-11T12:07:01+00:00\" \/>\n<meta property=\"og:image\" content=\"https:\/\/i0.wp.com\/dashboard.dcelectronicapty.com\/wp-content\/uploads\/2025\/08\/d566c0bb-5326-4617-bf5d-5eb935c2f0ac.jpg?fit=1601%2C1601&ssl=1\" \/>\n\t<meta property=\"og:image:width\" content=\"1601\" \/>\n\t<meta property=\"og:image:height\" content=\"1601\" \/>\n\t<meta property=\"og:image:type\" content=\"image\/jpeg\" \/>\n<meta name=\"twitter:card\" content=\"summary_large_image\" \/>\n<script type=\"application\/ld+json\" class=\"yoast-schema-graph\">{\"@context\":\"https:\/\/schema.org\",\"@graph\":[{\"@type\":\"WebPage\",\"@id\":\"https:\/\/dashboard.dcelectronicapty.com\/index.php\/producto\/multimetro-tipo-lapiz\/\",\"url\":\"https:\/\/dashboard.dcelectronicapty.com\/index.php\/producto\/multimetro-tipo-lapiz\/\",\"name\":\"Multimetro tipo Lapiz - DC Electronica\",\"isPartOf\":{\"@id\":\"https:\/\/dashboard.dcelectronicapty.com\/#website\"},\"primaryImageOfPage\":{\"@id\":\"https:\/\/dashboard.dcelectronicapty.com\/index.php\/producto\/multimetro-tipo-lapiz\/#primaryimage\"},\"image\":{\"@id\":\"https:\/\/dashboard.dcelectronicapty.com\/index.php\/producto\/multimetro-tipo-lapiz\/#primaryimage\"},\"thumbnailUrl\":\"https:\/\/i0.wp.com\/dashboard.dcelectronicapty.com\/wp-content\/uploads\/2025\/08\/d566c0bb-5326-4617-bf5d-5eb935c2f0ac.jpg?fit=1601%2C1601&ssl=1\",\"datePublished\":\"2025-08-11T02:55:13+00:00\",\"dateModified\":\"2025-08-11T12:07:01+00:00\",\"breadcrumb\":{\"@id\":\"https:\/\/dashboard.dcelectronicapty.com\/index.php\/producto\/multimetro-tipo-lapiz\/#breadcrumb\"},\"inLanguage\":\"en-US\",\"potentialAction\":[{\"@type\":\"ReadAction\",\"target\":[\"https:\/\/dashboard.dcelectronicapty.com\/index.php\/producto\/multimetro-tipo-lapiz\/\"]}]},{\"@type\":\"ImageObject\",\"inLanguage\":\"en-US\",\"@id\":\"https:\/\/dashboard.dcelectronicapty.com\/index.php\/producto\/multimetro-tipo-lapiz\/#primaryimage\",\"url\":\"https:\/\/i0.wp.com\/dashboard.dcelectronicapty.com\/wp-content\/uploads\/2025\/08\/d566c0bb-5326-4617-bf5d-5eb935c2f0ac.jpg?fit=1601%2C1601&ssl=1\",\"contentUrl\":\"https:\/\/i0.wp.com\/dashboard.dcelectronicapty.com\/wp-content\/uploads\/2025\/08\/d566c0bb-5326-4617-bf5d-5eb935c2f0ac.jpg?fit=1601%2C1601&ssl=1\",\"width\":1601,\"height\":1601},{\"@type\":\"BreadcrumbList\",\"@id\":\"https:\/\/dashboard.dcelectronicapty.com\/index.php\/producto\/multimetro-tipo-lapiz\/#breadcrumb\",\"itemListElement\":[{\"@type\":\"ListItem\",\"position\":1,\"name\":\"Home\",\"item\":\"https:\/\/dashboard.dcelectronicapty.com\/\"},{\"@type\":\"ListItem\",\"position\":2,\"name\":\"Tienda\",\"item\":\"https:\/\/dashboard.dcelectronicapty.com\/index.php\/tienda\/\"},{\"@type\":\"ListItem\",\"position\":3,\"name\":\"Multimetro tipo Lapiz\"}]},{\"@type\":\"WebSite\",\"@id\":\"https:\/\/dashboard.dcelectronicapty.com\/#website\",\"url\":\"https:\/\/dashboard.dcelectronicapty.com\/\",\"name\":\"DC Electronica\",\"description\":\"\",\"publisher\":{\"@id\":\"https:\/\/dashboard.dcelectronicapty.com\/#organization\"},\"potentialAction\":[{\"@type\":\"SearchAction\",\"target\":{\"@type\":\"EntryPoint\",\"urlTemplate\":\"https:\/\/dashboard.dcelectronicapty.com\/?s={search_term_string}\"},\"query-input\":{\"@type\":\"PropertyValueSpecification\",\"valueRequired\":true,\"valueName\":\"search_term_string\"}}],\"inLanguage\":\"en-US\"},{\"@type\":\"Organization\",\"@id\":\"https:\/\/dashboard.dcelectronicapty.com\/#organization\",\"name\":\"DC Electronica\",\"url\":\"https:\/\/dashboard.dcelectronicapty.com\/\",\"logo\":{\"@type\":\"ImageObject\",\"inLanguage\":\"en-US\",\"@id\":\"https:\/\/dashboard.dcelectronicapty.com\/#\/schema\/logo\/image\/\",\"url\":\"https:\/\/i0.wp.com\/dashboard.dcelectronicapty.com\/wp-content\/uploads\/2023\/02\/cropped-cropped-Logo.png?fit=241%2C195&ssl=1\",\"contentUrl\":\"https:\/\/i0.wp.com\/dashboard.dcelectronicapty.com\/wp-content\/uploads\/2023\/02\/cropped-cropped-Logo.png?fit=241%2C195&ssl=1\",\"width\":241,\"height\":195,\"caption\":\"DC Electronica\"},\"image\":{\"@id\":\"https:\/\/dashboard.dcelectronicapty.com\/#\/schema\/logo\/image\/\"},\"sameAs\":[\"https:\/\/www.facebook.com\/dcelectronicapty\",\"https:\/\/www.instagram.com\/dcelectronicapty\/\"]}]}<\/script>\n<!-- \/ Yoast SEO plugin. -->","yoast_head_json":{"title":"Multimetro tipo Lapiz - DC Electronica","robots":{"index":"index","follow":"follow","max-snippet":"max-snippet:-1","max-image-preview":"max-image-preview:large","max-video-preview":"max-video-preview:-1"},"canonical":"https:\/\/dashboard.dcelectronicapty.com\/index.php\/producto\/multimetro-tipo-lapiz\/","og_locale":"en_US","og_type":"article","og_title":"Multimetro tipo Lapiz - DC Electronica","og_description":"Rango Voltaje DC: 400 mV \/ 4 V \/ 40 V \/ 400 V \/ 600 V Voltaje AC: 4 V \/ 40 V \/ 400 V \/ 600 V Resistencia (\u03a9): 400 \/ 4 k \/ 40 k \/ 400 k \/ 4 M \/ 40 M Diodo: 4 V Prueba de continuidad (zumbador): &hellip; Multimetro tipo Lapiz Read More &raquo;","og_url":"https:\/\/dashboard.dcelectronicapty.com\/index.php\/producto\/multimetro-tipo-lapiz\/","og_site_name":"DC Electronica","article_publisher":"https:\/\/www.facebook.com\/dcelectronicapty","article_modified_time":"2025-08-11T12:07:01+00:00","og_image":[{"width":1601,"height":1601,"url":"https:\/\/i0.wp.com\/dashboard.dcelectronicapty.com\/wp-content\/uploads\/2025\/08\/d566c0bb-5326-4617-bf5d-5eb935c2f0ac.jpg?fit=1601%2C1601&ssl=1","type":"image\/jpeg"}],"twitter_card":"summary_large_image","schema":{"@context":"https:\/\/schema.org","@graph":[{"@type":"WebPage","@id":"https:\/\/dashboard.dcelectronicapty.com\/index.php\/producto\/multimetro-tipo-lapiz\/","url":"https:\/\/dashboard.dcelectronicapty.com\/index.php\/producto\/multimetro-tipo-lapiz\/","name":"Multimetro tipo Lapiz - DC Electronica","isPartOf":{"@id":"https:\/\/dashboard.dcelectronicapty.com\/#website"},"primaryImageOfPage":{"@id":"https:\/\/dashboard.dcelectronicapty.com\/index.php\/producto\/multimetro-tipo-lapiz\/#primaryimage"},"image":{"@id":"https:\/\/dashboard.dcelectronicapty.com\/index.php\/producto\/multimetro-tipo-lapiz\/#primaryimage"},"thumbnailUrl":"https:\/\/i0.wp.com\/dashboard.dcelectronicapty.com\/wp-content\/uploads\/2025\/08\/d566c0bb-5326-4617-bf5d-5eb935c2f0ac.jpg?fit=1601%2C1601&ssl=1","datePublished":"2025-08-11T02:55:13+00:00","dateModified":"2025-08-11T12:07:01+00:00","breadcrumb":{"@id":"https:\/\/dashboard.dcelectronicapty.com\/index.php\/producto\/multimetro-tipo-lapiz\/#breadcrumb"},"inLanguage":"en-US","potentialAction":[{"@type":"ReadAction","target":["https:\/\/dashboard.dcelectronicapty.com\/index.php\/producto\/multimetro-tipo-lapiz\/"]}]},{"@type":"ImageObject","inLanguage":"en-US","@id":"https:\/\/dashboard.dcelectronicapty.com\/index.php\/producto\/multimetro-tipo-lapiz\/#primaryimage","url":"https:\/\/i0.wp.com\/dashboard.dcelectronicapty.com\/wp-content\/uploads\/2025\/08\/d566c0bb-5326-4617-bf5d-5eb935c2f0ac.jpg?fit=1601%2C1601&ssl=1","contentUrl":"https:\/\/i0.wp.com\/dashboard.dcelectronicapty.com\/wp-content\/uploads\/2025\/08\/d566c0bb-5326-4617-bf5d-5eb935c2f0ac.jpg?fit=1601%2C1601&ssl=1","width":1601,"height":1601},{"@type":"BreadcrumbList","@id":"https:\/\/dashboard.dcelectronicapty.com\/index.php\/producto\/multimetro-tipo-lapiz\/#breadcrumb","itemListElement":[{"@type":"ListItem","position":1,"name":"Home","item":"https:\/\/dashboard.dcelectronicapty.com\/"},{"@type":"ListItem","position":2,"name":"Tienda","item":"https:\/\/dashboard.dcelectronicapty.com\/index.php\/tienda\/"},{"@type":"ListItem","position":3,"name":"Multimetro tipo Lapiz"}]},{"@type":"WebSite","@id":"https:\/\/dashboard.dcelectronicapty.com\/#website","url":"https:\/\/dashboard.dcelectronicapty.com\/","name":"DC Electronica","description":"","publisher":{"@id":"https:\/\/dashboard.dcelectronicapty.com\/#organization"},"potentialAction":[{"@type":"SearchAction","target":{"@type":"EntryPoint","urlTemplate":"https:\/\/dashboard.dcelectronicapty.com\/?s={search_term_string}"},"query-input":{"@type":"PropertyValueSpecification","valueRequired":true,"valueName":"search_term_string"}}],"inLanguage":"en-US"},{"@type":"Organization","@id":"https:\/\/dashboard.dcelectronicapty.com\/#organization","name":"DC Electronica","url":"https:\/\/dashboard.dcelectronicapty.com\/","logo":{"@type":"ImageObject","inLanguage":"en-US","@id":"https:\/\/dashboard.dcelectronicapty.com\/#\/schema\/logo\/image\/","url":"https:\/\/i0.wp.com\/dashboard.dcelectronicapty.com\/wp-content\/uploads\/2023\/02\/cropped-cropped-Logo.png?fit=241%2C195&ssl=1","contentUrl":"https:\/\/i0.wp.com\/dashboard.dcelectronicapty.com\/wp-content\/uploads\/2023\/02\/cropped-cropped-Logo.png?fit=241%2C195&ssl=1","width":241,"height":195,"caption":"DC Electronica"},"image":{"@id":"https:\/\/dashboard.dcelectronicapty.com\/#\/schema\/logo\/image\/"},"sameAs":["https:\/\/www.facebook.com\/dcelectronicapty","https:\/\/www.instagram.com\/dcelectronicapty\/"]}]}},"_links":{"self":[{"href":"https:\/\/dashboard.dcelectronicapty.com\/index.php\/wp-json\/wp\/v2\/product\/834","targetHints":{"allow":["GET"]}}],"collection":[{"href":"https:\/\/dashboard.dcelectronicapty.com\/index.php\/wp-json\/wp\/v2\/product"}],"about":[{"href":"https:\/\/dashboard.dcelectronicapty.com\/index.php\/wp-json\/wp\/v2\/types\/product"}],"replies":[{"embeddable":true,"href":"https:\/\/dashboard.dcelectronicapty.com\/index.php\/wp-json\/wp\/v2\/comments?post=834"}],"wp:featuredmedia":[{"embeddable":true,"href":"https:\/\/dashboard.dcelectronicapty.com\/index.php\/wp-json\/wp\/v2\/media\/835"}],"wp:attachment":[{"href":"https:\/\/dashboard.dcelectronicapty.com\/index.php\/wp-json\/wp\/v2\/media?parent=834"}],"wp:term":[{"taxonomy":"product_cat","embeddable":true,"href":"https:\/\/dashboard.dcelectronicapty.com\/index.php\/wp-json\/wp\/v2\/product_cat?post=834"},{"taxonomy":"product_tag","embeddable":true,"href":"https:\/\/dashboard.dcelectronicapty.com\/index.php\/wp-json\/wp\/v2\/product_tag?post=834"}],"curies":[{"name":"wp","href":"https:\/\/api.w.org\/{rel}","templated":true}]}}