{"id":900,"date":"2025-08-18T02:06:12","date_gmt":"2025-08-18T02:06:12","guid":{"rendered":"https:\/\/dashboard.dcelectronicapty.com\/?post_type=product&#038;p=900"},"modified":"2025-11-15T13:35:29","modified_gmt":"2025-11-15T13:35:29","slug":"alarma-con-sirena-wifi-tuya-smart-ip67exteriores","status":"publish","type":"product","link":"https:\/\/dashboard.dcelectronicapty.com\/index.php\/producto\/alarma-con-sirena-wifi-tuya-smart-ip67exteriores\/","title":{"rendered":"Alarma con sirena WiFi Tuya Smart IP67(Exteriores)"},"content":{"rendered":"<p>\u25c6 Compatible con Amazon Alexa\/Google Assistant<br \/>\n\u25c6 Voltaje de entrada: 12 V CC\/1 A, volumen de la alarma: 120 dB;<br \/>\n\u25c6 Admite 100 sensores inal\u00e1mbricos y 10 control remoto<br \/>\n\u25c6 5 tipos de zonas: normal\/permanente\/inteligente\/emergencia\/zona cerrada.<br \/>\n\u25c6 Bater\u00eda de litio de 3,7 V integrada, detecci\u00f3n de bater\u00eda baja\/detecci\u00f3n de apagado.<br \/>\n\u25c6 Con ANTITAMPER<\/p>\n","protected":false},"excerpt":{"rendered":"<p>\u25c6 Compatible con Amazon Alexa\/Google Assistant \u25c6 Voltaje de entrada: 12 V CC\/1 A, volumen de la alarma: 120 dB; \u25c6 Admite 100 sensores inal\u00e1mbricos y 10 control remoto \u25c6 5 tipos de zonas: normal\/permanente\/inteligente\/emergencia\/zona cerrada. \u25c6 Bater\u00eda de litio de 3,7 V integrada, detecci\u00f3n de bater\u00eda baja\/detecci\u00f3n de apagado. \u25c6 Con ANTITAMPER<\/p>\n","protected":false},"featured_media":901,"comment_status":"open","ping_status":"closed","template":"","meta":{"site-sidebar-layout":"default","site-content-layout":"default","ast-global-header-display":"","ast-main-header-display":"","ast-hfb-above-header-display":"","ast-hfb-below-header-display":"","ast-hfb-mobile-header-display":"","site-post-title":"","ast-breadcrumbs-content":"","ast-featured-img":"","footer-sml-layout":"","theme-transparent-header-meta":"default","adv-header-id-meta":"","stick-header-meta":"","header-above-stick-meta":"","header-main-stick-meta":"","header-below-stick-meta":"","_joinchat":[]},"product_cat":[21,55],"product_tag":[],"class_list":["post-900","product","type-product","status-publish","has-post-thumbnail","hentry","product_cat-smart-home","product_cat-seguridad"],"yoast_head":"<!-- This site is optimized with the Yoast SEO plugin v27.1.1 - https:\/\/yoast.com\/product\/yoast-seo-wordpress\/ -->\n<title>Alarma con sirena WiFi Tuya Smart IP67(Exteriores) - DC Electronica<\/title>\n<meta name=\"robots\" content=\"index, follow, max-snippet:-1, max-image-preview:large, max-video-preview:-1\" \/>\n<link rel=\"canonical\" href=\"https:\/\/dashboard.dcelectronicapty.com\/index.php\/producto\/alarma-con-sirena-wifi-tuya-smart-ip67exteriores\/\" \/>\n<meta property=\"og:locale\" content=\"en_US\" \/>\n<meta property=\"og:type\" content=\"article\" \/>\n<meta property=\"og:title\" content=\"Alarma con sirena WiFi Tuya Smart IP67(Exteriores) - DC Electronica\" \/>\n<meta property=\"og:description\" content=\"\u25c6 Compatible con Amazon Alexa\/Google Assistant \u25c6 Voltaje de entrada: 12 V CC\/1 A, volumen de la alarma: 120 dB; \u25c6 Admite 100 sensores inal\u00e1mbricos y 10 control remoto \u25c6 5 tipos de zonas: normal\/permanente\/inteligente\/emergencia\/zona cerrada. \u25c6 Bater\u00eda de litio de 3,7 V integrada, detecci\u00f3n de bater\u00eda baja\/detecci\u00f3n de apagado. \u25c6 Con ANTITAMPER\" \/>\n<meta property=\"og:url\" content=\"https:\/\/dashboard.dcelectronicapty.com\/index.php\/producto\/alarma-con-sirena-wifi-tuya-smart-ip67exteriores\/\" \/>\n<meta property=\"og:site_name\" content=\"DC Electronica\" \/>\n<meta property=\"article:publisher\" content=\"https:\/\/www.facebook.com\/dcelectronicapty\" \/>\n<meta property=\"article:modified_time\" content=\"2025-11-15T13:35:29+00:00\" \/>\n<meta property=\"og:image\" content=\"https:\/\/i0.wp.com\/dashboard.dcelectronicapty.com\/wp-content\/uploads\/2025\/08\/PST-SN31-4.jpg?fit=1000%2C1000&ssl=1\" \/>\n\t<meta property=\"og:image:width\" content=\"1000\" \/>\n\t<meta property=\"og:image:height\" content=\"1000\" \/>\n\t<meta property=\"og:image:type\" content=\"image\/jpeg\" \/>\n<meta name=\"twitter:card\" content=\"summary_large_image\" \/>\n<script type=\"application\/ld+json\" class=\"yoast-schema-graph\">{\"@context\":\"https:\/\/schema.org\",\"@graph\":[{\"@type\":\"WebPage\",\"@id\":\"https:\/\/dashboard.dcelectronicapty.com\/index.php\/producto\/alarma-con-sirena-wifi-tuya-smart-ip67exteriores\/\",\"url\":\"https:\/\/dashboard.dcelectronicapty.com\/index.php\/producto\/alarma-con-sirena-wifi-tuya-smart-ip67exteriores\/\",\"name\":\"Alarma con sirena WiFi Tuya Smart IP67(Exteriores) - DC Electronica\",\"isPartOf\":{\"@id\":\"https:\/\/dashboard.dcelectronicapty.com\/#website\"},\"primaryImageOfPage\":{\"@id\":\"https:\/\/dashboard.dcelectronicapty.com\/index.php\/producto\/alarma-con-sirena-wifi-tuya-smart-ip67exteriores\/#primaryimage\"},\"image\":{\"@id\":\"https:\/\/dashboard.dcelectronicapty.com\/index.php\/producto\/alarma-con-sirena-wifi-tuya-smart-ip67exteriores\/#primaryimage\"},\"thumbnailUrl\":\"https:\/\/i0.wp.com\/dashboard.dcelectronicapty.com\/wp-content\/uploads\/2025\/08\/PST-SN31-4.jpg?fit=1000%2C1000&ssl=1\",\"datePublished\":\"2025-08-18T02:06:12+00:00\",\"dateModified\":\"2025-11-15T13:35:29+00:00\",\"breadcrumb\":{\"@id\":\"https:\/\/dashboard.dcelectronicapty.com\/index.php\/producto\/alarma-con-sirena-wifi-tuya-smart-ip67exteriores\/#breadcrumb\"},\"inLanguage\":\"en-US\",\"potentialAction\":[{\"@type\":\"ReadAction\",\"target\":[\"https:\/\/dashboard.dcelectronicapty.com\/index.php\/producto\/alarma-con-sirena-wifi-tuya-smart-ip67exteriores\/\"]}]},{\"@type\":\"ImageObject\",\"inLanguage\":\"en-US\",\"@id\":\"https:\/\/dashboard.dcelectronicapty.com\/index.php\/producto\/alarma-con-sirena-wifi-tuya-smart-ip67exteriores\/#primaryimage\",\"url\":\"https:\/\/i0.wp.com\/dashboard.dcelectronicapty.com\/wp-content\/uploads\/2025\/08\/PST-SN31-4.jpg?fit=1000%2C1000&ssl=1\",\"contentUrl\":\"https:\/\/i0.wp.com\/dashboard.dcelectronicapty.com\/wp-content\/uploads\/2025\/08\/PST-SN31-4.jpg?fit=1000%2C1000&ssl=1\",\"width\":1000,\"height\":1000},{\"@type\":\"BreadcrumbList\",\"@id\":\"https:\/\/dashboard.dcelectronicapty.com\/index.php\/producto\/alarma-con-sirena-wifi-tuya-smart-ip67exteriores\/#breadcrumb\",\"itemListElement\":[{\"@type\":\"ListItem\",\"position\":1,\"name\":\"Home\",\"item\":\"https:\/\/dashboard.dcelectronicapty.com\/\"},{\"@type\":\"ListItem\",\"position\":2,\"name\":\"Tienda\",\"item\":\"https:\/\/dashboard.dcelectronicapty.com\/index.php\/tienda\/\"},{\"@type\":\"ListItem\",\"position\":3,\"name\":\"Alarma con sirena WiFi Tuya Smart IP67(Exteriores)\"}]},{\"@type\":\"WebSite\",\"@id\":\"https:\/\/dashboard.dcelectronicapty.com\/#website\",\"url\":\"https:\/\/dashboard.dcelectronicapty.com\/\",\"name\":\"DC Electronica\",\"description\":\"\",\"publisher\":{\"@id\":\"https:\/\/dashboard.dcelectronicapty.com\/#organization\"},\"potentialAction\":[{\"@type\":\"SearchAction\",\"target\":{\"@type\":\"EntryPoint\",\"urlTemplate\":\"https:\/\/dashboard.dcelectronicapty.com\/?s={search_term_string}\"},\"query-input\":{\"@type\":\"PropertyValueSpecification\",\"valueRequired\":true,\"valueName\":\"search_term_string\"}}],\"inLanguage\":\"en-US\"},{\"@type\":\"Organization\",\"@id\":\"https:\/\/dashboard.dcelectronicapty.com\/#organization\",\"name\":\"DC Electronica\",\"url\":\"https:\/\/dashboard.dcelectronicapty.com\/\",\"logo\":{\"@type\":\"ImageObject\",\"inLanguage\":\"en-US\",\"@id\":\"https:\/\/dashboard.dcelectronicapty.com\/#\/schema\/logo\/image\/\",\"url\":\"https:\/\/i0.wp.com\/dashboard.dcelectronicapty.com\/wp-content\/uploads\/2023\/02\/cropped-cropped-Logo.png?fit=241%2C195&ssl=1\",\"contentUrl\":\"https:\/\/i0.wp.com\/dashboard.dcelectronicapty.com\/wp-content\/uploads\/2023\/02\/cropped-cropped-Logo.png?fit=241%2C195&ssl=1\",\"width\":241,\"height\":195,\"caption\":\"DC Electronica\"},\"image\":{\"@id\":\"https:\/\/dashboard.dcelectronicapty.com\/#\/schema\/logo\/image\/\"},\"sameAs\":[\"https:\/\/www.facebook.com\/dcelectronicapty\",\"https:\/\/www.instagram.com\/dcelectronicapty\/\"]}]}<\/script>\n<!-- \/ Yoast SEO plugin. -->","yoast_head_json":{"title":"Alarma con sirena WiFi Tuya Smart IP67(Exteriores) - DC Electronica","robots":{"index":"index","follow":"follow","max-snippet":"max-snippet:-1","max-image-preview":"max-image-preview:large","max-video-preview":"max-video-preview:-1"},"canonical":"https:\/\/dashboard.dcelectronicapty.com\/index.php\/producto\/alarma-con-sirena-wifi-tuya-smart-ip67exteriores\/","og_locale":"en_US","og_type":"article","og_title":"Alarma con sirena WiFi Tuya Smart IP67(Exteriores) - DC Electronica","og_description":"\u25c6 Compatible con Amazon Alexa\/Google Assistant \u25c6 Voltaje de entrada: 12 V CC\/1 A, volumen de la alarma: 120 dB; \u25c6 Admite 100 sensores inal\u00e1mbricos y 10 control remoto \u25c6 5 tipos de zonas: normal\/permanente\/inteligente\/emergencia\/zona cerrada. \u25c6 Bater\u00eda de litio de 3,7 V integrada, detecci\u00f3n de bater\u00eda baja\/detecci\u00f3n de apagado. \u25c6 Con ANTITAMPER","og_url":"https:\/\/dashboard.dcelectronicapty.com\/index.php\/producto\/alarma-con-sirena-wifi-tuya-smart-ip67exteriores\/","og_site_name":"DC Electronica","article_publisher":"https:\/\/www.facebook.com\/dcelectronicapty","article_modified_time":"2025-11-15T13:35:29+00:00","og_image":[{"width":1000,"height":1000,"url":"https:\/\/i0.wp.com\/dashboard.dcelectronicapty.com\/wp-content\/uploads\/2025\/08\/PST-SN31-4.jpg?fit=1000%2C1000&ssl=1","type":"image\/jpeg"}],"twitter_card":"summary_large_image","schema":{"@context":"https:\/\/schema.org","@graph":[{"@type":"WebPage","@id":"https:\/\/dashboard.dcelectronicapty.com\/index.php\/producto\/alarma-con-sirena-wifi-tuya-smart-ip67exteriores\/","url":"https:\/\/dashboard.dcelectronicapty.com\/index.php\/producto\/alarma-con-sirena-wifi-tuya-smart-ip67exteriores\/","name":"Alarma con sirena WiFi Tuya Smart IP67(Exteriores) - DC Electronica","isPartOf":{"@id":"https:\/\/dashboard.dcelectronicapty.com\/#website"},"primaryImageOfPage":{"@id":"https:\/\/dashboard.dcelectronicapty.com\/index.php\/producto\/alarma-con-sirena-wifi-tuya-smart-ip67exteriores\/#primaryimage"},"image":{"@id":"https:\/\/dashboard.dcelectronicapty.com\/index.php\/producto\/alarma-con-sirena-wifi-tuya-smart-ip67exteriores\/#primaryimage"},"thumbnailUrl":"https:\/\/i0.wp.com\/dashboard.dcelectronicapty.com\/wp-content\/uploads\/2025\/08\/PST-SN31-4.jpg?fit=1000%2C1000&ssl=1","datePublished":"2025-08-18T02:06:12+00:00","dateModified":"2025-11-15T13:35:29+00:00","breadcrumb":{"@id":"https:\/\/dashboard.dcelectronicapty.com\/index.php\/producto\/alarma-con-sirena-wifi-tuya-smart-ip67exteriores\/#breadcrumb"},"inLanguage":"en-US","potentialAction":[{"@type":"ReadAction","target":["https:\/\/dashboard.dcelectronicapty.com\/index.php\/producto\/alarma-con-sirena-wifi-tuya-smart-ip67exteriores\/"]}]},{"@type":"ImageObject","inLanguage":"en-US","@id":"https:\/\/dashboard.dcelectronicapty.com\/index.php\/producto\/alarma-con-sirena-wifi-tuya-smart-ip67exteriores\/#primaryimage","url":"https:\/\/i0.wp.com\/dashboard.dcelectronicapty.com\/wp-content\/uploads\/2025\/08\/PST-SN31-4.jpg?fit=1000%2C1000&ssl=1","contentUrl":"https:\/\/i0.wp.com\/dashboard.dcelectronicapty.com\/wp-content\/uploads\/2025\/08\/PST-SN31-4.jpg?fit=1000%2C1000&ssl=1","width":1000,"height":1000},{"@type":"BreadcrumbList","@id":"https:\/\/dashboard.dcelectronicapty.com\/index.php\/producto\/alarma-con-sirena-wifi-tuya-smart-ip67exteriores\/#breadcrumb","itemListElement":[{"@type":"ListItem","position":1,"name":"Home","item":"https:\/\/dashboard.dcelectronicapty.com\/"},{"@type":"ListItem","position":2,"name":"Tienda","item":"https:\/\/dashboard.dcelectronicapty.com\/index.php\/tienda\/"},{"@type":"ListItem","position":3,"name":"Alarma con sirena WiFi Tuya Smart IP67(Exteriores)"}]},{"@type":"WebSite","@id":"https:\/\/dashboard.dcelectronicapty.com\/#website","url":"https:\/\/dashboard.dcelectronicapty.com\/","name":"DC Electronica","description":"","publisher":{"@id":"https:\/\/dashboard.dcelectronicapty.com\/#organization"},"potentialAction":[{"@type":"SearchAction","target":{"@type":"EntryPoint","urlTemplate":"https:\/\/dashboard.dcelectronicapty.com\/?s={search_term_string}"},"query-input":{"@type":"PropertyValueSpecification","valueRequired":true,"valueName":"search_term_string"}}],"inLanguage":"en-US"},{"@type":"Organization","@id":"https:\/\/dashboard.dcelectronicapty.com\/#organization","name":"DC Electronica","url":"https:\/\/dashboard.dcelectronicapty.com\/","logo":{"@type":"ImageObject","inLanguage":"en-US","@id":"https:\/\/dashboard.dcelectronicapty.com\/#\/schema\/logo\/image\/","url":"https:\/\/i0.wp.com\/dashboard.dcelectronicapty.com\/wp-content\/uploads\/2023\/02\/cropped-cropped-Logo.png?fit=241%2C195&ssl=1","contentUrl":"https:\/\/i0.wp.com\/dashboard.dcelectronicapty.com\/wp-content\/uploads\/2023\/02\/cropped-cropped-Logo.png?fit=241%2C195&ssl=1","width":241,"height":195,"caption":"DC Electronica"},"image":{"@id":"https:\/\/dashboard.dcelectronicapty.com\/#\/schema\/logo\/image\/"},"sameAs":["https:\/\/www.facebook.com\/dcelectronicapty","https:\/\/www.instagram.com\/dcelectronicapty\/"]}]}},"_links":{"self":[{"href":"https:\/\/dashboard.dcelectronicapty.com\/index.php\/wp-json\/wp\/v2\/product\/900","targetHints":{"allow":["GET"]}}],"collection":[{"href":"https:\/\/dashboard.dcelectronicapty.com\/index.php\/wp-json\/wp\/v2\/product"}],"about":[{"href":"https:\/\/dashboard.dcelectronicapty.com\/index.php\/wp-json\/wp\/v2\/types\/product"}],"replies":[{"embeddable":true,"href":"https:\/\/dashboard.dcelectronicapty.com\/index.php\/wp-json\/wp\/v2\/comments?post=900"}],"wp:featuredmedia":[{"embeddable":true,"href":"https:\/\/dashboard.dcelectronicapty.com\/index.php\/wp-json\/wp\/v2\/media\/901"}],"wp:attachment":[{"href":"https:\/\/dashboard.dcelectronicapty.com\/index.php\/wp-json\/wp\/v2\/media?parent=900"}],"wp:term":[{"taxonomy":"product_cat","embeddable":true,"href":"https:\/\/dashboard.dcelectronicapty.com\/index.php\/wp-json\/wp\/v2\/product_cat?post=900"},{"taxonomy":"product_tag","embeddable":true,"href":"https:\/\/dashboard.dcelectronicapty.com\/index.php\/wp-json\/wp\/v2\/product_tag?post=900"}],"curies":[{"name":"wp","href":"https:\/\/api.w.org\/{rel}","templated":true}]}}