{"id":950,"date":"2025-09-04T14:58:21","date_gmt":"2025-09-04T14:58:21","guid":{"rendered":"https:\/\/dashboard.dcelectronicapty.com\/?post_type=product&#038;p=950"},"modified":"2025-09-04T20:24:25","modified_gmt":"2025-09-04T20:24:25","slug":"camara-domo-analoga-5mp-tioc-lente-2-8mm","status":"publish","type":"product","link":"https:\/\/dashboard.dcelectronicapty.com\/index.php\/producto\/camara-domo-analoga-5mp-tioc-lente-2-8mm\/","title":{"rendered":"CAMARA DOMO ANALOGA 5MP TiOC LENTE 2.8MM"},"content":{"rendered":"<p>HAC-ME1509H-A-PV<br \/>\nC\u00e1mara HDCVI Eyeball con doble luz inteligente y disuasi\u00f3n activa de 5 MP<\/p>\n<p>* Los par\u00e1metros y hojas de datos que se indican a continuaci\u00f3n solo se pueden aplicar a la serie ME1509-S2. La funci\u00f3n de alarma por voz inteligente, que se puede utilizar con la IA programada de AI XVR, solo est\u00e1 disponible para la c\u00e1mara TiOC 2.0.<\/p>\n<p>* Para utilizar la c\u00e1mara HDCVI de 5 MP 16:9 y doble luz inteligente, es necesario actualizar el firmware del XVR a la versi\u00f3n V4.001.0000004.1.R.220323 o posterior.<\/p>\n<p>&gt; M\u00e1ximo 25 fps a 5 MP (salida de v\u00eddeo 16:9).<br \/>\n&gt; WDR real de 120 dB, 3D NR.<br \/>\n&gt; Smart Dual Light.<br \/>\n&gt; Protecci\u00f3n contra interferencias de luz roja y azul.<br \/>\n&gt; Disuasi\u00f3n activa con luz roja y azul, sirena e interfaz de salida de alarma.<br \/>\n&gt; Distancia de iluminaci\u00f3n de 40 m.<br \/>\n&gt; Super Adapt.<br \/>\n&gt; Micr\u00f3fono integrado.<br \/>\n&gt; Conmutable entre CVI\/CVBS\/AHD\/TVI.<br \/>\n&gt; IP67, 12 VCC.<\/p>\n<p>ESPECIFICACIONES<br \/>\n<a href=\"https:\/\/materialfile.dahuasecurity.com\/uploads\/cpq\/prm-os-srv-res\/smart\/datasheetzipfiles\/DH-HAC-ME1509H-A-PV_S2_datasheet_20241218.pdf\">https:\/\/materialfile.dahuasecurity.com\/uploads\/cpq\/prm-os-srv-res\/smart\/datasheetzipfiles\/DH-HAC-ME1509H-A-PV_S2_datasheet_20241218.pdf<\/a><\/p>\n","protected":false},"excerpt":{"rendered":"<p>HAC-ME1509H-A-PV C\u00e1mara HDCVI Eyeball con doble luz inteligente y disuasi\u00f3n activa de 5 MP * Los par\u00e1metros y hojas de datos que se indican a continuaci\u00f3n solo se pueden aplicar a la serie ME1509-S2. La funci\u00f3n de alarma por voz inteligente, que se puede utilizar con la IA programada de AI XVR, solo est\u00e1 disponible &hellip;<\/p>\n<p class=\"read-more\"> <a class=\"\" href=\"https:\/\/dashboard.dcelectronicapty.com\/index.php\/producto\/camara-domo-analoga-5mp-tioc-lente-2-8mm\/\"> <span class=\"screen-reader-text\">CAMARA DOMO ANALOGA 5MP TiOC LENTE 2.8MM<\/span> Read More &raquo;<\/a><\/p>\n","protected":false},"featured_media":969,"comment_status":"open","ping_status":"closed","template":"","meta":{"site-sidebar-layout":"default","site-content-layout":"default","ast-global-header-display":"","ast-main-header-display":"","ast-hfb-above-header-display":"","ast-hfb-below-header-display":"","ast-hfb-mobile-header-display":"","site-post-title":"","ast-breadcrumbs-content":"","ast-featured-img":"","footer-sml-layout":"","theme-transparent-header-meta":"default","adv-header-id-meta":"","stick-header-meta":"","header-above-stick-meta":"","header-main-stick-meta":"","header-below-stick-meta":"","_joinchat":[]},"product_cat":[74,75,77,78],"product_tag":[],"class_list":["post-950","product","type-product","status-publish","has-post-thumbnail","hentry","product_cat-seguridad-electronica","product_cat-cctv","product_cat-analogo","product_cat-domo"],"yoast_head":"<!-- This site is optimized with the Yoast SEO plugin v27.1.1 - https:\/\/yoast.com\/product\/yoast-seo-wordpress\/ -->\n<title>CAMARA DOMO ANALOGA 5MP TiOC LENTE 2.8MM - DC Electronica<\/title>\n<meta name=\"robots\" content=\"index, follow, max-snippet:-1, max-image-preview:large, max-video-preview:-1\" \/>\n<link rel=\"canonical\" href=\"https:\/\/dashboard.dcelectronicapty.com\/index.php\/producto\/camara-domo-analoga-5mp-tioc-lente-2-8mm\/\" \/>\n<meta property=\"og:locale\" content=\"en_US\" \/>\n<meta property=\"og:type\" content=\"article\" \/>\n<meta property=\"og:title\" content=\"CAMARA DOMO ANALOGA 5MP TiOC LENTE 2.8MM - DC Electronica\" \/>\n<meta property=\"og:description\" content=\"HAC-ME1509H-A-PV C\u00e1mara HDCVI Eyeball con doble luz inteligente y disuasi\u00f3n activa de 5 MP * Los par\u00e1metros y hojas de datos que se indican a continuaci\u00f3n solo se pueden aplicar a la serie ME1509-S2. La funci\u00f3n de alarma por voz inteligente, que se puede utilizar con la IA programada de AI XVR, solo est\u00e1 disponible &hellip; CAMARA DOMO ANALOGA 5MP TiOC LENTE 2.8MM Read More &raquo;\" \/>\n<meta property=\"og:url\" content=\"https:\/\/dashboard.dcelectronicapty.com\/index.php\/producto\/camara-domo-analoga-5mp-tioc-lente-2-8mm\/\" \/>\n<meta property=\"og:site_name\" content=\"DC Electronica\" \/>\n<meta property=\"article:publisher\" content=\"https:\/\/www.facebook.com\/dcelectronicapty\" \/>\n<meta property=\"article:modified_time\" content=\"2025-09-04T20:24:25+00:00\" \/>\n<meta property=\"og:image\" content=\"https:\/\/i0.wp.com\/dashboard.dcelectronicapty.com\/wp-content\/uploads\/2025\/09\/HAC-ME1509H-A-PV_1-3-scaled.png?fit=2560%2C2560&ssl=1\" \/>\n\t<meta property=\"og:image:width\" content=\"2560\" \/>\n\t<meta property=\"og:image:height\" content=\"2560\" \/>\n\t<meta property=\"og:image:type\" content=\"image\/png\" \/>\n<meta name=\"twitter:card\" content=\"summary_large_image\" \/>\n<meta name=\"twitter:label1\" content=\"Est. reading time\" \/>\n\t<meta name=\"twitter:data1\" content=\"1 minute\" \/>\n<script type=\"application\/ld+json\" class=\"yoast-schema-graph\">{\"@context\":\"https:\/\/schema.org\",\"@graph\":[{\"@type\":\"WebPage\",\"@id\":\"https:\/\/dashboard.dcelectronicapty.com\/index.php\/producto\/camara-domo-analoga-5mp-tioc-lente-2-8mm\/\",\"url\":\"https:\/\/dashboard.dcelectronicapty.com\/index.php\/producto\/camara-domo-analoga-5mp-tioc-lente-2-8mm\/\",\"name\":\"CAMARA DOMO ANALOGA 5MP TiOC LENTE 2.8MM - DC Electronica\",\"isPartOf\":{\"@id\":\"https:\/\/dashboard.dcelectronicapty.com\/#website\"},\"primaryImageOfPage\":{\"@id\":\"https:\/\/dashboard.dcelectronicapty.com\/index.php\/producto\/camara-domo-analoga-5mp-tioc-lente-2-8mm\/#primaryimage\"},\"image\":{\"@id\":\"https:\/\/dashboard.dcelectronicapty.com\/index.php\/producto\/camara-domo-analoga-5mp-tioc-lente-2-8mm\/#primaryimage\"},\"thumbnailUrl\":\"https:\/\/i0.wp.com\/dashboard.dcelectronicapty.com\/wp-content\/uploads\/2025\/09\/HAC-ME1509H-A-PV_1-3-scaled.png?fit=2560%2C2560&ssl=1\",\"datePublished\":\"2025-09-04T14:58:21+00:00\",\"dateModified\":\"2025-09-04T20:24:25+00:00\",\"breadcrumb\":{\"@id\":\"https:\/\/dashboard.dcelectronicapty.com\/index.php\/producto\/camara-domo-analoga-5mp-tioc-lente-2-8mm\/#breadcrumb\"},\"inLanguage\":\"en-US\",\"potentialAction\":[{\"@type\":\"ReadAction\",\"target\":[\"https:\/\/dashboard.dcelectronicapty.com\/index.php\/producto\/camara-domo-analoga-5mp-tioc-lente-2-8mm\/\"]}]},{\"@type\":\"ImageObject\",\"inLanguage\":\"en-US\",\"@id\":\"https:\/\/dashboard.dcelectronicapty.com\/index.php\/producto\/camara-domo-analoga-5mp-tioc-lente-2-8mm\/#primaryimage\",\"url\":\"https:\/\/i0.wp.com\/dashboard.dcelectronicapty.com\/wp-content\/uploads\/2025\/09\/HAC-ME1509H-A-PV_1-3-scaled.png?fit=2560%2C2560&ssl=1\",\"contentUrl\":\"https:\/\/i0.wp.com\/dashboard.dcelectronicapty.com\/wp-content\/uploads\/2025\/09\/HAC-ME1509H-A-PV_1-3-scaled.png?fit=2560%2C2560&ssl=1\",\"width\":2560,\"height\":2560},{\"@type\":\"BreadcrumbList\",\"@id\":\"https:\/\/dashboard.dcelectronicapty.com\/index.php\/producto\/camara-domo-analoga-5mp-tioc-lente-2-8mm\/#breadcrumb\",\"itemListElement\":[{\"@type\":\"ListItem\",\"position\":1,\"name\":\"Home\",\"item\":\"https:\/\/dashboard.dcelectronicapty.com\/\"},{\"@type\":\"ListItem\",\"position\":2,\"name\":\"Tienda\",\"item\":\"https:\/\/dashboard.dcelectronicapty.com\/index.php\/tienda\/\"},{\"@type\":\"ListItem\",\"position\":3,\"name\":\"CAMARA DOMO ANALOGA 5MP TiOC LENTE 2.8MM\"}]},{\"@type\":\"WebSite\",\"@id\":\"https:\/\/dashboard.dcelectronicapty.com\/#website\",\"url\":\"https:\/\/dashboard.dcelectronicapty.com\/\",\"name\":\"DC Electronica\",\"description\":\"\",\"publisher\":{\"@id\":\"https:\/\/dashboard.dcelectronicapty.com\/#organization\"},\"potentialAction\":[{\"@type\":\"SearchAction\",\"target\":{\"@type\":\"EntryPoint\",\"urlTemplate\":\"https:\/\/dashboard.dcelectronicapty.com\/?s={search_term_string}\"},\"query-input\":{\"@type\":\"PropertyValueSpecification\",\"valueRequired\":true,\"valueName\":\"search_term_string\"}}],\"inLanguage\":\"en-US\"},{\"@type\":\"Organization\",\"@id\":\"https:\/\/dashboard.dcelectronicapty.com\/#organization\",\"name\":\"DC Electronica\",\"url\":\"https:\/\/dashboard.dcelectronicapty.com\/\",\"logo\":{\"@type\":\"ImageObject\",\"inLanguage\":\"en-US\",\"@id\":\"https:\/\/dashboard.dcelectronicapty.com\/#\/schema\/logo\/image\/\",\"url\":\"https:\/\/i0.wp.com\/dashboard.dcelectronicapty.com\/wp-content\/uploads\/2023\/02\/cropped-cropped-Logo.png?fit=241%2C195&ssl=1\",\"contentUrl\":\"https:\/\/i0.wp.com\/dashboard.dcelectronicapty.com\/wp-content\/uploads\/2023\/02\/cropped-cropped-Logo.png?fit=241%2C195&ssl=1\",\"width\":241,\"height\":195,\"caption\":\"DC Electronica\"},\"image\":{\"@id\":\"https:\/\/dashboard.dcelectronicapty.com\/#\/schema\/logo\/image\/\"},\"sameAs\":[\"https:\/\/www.facebook.com\/dcelectronicapty\",\"https:\/\/www.instagram.com\/dcelectronicapty\/\"]}]}<\/script>\n<!-- \/ Yoast SEO plugin. -->","yoast_head_json":{"title":"CAMARA DOMO ANALOGA 5MP TiOC LENTE 2.8MM - DC Electronica","robots":{"index":"index","follow":"follow","max-snippet":"max-snippet:-1","max-image-preview":"max-image-preview:large","max-video-preview":"max-video-preview:-1"},"canonical":"https:\/\/dashboard.dcelectronicapty.com\/index.php\/producto\/camara-domo-analoga-5mp-tioc-lente-2-8mm\/","og_locale":"en_US","og_type":"article","og_title":"CAMARA DOMO ANALOGA 5MP TiOC LENTE 2.8MM - DC Electronica","og_description":"HAC-ME1509H-A-PV C\u00e1mara HDCVI Eyeball con doble luz inteligente y disuasi\u00f3n activa de 5 MP * Los par\u00e1metros y hojas de datos que se indican a continuaci\u00f3n solo se pueden aplicar a la serie ME1509-S2. La funci\u00f3n de alarma por voz inteligente, que se puede utilizar con la IA programada de AI XVR, solo est\u00e1 disponible &hellip; CAMARA DOMO ANALOGA 5MP TiOC LENTE 2.8MM Read More &raquo;","og_url":"https:\/\/dashboard.dcelectronicapty.com\/index.php\/producto\/camara-domo-analoga-5mp-tioc-lente-2-8mm\/","og_site_name":"DC Electronica","article_publisher":"https:\/\/www.facebook.com\/dcelectronicapty","article_modified_time":"2025-09-04T20:24:25+00:00","og_image":[{"width":2560,"height":2560,"url":"https:\/\/i0.wp.com\/dashboard.dcelectronicapty.com\/wp-content\/uploads\/2025\/09\/HAC-ME1509H-A-PV_1-3-scaled.png?fit=2560%2C2560&ssl=1","type":"image\/png"}],"twitter_card":"summary_large_image","twitter_misc":{"Est. reading time":"1 minute"},"schema":{"@context":"https:\/\/schema.org","@graph":[{"@type":"WebPage","@id":"https:\/\/dashboard.dcelectronicapty.com\/index.php\/producto\/camara-domo-analoga-5mp-tioc-lente-2-8mm\/","url":"https:\/\/dashboard.dcelectronicapty.com\/index.php\/producto\/camara-domo-analoga-5mp-tioc-lente-2-8mm\/","name":"CAMARA DOMO ANALOGA 5MP TiOC LENTE 2.8MM - DC Electronica","isPartOf":{"@id":"https:\/\/dashboard.dcelectronicapty.com\/#website"},"primaryImageOfPage":{"@id":"https:\/\/dashboard.dcelectronicapty.com\/index.php\/producto\/camara-domo-analoga-5mp-tioc-lente-2-8mm\/#primaryimage"},"image":{"@id":"https:\/\/dashboard.dcelectronicapty.com\/index.php\/producto\/camara-domo-analoga-5mp-tioc-lente-2-8mm\/#primaryimage"},"thumbnailUrl":"https:\/\/i0.wp.com\/dashboard.dcelectronicapty.com\/wp-content\/uploads\/2025\/09\/HAC-ME1509H-A-PV_1-3-scaled.png?fit=2560%2C2560&ssl=1","datePublished":"2025-09-04T14:58:21+00:00","dateModified":"2025-09-04T20:24:25+00:00","breadcrumb":{"@id":"https:\/\/dashboard.dcelectronicapty.com\/index.php\/producto\/camara-domo-analoga-5mp-tioc-lente-2-8mm\/#breadcrumb"},"inLanguage":"en-US","potentialAction":[{"@type":"ReadAction","target":["https:\/\/dashboard.dcelectronicapty.com\/index.php\/producto\/camara-domo-analoga-5mp-tioc-lente-2-8mm\/"]}]},{"@type":"ImageObject","inLanguage":"en-US","@id":"https:\/\/dashboard.dcelectronicapty.com\/index.php\/producto\/camara-domo-analoga-5mp-tioc-lente-2-8mm\/#primaryimage","url":"https:\/\/i0.wp.com\/dashboard.dcelectronicapty.com\/wp-content\/uploads\/2025\/09\/HAC-ME1509H-A-PV_1-3-scaled.png?fit=2560%2C2560&ssl=1","contentUrl":"https:\/\/i0.wp.com\/dashboard.dcelectronicapty.com\/wp-content\/uploads\/2025\/09\/HAC-ME1509H-A-PV_1-3-scaled.png?fit=2560%2C2560&ssl=1","width":2560,"height":2560},{"@type":"BreadcrumbList","@id":"https:\/\/dashboard.dcelectronicapty.com\/index.php\/producto\/camara-domo-analoga-5mp-tioc-lente-2-8mm\/#breadcrumb","itemListElement":[{"@type":"ListItem","position":1,"name":"Home","item":"https:\/\/dashboard.dcelectronicapty.com\/"},{"@type":"ListItem","position":2,"name":"Tienda","item":"https:\/\/dashboard.dcelectronicapty.com\/index.php\/tienda\/"},{"@type":"ListItem","position":3,"name":"CAMARA DOMO ANALOGA 5MP TiOC LENTE 2.8MM"}]},{"@type":"WebSite","@id":"https:\/\/dashboard.dcelectronicapty.com\/#website","url":"https:\/\/dashboard.dcelectronicapty.com\/","name":"DC Electronica","description":"","publisher":{"@id":"https:\/\/dashboard.dcelectronicapty.com\/#organization"},"potentialAction":[{"@type":"SearchAction","target":{"@type":"EntryPoint","urlTemplate":"https:\/\/dashboard.dcelectronicapty.com\/?s={search_term_string}"},"query-input":{"@type":"PropertyValueSpecification","valueRequired":true,"valueName":"search_term_string"}}],"inLanguage":"en-US"},{"@type":"Organization","@id":"https:\/\/dashboard.dcelectronicapty.com\/#organization","name":"DC Electronica","url":"https:\/\/dashboard.dcelectronicapty.com\/","logo":{"@type":"ImageObject","inLanguage":"en-US","@id":"https:\/\/dashboard.dcelectronicapty.com\/#\/schema\/logo\/image\/","url":"https:\/\/i0.wp.com\/dashboard.dcelectronicapty.com\/wp-content\/uploads\/2023\/02\/cropped-cropped-Logo.png?fit=241%2C195&ssl=1","contentUrl":"https:\/\/i0.wp.com\/dashboard.dcelectronicapty.com\/wp-content\/uploads\/2023\/02\/cropped-cropped-Logo.png?fit=241%2C195&ssl=1","width":241,"height":195,"caption":"DC Electronica"},"image":{"@id":"https:\/\/dashboard.dcelectronicapty.com\/#\/schema\/logo\/image\/"},"sameAs":["https:\/\/www.facebook.com\/dcelectronicapty","https:\/\/www.instagram.com\/dcelectronicapty\/"]}]}},"_links":{"self":[{"href":"https:\/\/dashboard.dcelectronicapty.com\/index.php\/wp-json\/wp\/v2\/product\/950","targetHints":{"allow":["GET"]}}],"collection":[{"href":"https:\/\/dashboard.dcelectronicapty.com\/index.php\/wp-json\/wp\/v2\/product"}],"about":[{"href":"https:\/\/dashboard.dcelectronicapty.com\/index.php\/wp-json\/wp\/v2\/types\/product"}],"replies":[{"embeddable":true,"href":"https:\/\/dashboard.dcelectronicapty.com\/index.php\/wp-json\/wp\/v2\/comments?post=950"}],"wp:featuredmedia":[{"embeddable":true,"href":"https:\/\/dashboard.dcelectronicapty.com\/index.php\/wp-json\/wp\/v2\/media\/969"}],"wp:attachment":[{"href":"https:\/\/dashboard.dcelectronicapty.com\/index.php\/wp-json\/wp\/v2\/media?parent=950"}],"wp:term":[{"taxonomy":"product_cat","embeddable":true,"href":"https:\/\/dashboard.dcelectronicapty.com\/index.php\/wp-json\/wp\/v2\/product_cat?post=950"},{"taxonomy":"product_tag","embeddable":true,"href":"https:\/\/dashboard.dcelectronicapty.com\/index.php\/wp-json\/wp\/v2\/product_tag?post=950"}],"curies":[{"name":"wp","href":"https:\/\/api.w.org\/{rel}","templated":true}]}}