{"id":962,"date":"2025-09-04T20:02:14","date_gmt":"2025-09-04T20:02:14","guid":{"rendered":"https:\/\/dashboard.dcelectronicapty.com\/?post_type=product&#038;p=962"},"modified":"2025-09-05T14:57:20","modified_gmt":"2025-09-05T14:57:20","slug":"camara-bullet-analoga-5mp-lente-motorizado","status":"publish","type":"product","link":"https:\/\/dashboard.dcelectronicapty.com\/index.php\/producto\/camara-bullet-analoga-5mp-lente-motorizado\/","title":{"rendered":"CAMARA BULLET ANALOGA 5MP LENTE MOTORIZADO"},"content":{"rendered":"<p>HAC-B3A51-Z<br \/>\nC\u00e1mara bullet HDCVI IR de 5 MP<\/p>\n<p>* Los par\u00e1metros y las hojas de datos que se indican a continuaci\u00f3n solo se pueden aplicar a la serie A51-S2.<\/p>\n<p>* Para utilizar la c\u00e1mara HDCVI de 5 MP y 16:9, es necesario actualizar el firmware del XVR a la versi\u00f3n V4.001.0000001.0.R.200908 o posterior.<\/p>\n<p>&gt; M\u00e1x. 25 fps a 5 MP (salida de v\u00eddeo 16:9)<br \/>\n&gt; Conmutable entre CVI\/CVBS\/AHD\/TVI<br \/>\n&gt; Lente motorizada de 2,7 mm a 12 mm<br \/>\n&gt; Longitud m\u00e1xima de IR: 40 m; IR inteligente<br \/>\n&gt; IP67; 12 V CC<\/p>\n<p>ESPECIFICACIONES<br \/>\n<a href=\"https:\/\/material.dahuasecurity.com\/uploads\/cpq\/prm-os-srv-res\/smart\/datasheetzipfiles\/HAC-B3A51-Z_S2_Datasheet_20221201.pdf\">https:\/\/material.dahuasecurity.com\/uploads\/soft\/20240716\/DH-HAC-B1A21P-U-A_S0_datasheet_20240530-(1)1.pdf<\/a><\/p>\n","protected":false},"excerpt":{"rendered":"<p>HAC-B3A51-Z C\u00e1mara bullet HDCVI IR de 5 MP * Los par\u00e1metros y las hojas de datos que se indican a continuaci\u00f3n solo se pueden aplicar a la serie A51-S2. * Para utilizar la c\u00e1mara HDCVI de 5 MP y 16:9, es necesario actualizar el firmware del XVR a la versi\u00f3n V4.001.0000001.0.R.200908 o posterior. &gt; M\u00e1x. &hellip;<\/p>\n<p class=\"read-more\"> <a class=\"\" href=\"https:\/\/dashboard.dcelectronicapty.com\/index.php\/producto\/camara-bullet-analoga-5mp-lente-motorizado\/\"> <span class=\"screen-reader-text\">CAMARA BULLET ANALOGA 5MP LENTE MOTORIZADO<\/span> Read More &raquo;<\/a><\/p>\n","protected":false},"featured_media":982,"comment_status":"open","ping_status":"closed","template":"","meta":{"site-sidebar-layout":"default","site-content-layout":"default","ast-global-header-display":"","ast-main-header-display":"","ast-hfb-above-header-display":"","ast-hfb-below-header-display":"","ast-hfb-mobile-header-display":"","site-post-title":"","ast-breadcrumbs-content":"","ast-featured-img":"","footer-sml-layout":"","theme-transparent-header-meta":"default","adv-header-id-meta":"","stick-header-meta":"","header-above-stick-meta":"","header-main-stick-meta":"","header-below-stick-meta":"","_joinchat":[]},"product_cat":[74,75,77,79],"product_tag":[],"class_list":["post-962","product","type-product","status-publish","has-post-thumbnail","hentry","product_cat-seguridad-electronica","product_cat-cctv","product_cat-analogo","product_cat-bullet"],"yoast_head":"<!-- This site is optimized with the Yoast SEO plugin v27.1.1 - https:\/\/yoast.com\/product\/yoast-seo-wordpress\/ -->\n<title>CAMARA BULLET ANALOGA 5MP LENTE MOTORIZADO - DC Electronica<\/title>\n<meta name=\"robots\" content=\"index, follow, max-snippet:-1, max-image-preview:large, max-video-preview:-1\" \/>\n<link rel=\"canonical\" href=\"https:\/\/dashboard.dcelectronicapty.com\/index.php\/producto\/camara-bullet-analoga-5mp-lente-motorizado\/\" \/>\n<meta property=\"og:locale\" content=\"en_US\" \/>\n<meta property=\"og:type\" content=\"article\" \/>\n<meta property=\"og:title\" content=\"CAMARA BULLET ANALOGA 5MP LENTE MOTORIZADO - DC Electronica\" \/>\n<meta property=\"og:description\" content=\"HAC-B3A51-Z C\u00e1mara bullet HDCVI IR de 5 MP * Los par\u00e1metros y las hojas de datos que se indican a continuaci\u00f3n solo se pueden aplicar a la serie A51-S2. * Para utilizar la c\u00e1mara HDCVI de 5 MP y 16:9, es necesario actualizar el firmware del XVR a la versi\u00f3n V4.001.0000001.0.R.200908 o posterior. &gt; M\u00e1x. &hellip; CAMARA BULLET ANALOGA 5MP LENTE MOTORIZADO Read More &raquo;\" \/>\n<meta property=\"og:url\" content=\"https:\/\/dashboard.dcelectronicapty.com\/index.php\/producto\/camara-bullet-analoga-5mp-lente-motorizado\/\" \/>\n<meta property=\"og:site_name\" content=\"DC Electronica\" \/>\n<meta property=\"article:publisher\" content=\"https:\/\/www.facebook.com\/dcelectronicapty\" \/>\n<meta property=\"article:modified_time\" content=\"2025-09-05T14:57:20+00:00\" \/>\n<meta property=\"og:image\" content=\"https:\/\/i0.wp.com\/dashboard.dcelectronicapty.com\/wp-content\/uploads\/2025\/09\/Camara-de-seguridad-dahua-modelo-HAC-HFW1500TL.webp?fit=768%2C1024&ssl=1\" \/>\n\t<meta property=\"og:image:width\" content=\"768\" \/>\n\t<meta property=\"og:image:height\" content=\"1024\" \/>\n\t<meta property=\"og:image:type\" content=\"image\/webp\" \/>\n<meta name=\"twitter:card\" content=\"summary_large_image\" \/>\n<meta name=\"twitter:label1\" content=\"Est. reading time\" \/>\n\t<meta name=\"twitter:data1\" content=\"1 minute\" \/>\n<script type=\"application\/ld+json\" class=\"yoast-schema-graph\">{\"@context\":\"https:\/\/schema.org\",\"@graph\":[{\"@type\":\"WebPage\",\"@id\":\"https:\/\/dashboard.dcelectronicapty.com\/index.php\/producto\/camara-bullet-analoga-5mp-lente-motorizado\/\",\"url\":\"https:\/\/dashboard.dcelectronicapty.com\/index.php\/producto\/camara-bullet-analoga-5mp-lente-motorizado\/\",\"name\":\"CAMARA BULLET ANALOGA 5MP LENTE MOTORIZADO - DC Electronica\",\"isPartOf\":{\"@id\":\"https:\/\/dashboard.dcelectronicapty.com\/#website\"},\"primaryImageOfPage\":{\"@id\":\"https:\/\/dashboard.dcelectronicapty.com\/index.php\/producto\/camara-bullet-analoga-5mp-lente-motorizado\/#primaryimage\"},\"image\":{\"@id\":\"https:\/\/dashboard.dcelectronicapty.com\/index.php\/producto\/camara-bullet-analoga-5mp-lente-motorizado\/#primaryimage\"},\"thumbnailUrl\":\"https:\/\/i0.wp.com\/dashboard.dcelectronicapty.com\/wp-content\/uploads\/2025\/09\/Camara-de-seguridad-dahua-modelo-HAC-HFW1500TL.webp?fit=768%2C1024&ssl=1\",\"datePublished\":\"2025-09-04T20:02:14+00:00\",\"dateModified\":\"2025-09-05T14:57:20+00:00\",\"breadcrumb\":{\"@id\":\"https:\/\/dashboard.dcelectronicapty.com\/index.php\/producto\/camara-bullet-analoga-5mp-lente-motorizado\/#breadcrumb\"},\"inLanguage\":\"en-US\",\"potentialAction\":[{\"@type\":\"ReadAction\",\"target\":[\"https:\/\/dashboard.dcelectronicapty.com\/index.php\/producto\/camara-bullet-analoga-5mp-lente-motorizado\/\"]}]},{\"@type\":\"ImageObject\",\"inLanguage\":\"en-US\",\"@id\":\"https:\/\/dashboard.dcelectronicapty.com\/index.php\/producto\/camara-bullet-analoga-5mp-lente-motorizado\/#primaryimage\",\"url\":\"https:\/\/i0.wp.com\/dashboard.dcelectronicapty.com\/wp-content\/uploads\/2025\/09\/Camara-de-seguridad-dahua-modelo-HAC-HFW1500TL.webp?fit=768%2C1024&ssl=1\",\"contentUrl\":\"https:\/\/i0.wp.com\/dashboard.dcelectronicapty.com\/wp-content\/uploads\/2025\/09\/Camara-de-seguridad-dahua-modelo-HAC-HFW1500TL.webp?fit=768%2C1024&ssl=1\",\"width\":768,\"height\":1024},{\"@type\":\"BreadcrumbList\",\"@id\":\"https:\/\/dashboard.dcelectronicapty.com\/index.php\/producto\/camara-bullet-analoga-5mp-lente-motorizado\/#breadcrumb\",\"itemListElement\":[{\"@type\":\"ListItem\",\"position\":1,\"name\":\"Home\",\"item\":\"https:\/\/dashboard.dcelectronicapty.com\/\"},{\"@type\":\"ListItem\",\"position\":2,\"name\":\"Tienda\",\"item\":\"https:\/\/dashboard.dcelectronicapty.com\/index.php\/tienda\/\"},{\"@type\":\"ListItem\",\"position\":3,\"name\":\"CAMARA BULLET ANALOGA 5MP LENTE MOTORIZADO\"}]},{\"@type\":\"WebSite\",\"@id\":\"https:\/\/dashboard.dcelectronicapty.com\/#website\",\"url\":\"https:\/\/dashboard.dcelectronicapty.com\/\",\"name\":\"DC Electronica\",\"description\":\"\",\"publisher\":{\"@id\":\"https:\/\/dashboard.dcelectronicapty.com\/#organization\"},\"potentialAction\":[{\"@type\":\"SearchAction\",\"target\":{\"@type\":\"EntryPoint\",\"urlTemplate\":\"https:\/\/dashboard.dcelectronicapty.com\/?s={search_term_string}\"},\"query-input\":{\"@type\":\"PropertyValueSpecification\",\"valueRequired\":true,\"valueName\":\"search_term_string\"}}],\"inLanguage\":\"en-US\"},{\"@type\":\"Organization\",\"@id\":\"https:\/\/dashboard.dcelectronicapty.com\/#organization\",\"name\":\"DC Electronica\",\"url\":\"https:\/\/dashboard.dcelectronicapty.com\/\",\"logo\":{\"@type\":\"ImageObject\",\"inLanguage\":\"en-US\",\"@id\":\"https:\/\/dashboard.dcelectronicapty.com\/#\/schema\/logo\/image\/\",\"url\":\"https:\/\/i0.wp.com\/dashboard.dcelectronicapty.com\/wp-content\/uploads\/2023\/02\/cropped-cropped-Logo.png?fit=241%2C195&ssl=1\",\"contentUrl\":\"https:\/\/i0.wp.com\/dashboard.dcelectronicapty.com\/wp-content\/uploads\/2023\/02\/cropped-cropped-Logo.png?fit=241%2C195&ssl=1\",\"width\":241,\"height\":195,\"caption\":\"DC Electronica\"},\"image\":{\"@id\":\"https:\/\/dashboard.dcelectronicapty.com\/#\/schema\/logo\/image\/\"},\"sameAs\":[\"https:\/\/www.facebook.com\/dcelectronicapty\",\"https:\/\/www.instagram.com\/dcelectronicapty\/\"]}]}<\/script>\n<!-- \/ Yoast SEO plugin. -->","yoast_head_json":{"title":"CAMARA BULLET ANALOGA 5MP LENTE MOTORIZADO - DC Electronica","robots":{"index":"index","follow":"follow","max-snippet":"max-snippet:-1","max-image-preview":"max-image-preview:large","max-video-preview":"max-video-preview:-1"},"canonical":"https:\/\/dashboard.dcelectronicapty.com\/index.php\/producto\/camara-bullet-analoga-5mp-lente-motorizado\/","og_locale":"en_US","og_type":"article","og_title":"CAMARA BULLET ANALOGA 5MP LENTE MOTORIZADO - DC Electronica","og_description":"HAC-B3A51-Z C\u00e1mara bullet HDCVI IR de 5 MP * Los par\u00e1metros y las hojas de datos que se indican a continuaci\u00f3n solo se pueden aplicar a la serie A51-S2. * Para utilizar la c\u00e1mara HDCVI de 5 MP y 16:9, es necesario actualizar el firmware del XVR a la versi\u00f3n V4.001.0000001.0.R.200908 o posterior. &gt; M\u00e1x. &hellip; CAMARA BULLET ANALOGA 5MP LENTE MOTORIZADO Read More &raquo;","og_url":"https:\/\/dashboard.dcelectronicapty.com\/index.php\/producto\/camara-bullet-analoga-5mp-lente-motorizado\/","og_site_name":"DC Electronica","article_publisher":"https:\/\/www.facebook.com\/dcelectronicapty","article_modified_time":"2025-09-05T14:57:20+00:00","og_image":[{"width":768,"height":1024,"url":"https:\/\/i0.wp.com\/dashboard.dcelectronicapty.com\/wp-content\/uploads\/2025\/09\/Camara-de-seguridad-dahua-modelo-HAC-HFW1500TL.webp?fit=768%2C1024&ssl=1","type":"image\/webp"}],"twitter_card":"summary_large_image","twitter_misc":{"Est. reading time":"1 minute"},"schema":{"@context":"https:\/\/schema.org","@graph":[{"@type":"WebPage","@id":"https:\/\/dashboard.dcelectronicapty.com\/index.php\/producto\/camara-bullet-analoga-5mp-lente-motorizado\/","url":"https:\/\/dashboard.dcelectronicapty.com\/index.php\/producto\/camara-bullet-analoga-5mp-lente-motorizado\/","name":"CAMARA BULLET ANALOGA 5MP LENTE MOTORIZADO - DC Electronica","isPartOf":{"@id":"https:\/\/dashboard.dcelectronicapty.com\/#website"},"primaryImageOfPage":{"@id":"https:\/\/dashboard.dcelectronicapty.com\/index.php\/producto\/camara-bullet-analoga-5mp-lente-motorizado\/#primaryimage"},"image":{"@id":"https:\/\/dashboard.dcelectronicapty.com\/index.php\/producto\/camara-bullet-analoga-5mp-lente-motorizado\/#primaryimage"},"thumbnailUrl":"https:\/\/i0.wp.com\/dashboard.dcelectronicapty.com\/wp-content\/uploads\/2025\/09\/Camara-de-seguridad-dahua-modelo-HAC-HFW1500TL.webp?fit=768%2C1024&ssl=1","datePublished":"2025-09-04T20:02:14+00:00","dateModified":"2025-09-05T14:57:20+00:00","breadcrumb":{"@id":"https:\/\/dashboard.dcelectronicapty.com\/index.php\/producto\/camara-bullet-analoga-5mp-lente-motorizado\/#breadcrumb"},"inLanguage":"en-US","potentialAction":[{"@type":"ReadAction","target":["https:\/\/dashboard.dcelectronicapty.com\/index.php\/producto\/camara-bullet-analoga-5mp-lente-motorizado\/"]}]},{"@type":"ImageObject","inLanguage":"en-US","@id":"https:\/\/dashboard.dcelectronicapty.com\/index.php\/producto\/camara-bullet-analoga-5mp-lente-motorizado\/#primaryimage","url":"https:\/\/i0.wp.com\/dashboard.dcelectronicapty.com\/wp-content\/uploads\/2025\/09\/Camara-de-seguridad-dahua-modelo-HAC-HFW1500TL.webp?fit=768%2C1024&ssl=1","contentUrl":"https:\/\/i0.wp.com\/dashboard.dcelectronicapty.com\/wp-content\/uploads\/2025\/09\/Camara-de-seguridad-dahua-modelo-HAC-HFW1500TL.webp?fit=768%2C1024&ssl=1","width":768,"height":1024},{"@type":"BreadcrumbList","@id":"https:\/\/dashboard.dcelectronicapty.com\/index.php\/producto\/camara-bullet-analoga-5mp-lente-motorizado\/#breadcrumb","itemListElement":[{"@type":"ListItem","position":1,"name":"Home","item":"https:\/\/dashboard.dcelectronicapty.com\/"},{"@type":"ListItem","position":2,"name":"Tienda","item":"https:\/\/dashboard.dcelectronicapty.com\/index.php\/tienda\/"},{"@type":"ListItem","position":3,"name":"CAMARA BULLET ANALOGA 5MP LENTE MOTORIZADO"}]},{"@type":"WebSite","@id":"https:\/\/dashboard.dcelectronicapty.com\/#website","url":"https:\/\/dashboard.dcelectronicapty.com\/","name":"DC Electronica","description":"","publisher":{"@id":"https:\/\/dashboard.dcelectronicapty.com\/#organization"},"potentialAction":[{"@type":"SearchAction","target":{"@type":"EntryPoint","urlTemplate":"https:\/\/dashboard.dcelectronicapty.com\/?s={search_term_string}"},"query-input":{"@type":"PropertyValueSpecification","valueRequired":true,"valueName":"search_term_string"}}],"inLanguage":"en-US"},{"@type":"Organization","@id":"https:\/\/dashboard.dcelectronicapty.com\/#organization","name":"DC Electronica","url":"https:\/\/dashboard.dcelectronicapty.com\/","logo":{"@type":"ImageObject","inLanguage":"en-US","@id":"https:\/\/dashboard.dcelectronicapty.com\/#\/schema\/logo\/image\/","url":"https:\/\/i0.wp.com\/dashboard.dcelectronicapty.com\/wp-content\/uploads\/2023\/02\/cropped-cropped-Logo.png?fit=241%2C195&ssl=1","contentUrl":"https:\/\/i0.wp.com\/dashboard.dcelectronicapty.com\/wp-content\/uploads\/2023\/02\/cropped-cropped-Logo.png?fit=241%2C195&ssl=1","width":241,"height":195,"caption":"DC Electronica"},"image":{"@id":"https:\/\/dashboard.dcelectronicapty.com\/#\/schema\/logo\/image\/"},"sameAs":["https:\/\/www.facebook.com\/dcelectronicapty","https:\/\/www.instagram.com\/dcelectronicapty\/"]}]}},"_links":{"self":[{"href":"https:\/\/dashboard.dcelectronicapty.com\/index.php\/wp-json\/wp\/v2\/product\/962","targetHints":{"allow":["GET"]}}],"collection":[{"href":"https:\/\/dashboard.dcelectronicapty.com\/index.php\/wp-json\/wp\/v2\/product"}],"about":[{"href":"https:\/\/dashboard.dcelectronicapty.com\/index.php\/wp-json\/wp\/v2\/types\/product"}],"replies":[{"embeddable":true,"href":"https:\/\/dashboard.dcelectronicapty.com\/index.php\/wp-json\/wp\/v2\/comments?post=962"}],"wp:featuredmedia":[{"embeddable":true,"href":"https:\/\/dashboard.dcelectronicapty.com\/index.php\/wp-json\/wp\/v2\/media\/982"}],"wp:attachment":[{"href":"https:\/\/dashboard.dcelectronicapty.com\/index.php\/wp-json\/wp\/v2\/media?parent=962"}],"wp:term":[{"taxonomy":"product_cat","embeddable":true,"href":"https:\/\/dashboard.dcelectronicapty.com\/index.php\/wp-json\/wp\/v2\/product_cat?post=962"},{"taxonomy":"product_tag","embeddable":true,"href":"https:\/\/dashboard.dcelectronicapty.com\/index.php\/wp-json\/wp\/v2\/product_tag?post=962"}],"curies":[{"name":"wp","href":"https:\/\/api.w.org\/{rel}","templated":true}]}}