{"id":979,"date":"2025-09-04T20:52:49","date_gmt":"2025-09-04T20:52:49","guid":{"rendered":"https:\/\/dashboard.dcelectronicapty.com\/?post_type=product&#038;p=979"},"modified":"2025-09-04T22:06:44","modified_gmt":"2025-09-04T22:06:44","slug":"dvr-analogo-pentahibrido-8ch-5mp-wizsense","status":"publish","type":"product","link":"https:\/\/dashboard.dcelectronicapty.com\/index.php\/producto\/dvr-analogo-pentahibrido-8ch-5mp-wizsense\/","title":{"rendered":"DVR ANALOGO PENTAHIBRIDO 8CH 5MP WIZSENSE"},"content":{"rendered":"<p>XVR5108HS-I3<br \/>\nGrabadora de v\u00eddeo digital WizSense compacta de 1U y 1 HDD con 8 canales Penta-brid de 5 MP y 1080p<br \/>\n* La siguiente informaci\u00f3n solo se aplica a la versi\u00f3n 3.0 del hardware del producto.<br \/>\n&gt; QuickPick 2.0 de 2 canales para canales anal\u00f3gicos, que mejora la eficiencia de la recuperaci\u00f3n de objetivos.<br \/>\n&gt; SMD Plus de 8 canales para canales anal\u00f3gicos o SMD de 12 canales por c\u00e1mara, lo que permite al dispositivo activar alarmas precisas para personas y veh\u00edculos.<br \/>\n&gt; Protecci\u00f3n perimetral de 4 canales para canales anal\u00f3gicos que admite detecci\u00f3n de intrusos y cables trampa con tecnolog\u00eda de IA.<br \/>\n&gt; Reconocimiento facial de 2 canales para canales anal\u00f3gicos que admite comparaci\u00f3n de rostros.<br \/>\n&gt; La codificaci\u00f3n AI de 8 canales ahorra almacenamiento y ancho de banda, al tiempo que mantiene los detalles de los objetivos en los v\u00eddeos.<br \/>\n&gt; Admite entrada de v\u00eddeo HDCVI, AHD, TVI, CVBS e IP.<br \/>\n&gt; Admite hasta 12 canales de entrada de c\u00e1mara IP y cada canal puede tener hasta 6 MP. El ancho de banda entrante alcanza los 64 Mbps.<br \/>\n&gt; Compresi\u00f3n de v\u00eddeo de doble flujo inteligente H.265+ y H.265.<br \/>\n&gt; Capacidades de IoT y POS.<\/p>\n<p>ESPECIFICACIONES<\/p>\n<p><a style=\"font-size: 16px; background-color: #ffffff;\" href=\"https:\/\/materialfile.dahuasecurity.com\/uploads\/cpq\/prm-os-srv-res\/smart\/datasheetzipfiles\/XVR5108HS-I3_V3_datasheet_20241112.pdf\">https:\/\/materialfile.dahuasecurity.com\/uploads\/cpq\/prm-os-srv-res\/smart\/datasheetzipfiles\/XVR5108HS-I3_V3_datasheet_20241112.pdf<\/a><\/p>\n","protected":false},"excerpt":{"rendered":"<p>XVR5108HS-I3 Grabadora de v\u00eddeo digital WizSense compacta de 1U y 1 HDD con 8 canales Penta-brid de 5 MP y 1080p * La siguiente informaci\u00f3n solo se aplica a la versi\u00f3n 3.0 del hardware del producto. &gt; QuickPick 2.0 de 2 canales para canales anal\u00f3gicos, que mejora la eficiencia de la recuperaci\u00f3n de objetivos. &gt; &hellip;<\/p>\n<p class=\"read-more\"> <a class=\"\" href=\"https:\/\/dashboard.dcelectronicapty.com\/index.php\/producto\/dvr-analogo-pentahibrido-8ch-5mp-wizsense\/\"> <span class=\"screen-reader-text\">DVR ANALOGO PENTAHIBRIDO 8CH 5MP WIZSENSE<\/span> Read More &raquo;<\/a><\/p>\n","protected":false},"featured_media":976,"comment_status":"open","ping_status":"closed","template":"","meta":{"site-sidebar-layout":"default","site-content-layout":"default","ast-global-header-display":"","ast-main-header-display":"","ast-hfb-above-header-display":"","ast-hfb-below-header-display":"","ast-hfb-mobile-header-display":"","site-post-title":"","ast-breadcrumbs-content":"","ast-featured-img":"","footer-sml-layout":"","theme-transparent-header-meta":"default","adv-header-id-meta":"","stick-header-meta":"","header-above-stick-meta":"","header-main-stick-meta":"","header-below-stick-meta":"","_joinchat":[]},"product_cat":[74,75,77,83],"product_tag":[],"class_list":["post-979","product","type-product","status-publish","has-post-thumbnail","hentry","product_cat-seguridad-electronica","product_cat-cctv","product_cat-analogo","product_cat-grabador-analogo"],"yoast_head":"<!-- This site is optimized with the Yoast SEO plugin v27.1.1 - https:\/\/yoast.com\/product\/yoast-seo-wordpress\/ -->\n<title>DVR ANALOGO PENTAHIBRIDO 8CH 5MP WIZSENSE - DC Electronica<\/title>\n<meta name=\"robots\" content=\"index, follow, max-snippet:-1, max-image-preview:large, max-video-preview:-1\" \/>\n<link rel=\"canonical\" href=\"https:\/\/dashboard.dcelectronicapty.com\/index.php\/producto\/dvr-analogo-pentahibrido-8ch-5mp-wizsense\/\" \/>\n<meta property=\"og:locale\" content=\"en_US\" \/>\n<meta property=\"og:type\" content=\"article\" \/>\n<meta property=\"og:title\" content=\"DVR ANALOGO PENTAHIBRIDO 8CH 5MP WIZSENSE - DC Electronica\" \/>\n<meta property=\"og:description\" content=\"XVR5108HS-I3 Grabadora de v\u00eddeo digital WizSense compacta de 1U y 1 HDD con 8 canales Penta-brid de 5 MP y 1080p * La siguiente informaci\u00f3n solo se aplica a la versi\u00f3n 3.0 del hardware del producto. &gt; QuickPick 2.0 de 2 canales para canales anal\u00f3gicos, que mejora la eficiencia de la recuperaci\u00f3n de objetivos. &gt; &hellip; DVR ANALOGO PENTAHIBRIDO 8CH 5MP WIZSENSE Read More &raquo;\" \/>\n<meta property=\"og:url\" content=\"https:\/\/dashboard.dcelectronicapty.com\/index.php\/producto\/dvr-analogo-pentahibrido-8ch-5mp-wizsense\/\" \/>\n<meta property=\"og:site_name\" content=\"DC Electronica\" \/>\n<meta property=\"article:publisher\" content=\"https:\/\/www.facebook.com\/dcelectronicapty\" \/>\n<meta property=\"article:modified_time\" content=\"2025-09-04T22:06:44+00:00\" \/>\n<meta name=\"twitter:card\" content=\"summary_large_image\" \/>\n<meta name=\"twitter:image\" content=\"https:\/\/i0.wp.com\/dashboard.dcelectronicapty.com\/wp-content\/uploads\/2025\/09\/XVR1B08_1.png?fit=%2C&ssl=1\" \/>\n<meta name=\"twitter:label1\" content=\"Est. reading time\" \/>\n\t<meta name=\"twitter:data1\" content=\"1 minute\" \/>\n<script type=\"application\/ld+json\" class=\"yoast-schema-graph\">{\"@context\":\"https:\/\/schema.org\",\"@graph\":[{\"@type\":\"WebPage\",\"@id\":\"https:\/\/dashboard.dcelectronicapty.com\/index.php\/producto\/dvr-analogo-pentahibrido-8ch-5mp-wizsense\/\",\"url\":\"https:\/\/dashboard.dcelectronicapty.com\/index.php\/producto\/dvr-analogo-pentahibrido-8ch-5mp-wizsense\/\",\"name\":\"DVR ANALOGO PENTAHIBRIDO 8CH 5MP WIZSENSE - DC Electronica\",\"isPartOf\":{\"@id\":\"https:\/\/dashboard.dcelectronicapty.com\/#website\"},\"primaryImageOfPage\":{\"@id\":\"https:\/\/dashboard.dcelectronicapty.com\/index.php\/producto\/dvr-analogo-pentahibrido-8ch-5mp-wizsense\/#primaryimage\"},\"image\":{\"@id\":\"https:\/\/dashboard.dcelectronicapty.com\/index.php\/producto\/dvr-analogo-pentahibrido-8ch-5mp-wizsense\/#primaryimage\"},\"thumbnailUrl\":\"https:\/\/i0.wp.com\/dashboard.dcelectronicapty.com\/wp-content\/uploads\/2025\/09\/XVR1B08_1.png?fit=%2C&ssl=1\",\"datePublished\":\"2025-09-04T20:52:49+00:00\",\"dateModified\":\"2025-09-04T22:06:44+00:00\",\"breadcrumb\":{\"@id\":\"https:\/\/dashboard.dcelectronicapty.com\/index.php\/producto\/dvr-analogo-pentahibrido-8ch-5mp-wizsense\/#breadcrumb\"},\"inLanguage\":\"en-US\",\"potentialAction\":[{\"@type\":\"ReadAction\",\"target\":[\"https:\/\/dashboard.dcelectronicapty.com\/index.php\/producto\/dvr-analogo-pentahibrido-8ch-5mp-wizsense\/\"]}]},{\"@type\":\"ImageObject\",\"inLanguage\":\"en-US\",\"@id\":\"https:\/\/dashboard.dcelectronicapty.com\/index.php\/producto\/dvr-analogo-pentahibrido-8ch-5mp-wizsense\/#primaryimage\",\"url\":\"https:\/\/i0.wp.com\/dashboard.dcelectronicapty.com\/wp-content\/uploads\/2025\/09\/XVR1B08_1.png?fit=%2C&ssl=1\",\"contentUrl\":\"https:\/\/i0.wp.com\/dashboard.dcelectronicapty.com\/wp-content\/uploads\/2025\/09\/XVR1B08_1.png?fit=%2C&ssl=1\"},{\"@type\":\"BreadcrumbList\",\"@id\":\"https:\/\/dashboard.dcelectronicapty.com\/index.php\/producto\/dvr-analogo-pentahibrido-8ch-5mp-wizsense\/#breadcrumb\",\"itemListElement\":[{\"@type\":\"ListItem\",\"position\":1,\"name\":\"Home\",\"item\":\"https:\/\/dashboard.dcelectronicapty.com\/\"},{\"@type\":\"ListItem\",\"position\":2,\"name\":\"Tienda\",\"item\":\"https:\/\/dashboard.dcelectronicapty.com\/index.php\/tienda\/\"},{\"@type\":\"ListItem\",\"position\":3,\"name\":\"DVR ANALOGO PENTAHIBRIDO 8CH 5MP WIZSENSE\"}]},{\"@type\":\"WebSite\",\"@id\":\"https:\/\/dashboard.dcelectronicapty.com\/#website\",\"url\":\"https:\/\/dashboard.dcelectronicapty.com\/\",\"name\":\"DC Electronica\",\"description\":\"\",\"publisher\":{\"@id\":\"https:\/\/dashboard.dcelectronicapty.com\/#organization\"},\"potentialAction\":[{\"@type\":\"SearchAction\",\"target\":{\"@type\":\"EntryPoint\",\"urlTemplate\":\"https:\/\/dashboard.dcelectronicapty.com\/?s={search_term_string}\"},\"query-input\":{\"@type\":\"PropertyValueSpecification\",\"valueRequired\":true,\"valueName\":\"search_term_string\"}}],\"inLanguage\":\"en-US\"},{\"@type\":\"Organization\",\"@id\":\"https:\/\/dashboard.dcelectronicapty.com\/#organization\",\"name\":\"DC Electronica\",\"url\":\"https:\/\/dashboard.dcelectronicapty.com\/\",\"logo\":{\"@type\":\"ImageObject\",\"inLanguage\":\"en-US\",\"@id\":\"https:\/\/dashboard.dcelectronicapty.com\/#\/schema\/logo\/image\/\",\"url\":\"https:\/\/i0.wp.com\/dashboard.dcelectronicapty.com\/wp-content\/uploads\/2023\/02\/cropped-cropped-Logo.png?fit=241%2C195&ssl=1\",\"contentUrl\":\"https:\/\/i0.wp.com\/dashboard.dcelectronicapty.com\/wp-content\/uploads\/2023\/02\/cropped-cropped-Logo.png?fit=241%2C195&ssl=1\",\"width\":241,\"height\":195,\"caption\":\"DC Electronica\"},\"image\":{\"@id\":\"https:\/\/dashboard.dcelectronicapty.com\/#\/schema\/logo\/image\/\"},\"sameAs\":[\"https:\/\/www.facebook.com\/dcelectronicapty\",\"https:\/\/www.instagram.com\/dcelectronicapty\/\"]}]}<\/script>\n<!-- \/ Yoast SEO plugin. -->","yoast_head_json":{"title":"DVR ANALOGO PENTAHIBRIDO 8CH 5MP WIZSENSE - DC Electronica","robots":{"index":"index","follow":"follow","max-snippet":"max-snippet:-1","max-image-preview":"max-image-preview:large","max-video-preview":"max-video-preview:-1"},"canonical":"https:\/\/dashboard.dcelectronicapty.com\/index.php\/producto\/dvr-analogo-pentahibrido-8ch-5mp-wizsense\/","og_locale":"en_US","og_type":"article","og_title":"DVR ANALOGO PENTAHIBRIDO 8CH 5MP WIZSENSE - DC Electronica","og_description":"XVR5108HS-I3 Grabadora de v\u00eddeo digital WizSense compacta de 1U y 1 HDD con 8 canales Penta-brid de 5 MP y 1080p * La siguiente informaci\u00f3n solo se aplica a la versi\u00f3n 3.0 del hardware del producto. &gt; QuickPick 2.0 de 2 canales para canales anal\u00f3gicos, que mejora la eficiencia de la recuperaci\u00f3n de objetivos. &gt; &hellip; DVR ANALOGO PENTAHIBRIDO 8CH 5MP WIZSENSE Read More &raquo;","og_url":"https:\/\/dashboard.dcelectronicapty.com\/index.php\/producto\/dvr-analogo-pentahibrido-8ch-5mp-wizsense\/","og_site_name":"DC Electronica","article_publisher":"https:\/\/www.facebook.com\/dcelectronicapty","article_modified_time":"2025-09-04T22:06:44+00:00","twitter_card":"summary_large_image","twitter_image":"https:\/\/i0.wp.com\/dashboard.dcelectronicapty.com\/wp-content\/uploads\/2025\/09\/XVR1B08_1.png?fit=%2C&ssl=1","twitter_misc":{"Est. reading time":"1 minute"},"schema":{"@context":"https:\/\/schema.org","@graph":[{"@type":"WebPage","@id":"https:\/\/dashboard.dcelectronicapty.com\/index.php\/producto\/dvr-analogo-pentahibrido-8ch-5mp-wizsense\/","url":"https:\/\/dashboard.dcelectronicapty.com\/index.php\/producto\/dvr-analogo-pentahibrido-8ch-5mp-wizsense\/","name":"DVR ANALOGO PENTAHIBRIDO 8CH 5MP WIZSENSE - DC Electronica","isPartOf":{"@id":"https:\/\/dashboard.dcelectronicapty.com\/#website"},"primaryImageOfPage":{"@id":"https:\/\/dashboard.dcelectronicapty.com\/index.php\/producto\/dvr-analogo-pentahibrido-8ch-5mp-wizsense\/#primaryimage"},"image":{"@id":"https:\/\/dashboard.dcelectronicapty.com\/index.php\/producto\/dvr-analogo-pentahibrido-8ch-5mp-wizsense\/#primaryimage"},"thumbnailUrl":"https:\/\/i0.wp.com\/dashboard.dcelectronicapty.com\/wp-content\/uploads\/2025\/09\/XVR1B08_1.png?fit=%2C&ssl=1","datePublished":"2025-09-04T20:52:49+00:00","dateModified":"2025-09-04T22:06:44+00:00","breadcrumb":{"@id":"https:\/\/dashboard.dcelectronicapty.com\/index.php\/producto\/dvr-analogo-pentahibrido-8ch-5mp-wizsense\/#breadcrumb"},"inLanguage":"en-US","potentialAction":[{"@type":"ReadAction","target":["https:\/\/dashboard.dcelectronicapty.com\/index.php\/producto\/dvr-analogo-pentahibrido-8ch-5mp-wizsense\/"]}]},{"@type":"ImageObject","inLanguage":"en-US","@id":"https:\/\/dashboard.dcelectronicapty.com\/index.php\/producto\/dvr-analogo-pentahibrido-8ch-5mp-wizsense\/#primaryimage","url":"https:\/\/i0.wp.com\/dashboard.dcelectronicapty.com\/wp-content\/uploads\/2025\/09\/XVR1B08_1.png?fit=%2C&ssl=1","contentUrl":"https:\/\/i0.wp.com\/dashboard.dcelectronicapty.com\/wp-content\/uploads\/2025\/09\/XVR1B08_1.png?fit=%2C&ssl=1"},{"@type":"BreadcrumbList","@id":"https:\/\/dashboard.dcelectronicapty.com\/index.php\/producto\/dvr-analogo-pentahibrido-8ch-5mp-wizsense\/#breadcrumb","itemListElement":[{"@type":"ListItem","position":1,"name":"Home","item":"https:\/\/dashboard.dcelectronicapty.com\/"},{"@type":"ListItem","position":2,"name":"Tienda","item":"https:\/\/dashboard.dcelectronicapty.com\/index.php\/tienda\/"},{"@type":"ListItem","position":3,"name":"DVR ANALOGO PENTAHIBRIDO 8CH 5MP WIZSENSE"}]},{"@type":"WebSite","@id":"https:\/\/dashboard.dcelectronicapty.com\/#website","url":"https:\/\/dashboard.dcelectronicapty.com\/","name":"DC Electronica","description":"","publisher":{"@id":"https:\/\/dashboard.dcelectronicapty.com\/#organization"},"potentialAction":[{"@type":"SearchAction","target":{"@type":"EntryPoint","urlTemplate":"https:\/\/dashboard.dcelectronicapty.com\/?s={search_term_string}"},"query-input":{"@type":"PropertyValueSpecification","valueRequired":true,"valueName":"search_term_string"}}],"inLanguage":"en-US"},{"@type":"Organization","@id":"https:\/\/dashboard.dcelectronicapty.com\/#organization","name":"DC Electronica","url":"https:\/\/dashboard.dcelectronicapty.com\/","logo":{"@type":"ImageObject","inLanguage":"en-US","@id":"https:\/\/dashboard.dcelectronicapty.com\/#\/schema\/logo\/image\/","url":"https:\/\/i0.wp.com\/dashboard.dcelectronicapty.com\/wp-content\/uploads\/2023\/02\/cropped-cropped-Logo.png?fit=241%2C195&ssl=1","contentUrl":"https:\/\/i0.wp.com\/dashboard.dcelectronicapty.com\/wp-content\/uploads\/2023\/02\/cropped-cropped-Logo.png?fit=241%2C195&ssl=1","width":241,"height":195,"caption":"DC Electronica"},"image":{"@id":"https:\/\/dashboard.dcelectronicapty.com\/#\/schema\/logo\/image\/"},"sameAs":["https:\/\/www.facebook.com\/dcelectronicapty","https:\/\/www.instagram.com\/dcelectronicapty\/"]}]}},"_links":{"self":[{"href":"https:\/\/dashboard.dcelectronicapty.com\/index.php\/wp-json\/wp\/v2\/product\/979","targetHints":{"allow":["GET"]}}],"collection":[{"href":"https:\/\/dashboard.dcelectronicapty.com\/index.php\/wp-json\/wp\/v2\/product"}],"about":[{"href":"https:\/\/dashboard.dcelectronicapty.com\/index.php\/wp-json\/wp\/v2\/types\/product"}],"replies":[{"embeddable":true,"href":"https:\/\/dashboard.dcelectronicapty.com\/index.php\/wp-json\/wp\/v2\/comments?post=979"}],"wp:featuredmedia":[{"embeddable":true,"href":"https:\/\/dashboard.dcelectronicapty.com\/index.php\/wp-json\/wp\/v2\/media\/976"}],"wp:attachment":[{"href":"https:\/\/dashboard.dcelectronicapty.com\/index.php\/wp-json\/wp\/v2\/media?parent=979"}],"wp:term":[{"taxonomy":"product_cat","embeddable":true,"href":"https:\/\/dashboard.dcelectronicapty.com\/index.php\/wp-json\/wp\/v2\/product_cat?post=979"},{"taxonomy":"product_tag","embeddable":true,"href":"https:\/\/dashboard.dcelectronicapty.com\/index.php\/wp-json\/wp\/v2\/product_tag?post=979"}],"curies":[{"name":"wp","href":"https:\/\/api.w.org\/{rel}","templated":true}]}}