{"id":987,"date":"2025-09-05T17:38:06","date_gmt":"2025-09-05T17:38:06","guid":{"rendered":"https:\/\/dashboard.dcelectronicapty.com\/?post_type=product&#038;p=987"},"modified":"2025-09-05T17:40:24","modified_gmt":"2025-09-05T17:40:24","slug":"camara-domo-ip-4mp-lente-2-8mm-wizsense","status":"publish","type":"product","link":"https:\/\/dashboard.dcelectronicapty.com\/index.php\/producto\/camara-domo-ip-4mp-lente-2-8mm-wizsense\/","title":{"rendered":"CAMARA DOMO IP 4MP LENTE 2.8MM WIZSENSE"},"content":{"rendered":"<p>IPC-HDW2449T-S-IL<br \/>\nC\u00e1mara de red WizSense con lente fija y doble iluminaci\u00f3n inteligente de 4 MP<\/p>\n<p>&gt; Sensor de imagen CMOS de 4 MP y 1\/2,9&#8243;, baja luminosidad e imagen de alta definici\u00f3n.<br \/>\n&gt; Salida m\u00e1xima de 4 MP (2688 \u00d7 1520) a 20 fps y compatible con 2560 \u00d7 1440 a 25\/30 fps<br \/>\n&gt; C\u00f3dec H.265, alta tasa de compresi\u00f3n y velocidad de bits ultrabaja.<br \/>\n&gt; LED de luz c\u00e1lida\/IR integrado, distancia m\u00e1xima de iluminaci\u00f3n de 30 m y distancia m\u00e1xima de luz c\u00e1lida de 30 m.<br \/>\n&gt; ROI, SMART H.264+\/H.265+, codificaci\u00f3n flexible, aplicable a diversos entornos de ancho de banda y almacenamiento.<br \/>\n&gt; Modo de rotaci\u00f3n, WDR, 3D NR, HLC, BLC, marca de agua digital, aplicable a diversas situaciones de vigilancia.<br \/>\n&gt; Vigilancia inteligente: intrusi\u00f3n, cable trampa (las dos funciones admiten la clasificaci\u00f3n y la detecci\u00f3n precisa de veh\u00edculos y personas).<br \/>\n&gt; Admite tarjetas Micro SD de hasta 256 G; micr\u00f3fono integrado.<br \/>\n&gt; Fuente de alimentaci\u00f3n de 12 VCC\/PoE, f\u00e1cil de instalar.<br \/>\n&gt; Protecci\u00f3n IP67.<br \/>\n&gt; SMD Plus.<\/p>\n<p>ESPECIFICACIONES<\/p>\n<p><a style=\"font-size: 16px; background-color: #ffffff;\" href=\"https:\/\/materialfile.dahuasecurity.com\/uploads\/cpq\/prm-os-srv-res\/smart\/datasheetzipfiles\/IPC-HDW2449T-S-IL_S0_datasheet_20250219.pdf\">https:\/\/materialfile.dahuasecurity.com\/uploads\/cpq\/prm-os-srv-res\/smart\/datasheetzipfiles\/IPC-HDW2449T-S-IL_S0_datasheet_20250219.pdf<\/a><\/p>\n","protected":false},"excerpt":{"rendered":"<p>IPC-HDW2449T-S-IL C\u00e1mara de red WizSense con lente fija y doble iluminaci\u00f3n inteligente de 4 MP &gt; Sensor de imagen CMOS de 4 MP y 1\/2,9&#8243;, baja luminosidad e imagen de alta definici\u00f3n. &gt; Salida m\u00e1xima de 4 MP (2688 \u00d7 1520) a 20 fps y compatible con 2560 \u00d7 1440 a 25\/30 fps &gt; C\u00f3dec &hellip;<\/p>\n<p class=\"read-more\"> <a class=\"\" href=\"https:\/\/dashboard.dcelectronicapty.com\/index.php\/producto\/camara-domo-ip-4mp-lente-2-8mm-wizsense\/\"> <span class=\"screen-reader-text\">CAMARA DOMO IP 4MP LENTE 2.8MM WIZSENSE<\/span> Read More &raquo;<\/a><\/p>\n","protected":false},"featured_media":986,"comment_status":"open","ping_status":"closed","template":"","meta":{"site-sidebar-layout":"default","site-content-layout":"default","ast-global-header-display":"","ast-main-header-display":"","ast-hfb-above-header-display":"","ast-hfb-below-header-display":"","ast-hfb-mobile-header-display":"","site-post-title":"","ast-breadcrumbs-content":"","ast-featured-img":"","footer-sml-layout":"","theme-transparent-header-meta":"default","adv-header-id-meta":"","stick-header-meta":"","header-above-stick-meta":"","header-main-stick-meta":"","header-below-stick-meta":"","_joinchat":[]},"product_cat":[74,75,76,80],"product_tag":[],"class_list":["post-987","product","type-product","status-publish","has-post-thumbnail","hentry","product_cat-seguridad-electronica","product_cat-cctv","product_cat-ip","product_cat-domo-ip"],"yoast_head":"<!-- This site is optimized with the Yoast SEO plugin v27.1.1 - https:\/\/yoast.com\/product\/yoast-seo-wordpress\/ -->\n<title>CAMARA DOMO IP 4MP LENTE 2.8MM WIZSENSE - DC Electronica<\/title>\n<meta name=\"robots\" content=\"index, follow, max-snippet:-1, max-image-preview:large, max-video-preview:-1\" \/>\n<link rel=\"canonical\" href=\"https:\/\/dashboard.dcelectronicapty.com\/index.php\/producto\/camara-domo-ip-4mp-lente-2-8mm-wizsense\/\" \/>\n<meta property=\"og:locale\" content=\"en_US\" \/>\n<meta property=\"og:type\" content=\"article\" \/>\n<meta property=\"og:title\" content=\"CAMARA DOMO IP 4MP LENTE 2.8MM WIZSENSE - DC Electronica\" \/>\n<meta property=\"og:description\" content=\"IPC-HDW2449T-S-IL C\u00e1mara de red WizSense con lente fija y doble iluminaci\u00f3n inteligente de 4 MP &gt; Sensor de imagen CMOS de 4 MP y 1\/2,9&#8243;, baja luminosidad e imagen de alta definici\u00f3n. &gt; Salida m\u00e1xima de 4 MP (2688 \u00d7 1520) a 20 fps y compatible con 2560 \u00d7 1440 a 25\/30 fps &gt; C\u00f3dec &hellip; CAMARA DOMO IP 4MP LENTE 2.8MM WIZSENSE Read More &raquo;\" \/>\n<meta property=\"og:url\" content=\"https:\/\/dashboard.dcelectronicapty.com\/index.php\/producto\/camara-domo-ip-4mp-lente-2-8mm-wizsense\/\" \/>\n<meta property=\"og:site_name\" content=\"DC Electronica\" \/>\n<meta property=\"article:publisher\" content=\"https:\/\/www.facebook.com\/dcelectronicapty\" \/>\n<meta property=\"article:modified_time\" content=\"2025-09-05T17:40:24+00:00\" \/>\n<meta property=\"og:image\" content=\"https:\/\/i0.wp.com\/dashboard.dcelectronicapty.com\/wp-content\/uploads\/2025\/09\/ipc-hdw2449t-zs-il-27135_d.jpg?fit=1500%2C1344&ssl=1\" \/>\n\t<meta property=\"og:image:width\" content=\"1500\" \/>\n\t<meta property=\"og:image:height\" content=\"1344\" \/>\n\t<meta property=\"og:image:type\" content=\"image\/jpeg\" \/>\n<meta name=\"twitter:card\" content=\"summary_large_image\" \/>\n<meta name=\"twitter:label1\" content=\"Est. reading time\" \/>\n\t<meta name=\"twitter:data1\" content=\"1 minute\" \/>\n<script type=\"application\/ld+json\" class=\"yoast-schema-graph\">{\"@context\":\"https:\/\/schema.org\",\"@graph\":[{\"@type\":\"WebPage\",\"@id\":\"https:\/\/dashboard.dcelectronicapty.com\/index.php\/producto\/camara-domo-ip-4mp-lente-2-8mm-wizsense\/\",\"url\":\"https:\/\/dashboard.dcelectronicapty.com\/index.php\/producto\/camara-domo-ip-4mp-lente-2-8mm-wizsense\/\",\"name\":\"CAMARA DOMO IP 4MP LENTE 2.8MM WIZSENSE - DC Electronica\",\"isPartOf\":{\"@id\":\"https:\/\/dashboard.dcelectronicapty.com\/#website\"},\"primaryImageOfPage\":{\"@id\":\"https:\/\/dashboard.dcelectronicapty.com\/index.php\/producto\/camara-domo-ip-4mp-lente-2-8mm-wizsense\/#primaryimage\"},\"image\":{\"@id\":\"https:\/\/dashboard.dcelectronicapty.com\/index.php\/producto\/camara-domo-ip-4mp-lente-2-8mm-wizsense\/#primaryimage\"},\"thumbnailUrl\":\"https:\/\/i0.wp.com\/dashboard.dcelectronicapty.com\/wp-content\/uploads\/2025\/09\/ipc-hdw2449t-zs-il-27135_d.jpg?fit=1500%2C1344&ssl=1\",\"datePublished\":\"2025-09-05T17:38:06+00:00\",\"dateModified\":\"2025-09-05T17:40:24+00:00\",\"breadcrumb\":{\"@id\":\"https:\/\/dashboard.dcelectronicapty.com\/index.php\/producto\/camara-domo-ip-4mp-lente-2-8mm-wizsense\/#breadcrumb\"},\"inLanguage\":\"en-US\",\"potentialAction\":[{\"@type\":\"ReadAction\",\"target\":[\"https:\/\/dashboard.dcelectronicapty.com\/index.php\/producto\/camara-domo-ip-4mp-lente-2-8mm-wizsense\/\"]}]},{\"@type\":\"ImageObject\",\"inLanguage\":\"en-US\",\"@id\":\"https:\/\/dashboard.dcelectronicapty.com\/index.php\/producto\/camara-domo-ip-4mp-lente-2-8mm-wizsense\/#primaryimage\",\"url\":\"https:\/\/i0.wp.com\/dashboard.dcelectronicapty.com\/wp-content\/uploads\/2025\/09\/ipc-hdw2449t-zs-il-27135_d.jpg?fit=1500%2C1344&ssl=1\",\"contentUrl\":\"https:\/\/i0.wp.com\/dashboard.dcelectronicapty.com\/wp-content\/uploads\/2025\/09\/ipc-hdw2449t-zs-il-27135_d.jpg?fit=1500%2C1344&ssl=1\",\"width\":1500,\"height\":1344},{\"@type\":\"BreadcrumbList\",\"@id\":\"https:\/\/dashboard.dcelectronicapty.com\/index.php\/producto\/camara-domo-ip-4mp-lente-2-8mm-wizsense\/#breadcrumb\",\"itemListElement\":[{\"@type\":\"ListItem\",\"position\":1,\"name\":\"Home\",\"item\":\"https:\/\/dashboard.dcelectronicapty.com\/\"},{\"@type\":\"ListItem\",\"position\":2,\"name\":\"Tienda\",\"item\":\"https:\/\/dashboard.dcelectronicapty.com\/index.php\/tienda\/\"},{\"@type\":\"ListItem\",\"position\":3,\"name\":\"CAMARA DOMO IP 4MP LENTE 2.8MM WIZSENSE\"}]},{\"@type\":\"WebSite\",\"@id\":\"https:\/\/dashboard.dcelectronicapty.com\/#website\",\"url\":\"https:\/\/dashboard.dcelectronicapty.com\/\",\"name\":\"DC Electronica\",\"description\":\"\",\"publisher\":{\"@id\":\"https:\/\/dashboard.dcelectronicapty.com\/#organization\"},\"potentialAction\":[{\"@type\":\"SearchAction\",\"target\":{\"@type\":\"EntryPoint\",\"urlTemplate\":\"https:\/\/dashboard.dcelectronicapty.com\/?s={search_term_string}\"},\"query-input\":{\"@type\":\"PropertyValueSpecification\",\"valueRequired\":true,\"valueName\":\"search_term_string\"}}],\"inLanguage\":\"en-US\"},{\"@type\":\"Organization\",\"@id\":\"https:\/\/dashboard.dcelectronicapty.com\/#organization\",\"name\":\"DC Electronica\",\"url\":\"https:\/\/dashboard.dcelectronicapty.com\/\",\"logo\":{\"@type\":\"ImageObject\",\"inLanguage\":\"en-US\",\"@id\":\"https:\/\/dashboard.dcelectronicapty.com\/#\/schema\/logo\/image\/\",\"url\":\"https:\/\/i0.wp.com\/dashboard.dcelectronicapty.com\/wp-content\/uploads\/2023\/02\/cropped-cropped-Logo.png?fit=241%2C195&ssl=1\",\"contentUrl\":\"https:\/\/i0.wp.com\/dashboard.dcelectronicapty.com\/wp-content\/uploads\/2023\/02\/cropped-cropped-Logo.png?fit=241%2C195&ssl=1\",\"width\":241,\"height\":195,\"caption\":\"DC Electronica\"},\"image\":{\"@id\":\"https:\/\/dashboard.dcelectronicapty.com\/#\/schema\/logo\/image\/\"},\"sameAs\":[\"https:\/\/www.facebook.com\/dcelectronicapty\",\"https:\/\/www.instagram.com\/dcelectronicapty\/\"]}]}<\/script>\n<!-- \/ Yoast SEO plugin. -->","yoast_head_json":{"title":"CAMARA DOMO IP 4MP LENTE 2.8MM WIZSENSE - DC Electronica","robots":{"index":"index","follow":"follow","max-snippet":"max-snippet:-1","max-image-preview":"max-image-preview:large","max-video-preview":"max-video-preview:-1"},"canonical":"https:\/\/dashboard.dcelectronicapty.com\/index.php\/producto\/camara-domo-ip-4mp-lente-2-8mm-wizsense\/","og_locale":"en_US","og_type":"article","og_title":"CAMARA DOMO IP 4MP LENTE 2.8MM WIZSENSE - DC Electronica","og_description":"IPC-HDW2449T-S-IL C\u00e1mara de red WizSense con lente fija y doble iluminaci\u00f3n inteligente de 4 MP &gt; Sensor de imagen CMOS de 4 MP y 1\/2,9&#8243;, baja luminosidad e imagen de alta definici\u00f3n. &gt; Salida m\u00e1xima de 4 MP (2688 \u00d7 1520) a 20 fps y compatible con 2560 \u00d7 1440 a 25\/30 fps &gt; C\u00f3dec &hellip; CAMARA DOMO IP 4MP LENTE 2.8MM WIZSENSE Read More &raquo;","og_url":"https:\/\/dashboard.dcelectronicapty.com\/index.php\/producto\/camara-domo-ip-4mp-lente-2-8mm-wizsense\/","og_site_name":"DC Electronica","article_publisher":"https:\/\/www.facebook.com\/dcelectronicapty","article_modified_time":"2025-09-05T17:40:24+00:00","og_image":[{"width":1500,"height":1344,"url":"https:\/\/i0.wp.com\/dashboard.dcelectronicapty.com\/wp-content\/uploads\/2025\/09\/ipc-hdw2449t-zs-il-27135_d.jpg?fit=1500%2C1344&ssl=1","type":"image\/jpeg"}],"twitter_card":"summary_large_image","twitter_misc":{"Est. reading time":"1 minute"},"schema":{"@context":"https:\/\/schema.org","@graph":[{"@type":"WebPage","@id":"https:\/\/dashboard.dcelectronicapty.com\/index.php\/producto\/camara-domo-ip-4mp-lente-2-8mm-wizsense\/","url":"https:\/\/dashboard.dcelectronicapty.com\/index.php\/producto\/camara-domo-ip-4mp-lente-2-8mm-wizsense\/","name":"CAMARA DOMO IP 4MP LENTE 2.8MM WIZSENSE - DC Electronica","isPartOf":{"@id":"https:\/\/dashboard.dcelectronicapty.com\/#website"},"primaryImageOfPage":{"@id":"https:\/\/dashboard.dcelectronicapty.com\/index.php\/producto\/camara-domo-ip-4mp-lente-2-8mm-wizsense\/#primaryimage"},"image":{"@id":"https:\/\/dashboard.dcelectronicapty.com\/index.php\/producto\/camara-domo-ip-4mp-lente-2-8mm-wizsense\/#primaryimage"},"thumbnailUrl":"https:\/\/i0.wp.com\/dashboard.dcelectronicapty.com\/wp-content\/uploads\/2025\/09\/ipc-hdw2449t-zs-il-27135_d.jpg?fit=1500%2C1344&ssl=1","datePublished":"2025-09-05T17:38:06+00:00","dateModified":"2025-09-05T17:40:24+00:00","breadcrumb":{"@id":"https:\/\/dashboard.dcelectronicapty.com\/index.php\/producto\/camara-domo-ip-4mp-lente-2-8mm-wizsense\/#breadcrumb"},"inLanguage":"en-US","potentialAction":[{"@type":"ReadAction","target":["https:\/\/dashboard.dcelectronicapty.com\/index.php\/producto\/camara-domo-ip-4mp-lente-2-8mm-wizsense\/"]}]},{"@type":"ImageObject","inLanguage":"en-US","@id":"https:\/\/dashboard.dcelectronicapty.com\/index.php\/producto\/camara-domo-ip-4mp-lente-2-8mm-wizsense\/#primaryimage","url":"https:\/\/i0.wp.com\/dashboard.dcelectronicapty.com\/wp-content\/uploads\/2025\/09\/ipc-hdw2449t-zs-il-27135_d.jpg?fit=1500%2C1344&ssl=1","contentUrl":"https:\/\/i0.wp.com\/dashboard.dcelectronicapty.com\/wp-content\/uploads\/2025\/09\/ipc-hdw2449t-zs-il-27135_d.jpg?fit=1500%2C1344&ssl=1","width":1500,"height":1344},{"@type":"BreadcrumbList","@id":"https:\/\/dashboard.dcelectronicapty.com\/index.php\/producto\/camara-domo-ip-4mp-lente-2-8mm-wizsense\/#breadcrumb","itemListElement":[{"@type":"ListItem","position":1,"name":"Home","item":"https:\/\/dashboard.dcelectronicapty.com\/"},{"@type":"ListItem","position":2,"name":"Tienda","item":"https:\/\/dashboard.dcelectronicapty.com\/index.php\/tienda\/"},{"@type":"ListItem","position":3,"name":"CAMARA DOMO IP 4MP LENTE 2.8MM WIZSENSE"}]},{"@type":"WebSite","@id":"https:\/\/dashboard.dcelectronicapty.com\/#website","url":"https:\/\/dashboard.dcelectronicapty.com\/","name":"DC Electronica","description":"","publisher":{"@id":"https:\/\/dashboard.dcelectronicapty.com\/#organization"},"potentialAction":[{"@type":"SearchAction","target":{"@type":"EntryPoint","urlTemplate":"https:\/\/dashboard.dcelectronicapty.com\/?s={search_term_string}"},"query-input":{"@type":"PropertyValueSpecification","valueRequired":true,"valueName":"search_term_string"}}],"inLanguage":"en-US"},{"@type":"Organization","@id":"https:\/\/dashboard.dcelectronicapty.com\/#organization","name":"DC Electronica","url":"https:\/\/dashboard.dcelectronicapty.com\/","logo":{"@type":"ImageObject","inLanguage":"en-US","@id":"https:\/\/dashboard.dcelectronicapty.com\/#\/schema\/logo\/image\/","url":"https:\/\/i0.wp.com\/dashboard.dcelectronicapty.com\/wp-content\/uploads\/2023\/02\/cropped-cropped-Logo.png?fit=241%2C195&ssl=1","contentUrl":"https:\/\/i0.wp.com\/dashboard.dcelectronicapty.com\/wp-content\/uploads\/2023\/02\/cropped-cropped-Logo.png?fit=241%2C195&ssl=1","width":241,"height":195,"caption":"DC Electronica"},"image":{"@id":"https:\/\/dashboard.dcelectronicapty.com\/#\/schema\/logo\/image\/"},"sameAs":["https:\/\/www.facebook.com\/dcelectronicapty","https:\/\/www.instagram.com\/dcelectronicapty\/"]}]}},"_links":{"self":[{"href":"https:\/\/dashboard.dcelectronicapty.com\/index.php\/wp-json\/wp\/v2\/product\/987","targetHints":{"allow":["GET"]}}],"collection":[{"href":"https:\/\/dashboard.dcelectronicapty.com\/index.php\/wp-json\/wp\/v2\/product"}],"about":[{"href":"https:\/\/dashboard.dcelectronicapty.com\/index.php\/wp-json\/wp\/v2\/types\/product"}],"replies":[{"embeddable":true,"href":"https:\/\/dashboard.dcelectronicapty.com\/index.php\/wp-json\/wp\/v2\/comments?post=987"}],"wp:featuredmedia":[{"embeddable":true,"href":"https:\/\/dashboard.dcelectronicapty.com\/index.php\/wp-json\/wp\/v2\/media\/986"}],"wp:attachment":[{"href":"https:\/\/dashboard.dcelectronicapty.com\/index.php\/wp-json\/wp\/v2\/media?parent=987"}],"wp:term":[{"taxonomy":"product_cat","embeddable":true,"href":"https:\/\/dashboard.dcelectronicapty.com\/index.php\/wp-json\/wp\/v2\/product_cat?post=987"},{"taxonomy":"product_tag","embeddable":true,"href":"https:\/\/dashboard.dcelectronicapty.com\/index.php\/wp-json\/wp\/v2\/product_tag?post=987"}],"curies":[{"name":"wp","href":"https:\/\/api.w.org\/{rel}","templated":true}]}}