{"id":989,"date":"2025-09-05T17:40:44","date_gmt":"2025-09-05T17:40:44","guid":{"rendered":"https:\/\/dashboard.dcelectronicapty.com\/?post_type=product&#038;p=989"},"modified":"2025-09-05T18:07:43","modified_gmt":"2025-09-05T18:07:43","slug":"camara-bullet-ip-2mp-lente-2-8mm","status":"publish","type":"product","link":"https:\/\/dashboard.dcelectronicapty.com\/index.php\/producto\/camara-bullet-ip-2mp-lente-2-8mm\/","title":{"rendered":"CAMARA BULLET IP 2MP LENTE 2.8MM"},"content":{"rendered":"<p>IPC-HFW1230S1-A-S5<\/p>\n<p>C\u00e1mara de red tipo bala con foco fijo e IR de 2 MP<\/p>\n<p>&gt; Sensor de imagen CMOS de 2 MP y 1\/2,8&#8243;, baja luminosidad e imagen de alta definici\u00f3n.<br \/>\n&gt; Salida m\u00e1xima de 2 MP (1920 \u00d7 1080) a 25\/30 fps.<br \/>\n&gt; C\u00f3dec H.265, alta tasa de compresi\u00f3n, velocidad de bits ultrabaja.<br \/>\n&gt; LED IR integrado y distancia m\u00e1xima de iluminaci\u00f3n de 30 m.<br \/>\n&gt; ROI, SMART H.264+\/H.265+, codificaci\u00f3n flexible, aplicable a diversos entornos de ancho de banda y almacenamiento.<br \/>\n&gt; Modo de rotaci\u00f3n, DWDR, 3D NR, HLC, BLC, marca de agua digital, aplicable a diversas escenas de vigilancia.<br \/>\n&gt; Detecci\u00f3n de anomal\u00edas: detecci\u00f3n de movimiento, manipulaci\u00f3n de v\u00eddeo, desconexi\u00f3n de red, conflicto de IP, detecci\u00f3n de audio y acceso ilegal.<br \/>\n&gt; MIC incorporado.<br \/>\n&gt; Fuente de alimentaci\u00f3n de 12 VCC\/PoE.<br \/>\n&gt; Protecci\u00f3n IP67.<\/p>\n<p>ESPECIFICACIONES<\/p>\n<p><a style=\"font-size: 16px; background-color: #ffffff;\" href=\"https:\/\/material.dahuasecurity.com\/uploads\/cpq\/prm-os-srv-res\/smart\/datasheetzipfiles\/IPC-HFW1230S1-A-S5_datasheet_20210929.pdf\">https:\/\/material.dahuasecurity.com\/uploads\/cpq\/prm-os-srv-res\/smart\/datasheetzipfiles\/IPC-HFW1230S1-A-S5_datasheet_20210929.pdf<\/a><\/p>\n","protected":false},"excerpt":{"rendered":"<p>IPC-HFW1230S1-A-S5 C\u00e1mara de red tipo bala con foco fijo e IR de 2 MP &gt; Sensor de imagen CMOS de 2 MP y 1\/2,8&#8243;, baja luminosidad e imagen de alta definici\u00f3n. &gt; Salida m\u00e1xima de 2 MP (1920 \u00d7 1080) a 25\/30 fps. &gt; C\u00f3dec H.265, alta tasa de compresi\u00f3n, velocidad de bits ultrabaja. &gt; &hellip;<\/p>\n<p class=\"read-more\"> <a class=\"\" href=\"https:\/\/dashboard.dcelectronicapty.com\/index.php\/producto\/camara-bullet-ip-2mp-lente-2-8mm\/\"> <span class=\"screen-reader-text\">CAMARA BULLET IP 2MP LENTE 2.8MM<\/span> Read More &raquo;<\/a><\/p>\n","protected":false},"featured_media":999,"comment_status":"open","ping_status":"closed","template":"","meta":{"site-sidebar-layout":"default","site-content-layout":"default","ast-global-header-display":"","ast-main-header-display":"","ast-hfb-above-header-display":"","ast-hfb-below-header-display":"","ast-hfb-mobile-header-display":"","site-post-title":"","ast-breadcrumbs-content":"","ast-featured-img":"","footer-sml-layout":"","theme-transparent-header-meta":"default","adv-header-id-meta":"","stick-header-meta":"","header-above-stick-meta":"","header-main-stick-meta":"","header-below-stick-meta":"","_joinchat":[]},"product_cat":[74,75,76,81],"product_tag":[],"class_list":["post-989","product","type-product","status-publish","has-post-thumbnail","hentry","product_cat-seguridad-electronica","product_cat-cctv","product_cat-ip","product_cat-bullet-ip"],"yoast_head":"<!-- This site is optimized with the Yoast SEO plugin v27.1.1 - https:\/\/yoast.com\/product\/yoast-seo-wordpress\/ -->\n<title>CAMARA BULLET IP 2MP LENTE 2.8MM - DC Electronica<\/title>\n<meta name=\"robots\" content=\"index, follow, max-snippet:-1, max-image-preview:large, max-video-preview:-1\" \/>\n<link rel=\"canonical\" href=\"https:\/\/dashboard.dcelectronicapty.com\/index.php\/producto\/camara-bullet-ip-2mp-lente-2-8mm\/\" \/>\n<meta property=\"og:locale\" content=\"en_US\" \/>\n<meta property=\"og:type\" content=\"article\" \/>\n<meta property=\"og:title\" content=\"CAMARA BULLET IP 2MP LENTE 2.8MM - DC Electronica\" \/>\n<meta property=\"og:description\" content=\"IPC-HFW1230S1-A-S5 C\u00e1mara de red tipo bala con foco fijo e IR de 2 MP &gt; Sensor de imagen CMOS de 2 MP y 1\/2,8&#8243;, baja luminosidad e imagen de alta definici\u00f3n. &gt; Salida m\u00e1xima de 2 MP (1920 \u00d7 1080) a 25\/30 fps. &gt; C\u00f3dec H.265, alta tasa de compresi\u00f3n, velocidad de bits ultrabaja. &gt; &hellip; CAMARA BULLET IP 2MP LENTE 2.8MM Read More &raquo;\" \/>\n<meta property=\"og:url\" content=\"https:\/\/dashboard.dcelectronicapty.com\/index.php\/producto\/camara-bullet-ip-2mp-lente-2-8mm\/\" \/>\n<meta property=\"og:site_name\" content=\"DC Electronica\" \/>\n<meta property=\"article:publisher\" content=\"https:\/\/www.facebook.com\/dcelectronicapty\" \/>\n<meta property=\"article:modified_time\" content=\"2025-09-05T18:07:43+00:00\" \/>\n<meta property=\"og:image\" content=\"https:\/\/i0.wp.com\/dashboard.dcelectronicapty.com\/wp-content\/uploads\/2025\/09\/DH-IPC-HFW1230S1N-0280B-S4.jpg?fit=500%2C500&ssl=1\" \/>\n\t<meta property=\"og:image:width\" content=\"500\" \/>\n\t<meta property=\"og:image:height\" content=\"500\" \/>\n\t<meta property=\"og:image:type\" content=\"image\/jpeg\" \/>\n<meta name=\"twitter:card\" content=\"summary_large_image\" \/>\n<meta name=\"twitter:label1\" content=\"Est. reading time\" \/>\n\t<meta name=\"twitter:data1\" content=\"1 minute\" \/>\n<script type=\"application\/ld+json\" class=\"yoast-schema-graph\">{\"@context\":\"https:\/\/schema.org\",\"@graph\":[{\"@type\":\"WebPage\",\"@id\":\"https:\/\/dashboard.dcelectronicapty.com\/index.php\/producto\/camara-bullet-ip-2mp-lente-2-8mm\/\",\"url\":\"https:\/\/dashboard.dcelectronicapty.com\/index.php\/producto\/camara-bullet-ip-2mp-lente-2-8mm\/\",\"name\":\"CAMARA BULLET IP 2MP LENTE 2.8MM - DC Electronica\",\"isPartOf\":{\"@id\":\"https:\/\/dashboard.dcelectronicapty.com\/#website\"},\"primaryImageOfPage\":{\"@id\":\"https:\/\/dashboard.dcelectronicapty.com\/index.php\/producto\/camara-bullet-ip-2mp-lente-2-8mm\/#primaryimage\"},\"image\":{\"@id\":\"https:\/\/dashboard.dcelectronicapty.com\/index.php\/producto\/camara-bullet-ip-2mp-lente-2-8mm\/#primaryimage\"},\"thumbnailUrl\":\"https:\/\/i0.wp.com\/dashboard.dcelectronicapty.com\/wp-content\/uploads\/2025\/09\/DH-IPC-HFW1230S1N-0280B-S4.jpg?fit=500%2C500&ssl=1\",\"datePublished\":\"2025-09-05T17:40:44+00:00\",\"dateModified\":\"2025-09-05T18:07:43+00:00\",\"breadcrumb\":{\"@id\":\"https:\/\/dashboard.dcelectronicapty.com\/index.php\/producto\/camara-bullet-ip-2mp-lente-2-8mm\/#breadcrumb\"},\"inLanguage\":\"en-US\",\"potentialAction\":[{\"@type\":\"ReadAction\",\"target\":[\"https:\/\/dashboard.dcelectronicapty.com\/index.php\/producto\/camara-bullet-ip-2mp-lente-2-8mm\/\"]}]},{\"@type\":\"ImageObject\",\"inLanguage\":\"en-US\",\"@id\":\"https:\/\/dashboard.dcelectronicapty.com\/index.php\/producto\/camara-bullet-ip-2mp-lente-2-8mm\/#primaryimage\",\"url\":\"https:\/\/i0.wp.com\/dashboard.dcelectronicapty.com\/wp-content\/uploads\/2025\/09\/DH-IPC-HFW1230S1N-0280B-S4.jpg?fit=500%2C500&ssl=1\",\"contentUrl\":\"https:\/\/i0.wp.com\/dashboard.dcelectronicapty.com\/wp-content\/uploads\/2025\/09\/DH-IPC-HFW1230S1N-0280B-S4.jpg?fit=500%2C500&ssl=1\",\"width\":500,\"height\":500},{\"@type\":\"BreadcrumbList\",\"@id\":\"https:\/\/dashboard.dcelectronicapty.com\/index.php\/producto\/camara-bullet-ip-2mp-lente-2-8mm\/#breadcrumb\",\"itemListElement\":[{\"@type\":\"ListItem\",\"position\":1,\"name\":\"Home\",\"item\":\"https:\/\/dashboard.dcelectronicapty.com\/\"},{\"@type\":\"ListItem\",\"position\":2,\"name\":\"Tienda\",\"item\":\"https:\/\/dashboard.dcelectronicapty.com\/index.php\/tienda\/\"},{\"@type\":\"ListItem\",\"position\":3,\"name\":\"CAMARA BULLET IP 2MP LENTE 2.8MM\"}]},{\"@type\":\"WebSite\",\"@id\":\"https:\/\/dashboard.dcelectronicapty.com\/#website\",\"url\":\"https:\/\/dashboard.dcelectronicapty.com\/\",\"name\":\"DC Electronica\",\"description\":\"\",\"publisher\":{\"@id\":\"https:\/\/dashboard.dcelectronicapty.com\/#organization\"},\"potentialAction\":[{\"@type\":\"SearchAction\",\"target\":{\"@type\":\"EntryPoint\",\"urlTemplate\":\"https:\/\/dashboard.dcelectronicapty.com\/?s={search_term_string}\"},\"query-input\":{\"@type\":\"PropertyValueSpecification\",\"valueRequired\":true,\"valueName\":\"search_term_string\"}}],\"inLanguage\":\"en-US\"},{\"@type\":\"Organization\",\"@id\":\"https:\/\/dashboard.dcelectronicapty.com\/#organization\",\"name\":\"DC Electronica\",\"url\":\"https:\/\/dashboard.dcelectronicapty.com\/\",\"logo\":{\"@type\":\"ImageObject\",\"inLanguage\":\"en-US\",\"@id\":\"https:\/\/dashboard.dcelectronicapty.com\/#\/schema\/logo\/image\/\",\"url\":\"https:\/\/i0.wp.com\/dashboard.dcelectronicapty.com\/wp-content\/uploads\/2023\/02\/cropped-cropped-Logo.png?fit=241%2C195&ssl=1\",\"contentUrl\":\"https:\/\/i0.wp.com\/dashboard.dcelectronicapty.com\/wp-content\/uploads\/2023\/02\/cropped-cropped-Logo.png?fit=241%2C195&ssl=1\",\"width\":241,\"height\":195,\"caption\":\"DC Electronica\"},\"image\":{\"@id\":\"https:\/\/dashboard.dcelectronicapty.com\/#\/schema\/logo\/image\/\"},\"sameAs\":[\"https:\/\/www.facebook.com\/dcelectronicapty\",\"https:\/\/www.instagram.com\/dcelectronicapty\/\"]}]}<\/script>\n<!-- \/ Yoast SEO plugin. -->","yoast_head_json":{"title":"CAMARA BULLET IP 2MP LENTE 2.8MM - DC Electronica","robots":{"index":"index","follow":"follow","max-snippet":"max-snippet:-1","max-image-preview":"max-image-preview:large","max-video-preview":"max-video-preview:-1"},"canonical":"https:\/\/dashboard.dcelectronicapty.com\/index.php\/producto\/camara-bullet-ip-2mp-lente-2-8mm\/","og_locale":"en_US","og_type":"article","og_title":"CAMARA BULLET IP 2MP LENTE 2.8MM - DC Electronica","og_description":"IPC-HFW1230S1-A-S5 C\u00e1mara de red tipo bala con foco fijo e IR de 2 MP &gt; Sensor de imagen CMOS de 2 MP y 1\/2,8&#8243;, baja luminosidad e imagen de alta definici\u00f3n. &gt; Salida m\u00e1xima de 2 MP (1920 \u00d7 1080) a 25\/30 fps. &gt; C\u00f3dec H.265, alta tasa de compresi\u00f3n, velocidad de bits ultrabaja. &gt; &hellip; CAMARA BULLET IP 2MP LENTE 2.8MM Read More &raquo;","og_url":"https:\/\/dashboard.dcelectronicapty.com\/index.php\/producto\/camara-bullet-ip-2mp-lente-2-8mm\/","og_site_name":"DC Electronica","article_publisher":"https:\/\/www.facebook.com\/dcelectronicapty","article_modified_time":"2025-09-05T18:07:43+00:00","og_image":[{"width":500,"height":500,"url":"https:\/\/i0.wp.com\/dashboard.dcelectronicapty.com\/wp-content\/uploads\/2025\/09\/DH-IPC-HFW1230S1N-0280B-S4.jpg?fit=500%2C500&ssl=1","type":"image\/jpeg"}],"twitter_card":"summary_large_image","twitter_misc":{"Est. reading time":"1 minute"},"schema":{"@context":"https:\/\/schema.org","@graph":[{"@type":"WebPage","@id":"https:\/\/dashboard.dcelectronicapty.com\/index.php\/producto\/camara-bullet-ip-2mp-lente-2-8mm\/","url":"https:\/\/dashboard.dcelectronicapty.com\/index.php\/producto\/camara-bullet-ip-2mp-lente-2-8mm\/","name":"CAMARA BULLET IP 2MP LENTE 2.8MM - DC Electronica","isPartOf":{"@id":"https:\/\/dashboard.dcelectronicapty.com\/#website"},"primaryImageOfPage":{"@id":"https:\/\/dashboard.dcelectronicapty.com\/index.php\/producto\/camara-bullet-ip-2mp-lente-2-8mm\/#primaryimage"},"image":{"@id":"https:\/\/dashboard.dcelectronicapty.com\/index.php\/producto\/camara-bullet-ip-2mp-lente-2-8mm\/#primaryimage"},"thumbnailUrl":"https:\/\/i0.wp.com\/dashboard.dcelectronicapty.com\/wp-content\/uploads\/2025\/09\/DH-IPC-HFW1230S1N-0280B-S4.jpg?fit=500%2C500&ssl=1","datePublished":"2025-09-05T17:40:44+00:00","dateModified":"2025-09-05T18:07:43+00:00","breadcrumb":{"@id":"https:\/\/dashboard.dcelectronicapty.com\/index.php\/producto\/camara-bullet-ip-2mp-lente-2-8mm\/#breadcrumb"},"inLanguage":"en-US","potentialAction":[{"@type":"ReadAction","target":["https:\/\/dashboard.dcelectronicapty.com\/index.php\/producto\/camara-bullet-ip-2mp-lente-2-8mm\/"]}]},{"@type":"ImageObject","inLanguage":"en-US","@id":"https:\/\/dashboard.dcelectronicapty.com\/index.php\/producto\/camara-bullet-ip-2mp-lente-2-8mm\/#primaryimage","url":"https:\/\/i0.wp.com\/dashboard.dcelectronicapty.com\/wp-content\/uploads\/2025\/09\/DH-IPC-HFW1230S1N-0280B-S4.jpg?fit=500%2C500&ssl=1","contentUrl":"https:\/\/i0.wp.com\/dashboard.dcelectronicapty.com\/wp-content\/uploads\/2025\/09\/DH-IPC-HFW1230S1N-0280B-S4.jpg?fit=500%2C500&ssl=1","width":500,"height":500},{"@type":"BreadcrumbList","@id":"https:\/\/dashboard.dcelectronicapty.com\/index.php\/producto\/camara-bullet-ip-2mp-lente-2-8mm\/#breadcrumb","itemListElement":[{"@type":"ListItem","position":1,"name":"Home","item":"https:\/\/dashboard.dcelectronicapty.com\/"},{"@type":"ListItem","position":2,"name":"Tienda","item":"https:\/\/dashboard.dcelectronicapty.com\/index.php\/tienda\/"},{"@type":"ListItem","position":3,"name":"CAMARA BULLET IP 2MP LENTE 2.8MM"}]},{"@type":"WebSite","@id":"https:\/\/dashboard.dcelectronicapty.com\/#website","url":"https:\/\/dashboard.dcelectronicapty.com\/","name":"DC Electronica","description":"","publisher":{"@id":"https:\/\/dashboard.dcelectronicapty.com\/#organization"},"potentialAction":[{"@type":"SearchAction","target":{"@type":"EntryPoint","urlTemplate":"https:\/\/dashboard.dcelectronicapty.com\/?s={search_term_string}"},"query-input":{"@type":"PropertyValueSpecification","valueRequired":true,"valueName":"search_term_string"}}],"inLanguage":"en-US"},{"@type":"Organization","@id":"https:\/\/dashboard.dcelectronicapty.com\/#organization","name":"DC Electronica","url":"https:\/\/dashboard.dcelectronicapty.com\/","logo":{"@type":"ImageObject","inLanguage":"en-US","@id":"https:\/\/dashboard.dcelectronicapty.com\/#\/schema\/logo\/image\/","url":"https:\/\/i0.wp.com\/dashboard.dcelectronicapty.com\/wp-content\/uploads\/2023\/02\/cropped-cropped-Logo.png?fit=241%2C195&ssl=1","contentUrl":"https:\/\/i0.wp.com\/dashboard.dcelectronicapty.com\/wp-content\/uploads\/2023\/02\/cropped-cropped-Logo.png?fit=241%2C195&ssl=1","width":241,"height":195,"caption":"DC Electronica"},"image":{"@id":"https:\/\/dashboard.dcelectronicapty.com\/#\/schema\/logo\/image\/"},"sameAs":["https:\/\/www.facebook.com\/dcelectronicapty","https:\/\/www.instagram.com\/dcelectronicapty\/"]}]}},"_links":{"self":[{"href":"https:\/\/dashboard.dcelectronicapty.com\/index.php\/wp-json\/wp\/v2\/product\/989","targetHints":{"allow":["GET"]}}],"collection":[{"href":"https:\/\/dashboard.dcelectronicapty.com\/index.php\/wp-json\/wp\/v2\/product"}],"about":[{"href":"https:\/\/dashboard.dcelectronicapty.com\/index.php\/wp-json\/wp\/v2\/types\/product"}],"replies":[{"embeddable":true,"href":"https:\/\/dashboard.dcelectronicapty.com\/index.php\/wp-json\/wp\/v2\/comments?post=989"}],"wp:featuredmedia":[{"embeddable":true,"href":"https:\/\/dashboard.dcelectronicapty.com\/index.php\/wp-json\/wp\/v2\/media\/999"}],"wp:attachment":[{"href":"https:\/\/dashboard.dcelectronicapty.com\/index.php\/wp-json\/wp\/v2\/media?parent=989"}],"wp:term":[{"taxonomy":"product_cat","embeddable":true,"href":"https:\/\/dashboard.dcelectronicapty.com\/index.php\/wp-json\/wp\/v2\/product_cat?post=989"},{"taxonomy":"product_tag","embeddable":true,"href":"https:\/\/dashboard.dcelectronicapty.com\/index.php\/wp-json\/wp\/v2\/product_tag?post=989"}],"curies":[{"name":"wp","href":"https:\/\/api.w.org\/{rel}","templated":true}]}}